{"id":460,"date":"2024-02-02T19:46:42","date_gmt":"2024-02-02T19:46:42","guid":{"rendered":"https:\/\/library.brown.edu\/create\/brasiliana\/?page_id=460"},"modified":"2024-02-02T20:55:15","modified_gmt":"2024-02-02T20:55:15","slug":"bem-vindos-a-colecao-brasiliana","status":"publish","type":"page","link":"https:\/\/library.brown.edu\/create\/brasiliana\/bem-vindos-a-colecao-brasiliana\/","title":{"rendered":"Bem-vindos \u00e0 Cole\u00e7\u00e3o Brasiliana!"},"content":{"rendered":"\n<p>A biblioteca da Brown University selou seu compromisso com as mais diversas pesquisas acad\u00eamicas relacionadas ao Brasil atrav\u00e9s da cole\u00e7\u00e3o Brasiliana que corresponde a um reposit\u00f3rio de materiais especiais que comunicam aspectos hist\u00f3ricos, pol\u00edticos, econ\u00f4micos, sociais, culturais e art\u00edsticos do Brasil. Alinhada com as diretrizes da Brown University sobre diversidade, inclus\u00e3o e equidade, a cole\u00e7\u00e3o Brasiliana disponibiliza materiais que representam a heterogeneidade da cultura brasileira e que facilitem o acesso \u00e0 vozes n\u00e3o-mediadas.<\/p>\n\n\n\n<p>Com uma evidente miss\u00e3o interdisciplinar, Brasiliana \u00e9 composta por um mosaico de cole\u00e7\u00f5es polif\u00f4nicas que s\u00e3o representadas, por exemplo, pela significativa aquisi\u00e7\u00e3o da cole\u00e7\u00e3o privada de <a href=\"https:\/\/library.brown.edu\/create\/brasiliana\/church\/\" data-type=\"page\" data-id=\"169\">George Earl Church<\/a> (1835-1910) em 1912 e tamb\u00e9m por uma das mais proeminentes cole\u00e7\u00f5es especiais da literatura de cordel fora do Brasil. O objetivo da cole\u00e7\u00e3o Brasiliana \u00e9 promover e disponibilizar uma multitude de vozes que representam o Brasil, e que elas sejam alcan\u00e7adas tanto por alunos da gradua\u00e7\u00e3o e p\u00f3s-gradua\u00e7\u00e3o, quanto por pesquisadores e professores. Este reposit\u00f3rio \u00e9 composto por cole\u00e7\u00f5es especiais de diversas \u00e9pocas, e tamb\u00e9m por projetos digitais que atendem as necessidades de pesquisa e ensino provenientes de diversos campos das humanidades e das ci\u00eancias sociais.<\/p>\n\n\n\n<p>O foco da cole\u00e7\u00e3o Brasiliana \u00e9 oferecer materiais que possam ser utilizados de maneira pr\u00e1tica e que sejam ferramentas para o ensino nas salas de aula. As cole\u00e7\u00f5es especiais que fazem parte da Brasiliana s\u00e3o curadas e organizadas de acordo com as <a href=\"https:\/\/library.brown.edu\/hay\/collectionpolicy\/\" data-type=\"link\" data-id=\"https:\/\/library.brown.edu\/hay\/collectionpolicy\/\">orienta\u00e7\u00f5es de cole\u00e7\u00e3o da Biblioteca John Hay<\/a> e para apoiar o planejamento did\u00e1tico com fontes prim\u00e1rias na Brown University. Com o objetivo de atingir uma comunidade global de estudantes, de acad\u00eamicos, e do grande p\u00fablico, Brasiliana fornece acesso \u00e0 materiais, exposi\u00e7\u00f5es, programa\u00e7\u00f5es, e tamb\u00e9m ap\u00f3ia pesquisas. Assim, os materiais s\u00e3o alocados de acordo com as necessidades e tend\u00eancias presentes nos curr\u00edculos da universidade. Os materiais disponibilizados pela cole\u00e7\u00e3o Brasiliana atendem, especialmente, o curr\u00edculo de excel\u00eancia do <a href=\"https:\/\/portuguese-brazilian.brown.edu\/\" data-type=\"link\" data-id=\"https:\/\/portuguese-brazilian.brown.edu\/\">Departamento de Estudos Portugueses e Brasileiros<\/a>, da <a href=\"https:\/\/watson.brown.edu\/brazil\/\" data-type=\"link\" data-id=\"https:\/\/watson.brown.edu\/brazil\/\">Iniciativa Brasileira do Instituto Watson<\/a>, do <a href=\"https:\/\/watson.brown.edu\/clacs\/\" data-type=\"link\" data-id=\"https:\/\/watson.brown.edu\/clacs\/\">Centro para Estudos Latino-Americanos e Caribenhos (CLACS)<\/a>, do <a href=\"https:\/\/history.brown.edu\/\" data-type=\"link\" data-id=\"https:\/\/history.brown.edu\/\">Departamento de Hist\u00f3ria<\/a>, e do <a href=\"https:\/\/africana.brown.edu\/\" data-type=\"link\" data-id=\"https:\/\/africana.brown.edu\/\">Departamento de Estudos Africanos<\/a>, da Brown University.<\/p>\n\n\n\n<p>Na crescente efervesc\u00eancia de estudos brasileiros nos Estados Unidos, faz-se cada vez mais necess\u00e1rio atender demandas acad\u00eamicas e possibilitar a imers\u00e3o no universo brasileiro por meio da literatura, hist\u00f3ria, educa\u00e7\u00e3o, antropologia, sociologia, rela\u00e7\u00f5es raciais, sa\u00fade p\u00fablica, m\u00fasica, religi\u00e3o, e tamb\u00e9m atrav\u00e9s dos estudos culturais, estudos \u00e9tnicos, e estudos ambientais. A cole\u00e7\u00e3o Brasiliana tem explorado novas \u00e1reas de conhecimento com o prop\u00f3sito de se tornar um portal cada vez mais engajado e relevante no campos dos estudos brasileiros.<\/p>\n\n\n\n<p>Para tal, o portal tem abrigado se\u00e7\u00f5es em desenvolvimento como Brazil Race and Gender e Literatura Marginal, e tamb\u00e9m acolhido projetos digitais como <a href=\"https:\/\/library.brown.edu\/create\/openingthearchives\/pt\/\" data-type=\"link\" data-id=\"https:\/\/repository.library.brown.edu\/studio\/collections\/bdr:318399\/\">Opening the Archives<\/a>, que re\u00fane documentos relacionados ao per\u00edodo da ditadura militar brasileira. Essas iniciativas ilustram o compromisso da cole\u00e7\u00e3o em promover, atrav\u00e9s de materiais \u00fanicos, a pesquisa interdisciplinar, o ensino e a aprendizagem, por meio da experimenta\u00e7\u00e3o e criatividade. Al\u00e9m disso, Brasiliana busca ser um reposit\u00f3rio de refer\u00eancia mundial para a promo\u00e7\u00e3o e a apoio \u00e0 iniciativas que estejam comprometidas com a diversidade, inclus\u00e3o e equidade.<\/p>\n","protected":false},"excerpt":{"rendered":"<p>A biblioteca da Brown University selou seu compromisso com as mais diversas pesquisas acad\u00eamicas relacionadas ao Brasil atrav\u00e9s da cole\u00e7\u00e3o Brasiliana que corresponde a um reposit\u00f3rio de materiais especiais que comunicam aspectos hist\u00f3ricos, pol\u00edticos, econ\u00f4micos, sociais, culturais e art\u00edsticos do &hellip; <a href=\"https:\/\/library.brown.edu\/create\/brasiliana\/bem-vindos-a-colecao-brasiliana\/\">Continue reading <span class=\"meta-nav\">&rarr;<\/span><\/a><\/p>\n","protected":false},"author":25,"featured_media":0,"parent":0,"menu_order":0,"comment_status":"closed","ping_status":"closed","template":"sidebar-page.php","meta":{"footnotes":""},"class_list":["post-460","page","type-page","status-publish","hentry"],"_links":{"self":[{"href":"https:\/\/library.brown.edu\/create\/brasiliana\/wp-json\/wp\/v2\/pages\/460","targetHints":{"allow":["GET"]}}],"collection":[{"href":"https:\/\/library.brown.edu\/create\/brasiliana\/wp-json\/wp\/v2\/pages"}],"about":[{"href":"https:\/\/library.brown.edu\/create\/brasiliana\/wp-json\/wp\/v2\/types\/page"}],"author":[{"embeddable":true,"href":"https:\/\/library.brown.edu\/create\/brasiliana\/wp-json\/wp\/v2\/users\/25"}],"replies":[{"embeddable":true,"href":"https:\/\/library.brown.edu\/create\/brasiliana\/wp-json\/wp\/v2\/comments?post=460"}],"version-history":[{"count":4,"href":"https:\/\/library.brown.edu\/create\/brasiliana\/wp-json\/wp\/v2\/pages\/460\/revisions"}],"predecessor-version":[{"id":468,"href":"https:\/\/library.brown.edu\/create\/brasiliana\/wp-json\/wp\/v2\/pages\/460\/revisions\/468"}],"wp:attachment":[{"href":"https:\/\/library.brown.edu\/create\/brasiliana\/wp-json\/wp\/v2\/media?parent=460"}],"curies":[{"name":"wp","href":"https:\/\/api.w.org\/{rel}","templated":true}]}}