{"id":15,"date":"2014-10-10T13:41:12","date_gmt":"2014-10-10T13:41:12","guid":{"rendered":"http:\/\/library.brown.edu\/brazilundervargas\/?page_id=15"},"modified":"2014-10-10T13:41:12","modified_gmt":"2014-10-10T13:41:12","slug":"resources","status":"publish","type":"page","link":"https:\/\/library.brown.edu\/create\/brazilundervargas\/resources\/","title":{"rendered":"Resources"},"content":{"rendered":"<p><strong style=\"line-height: 1.714285714;font-size: 1rem\">Funda\u00e7\u00e3o Get\u00falio Vargas<\/strong><br \/>\n<a href=\"http:\/\/portal.fgv.br\/en\" target=\"_blank\">http:\/\/portal.fgv.br\/en<\/a> (English Version)<br \/>\n<a href=\"http:\/\/portal.fgv.br\/\" target=\"_blank\">http:\/\/portal.fgv.br\/ <\/a>(Portuguese Version)<\/p>\n<p><strong>Memorial Get\u00falio Vargas<\/strong><br \/>\n<a href=\"http:\/\/www0.rio.rj.gov.br\/memorialgetuliovargas\/\" target=\"_blank\">http:\/\/www0.rio.rj.gov.br\/memorialgetuliovargas\/<\/a><\/p>\n<p><strong>National Archives and Records Administration<\/strong><br \/>\n<a href=\"http:\/\/www.archives.gov\/\">http:\/\/www.archives.gov\/<\/a><\/p>\n<p><strong>Funda\u00e7\u00e3o Casa de Rui Barbosa<\/strong><br \/>\n<a href=\"http:\/\/www.casaruibarbosa.gov.br\/\">http:\/\/www.casaruibarbosa.gov.br\/<\/a><\/p>\n<p><strong>Iberian, Latin American, and Latino Resources, Brown University Library<\/strong><br \/>\n<a href=\"http:\/\/www.brown.edu\/Facilities\/University_Library\/subguides\/ibero\/index.html\">http:\/\/www.brown.edu\/Facilities\/University_Library\/subguides\/ibero\/index.html<\/a><\/p>\n<p><strong>Brazilian Government Documents, 1821-1993 (Digitized), Center for Research Libraries<\/strong><br \/>\n<a href=\"http:\/\/www-apps.crl.edu\/brazil?l1=4&amp;l2=18&amp;l3=33\">http:\/\/www-apps.crl.edu\/brazil?l1=4&amp;l2=18&amp;l3=33<\/a><\/p>\n<p><strong>Brazilian Music Research Guide, Columbia University<\/strong><br \/>\n<a href=\"http:\/\/library.columbia.edu\/subject-guides\/latinamerica\/brazilian_music.html\">http:\/\/library.columbia.edu\/subject-guides\/latinamerica\/brazilian_music.html<\/a><\/p>\n","protected":false},"excerpt":{"rendered":"<p>Funda\u00e7\u00e3o Get\u00falio Vargas http:\/\/portal.fgv.br\/en (English Version) http:\/\/portal.fgv.br\/ (Portuguese Version) Memorial Get\u00falio Vargas http:\/\/www0.rio.rj.gov.br\/memorialgetuliovargas\/ National Archives and Records Administration http:\/\/www.archives.gov\/ Funda\u00e7\u00e3o Casa de Rui Barbosa http:\/\/www.casaruibarbosa.gov.br\/ Iberian, Latin American, and Latino Resources, Brown University Library http:\/\/www.brown.edu\/Facilities\/University_Library\/subguides\/ibero\/index.html Brazilian Government Documents, 1821-1993 (Digitized), Center for Research Libraries http:\/\/www-apps.crl.edu\/brazil?l1=4&amp;l2=18&amp;l3=33 Brazilian Music Research Guide, Columbia University http:\/\/library.columbia.edu\/subject-guides\/latinamerica\/brazilian_music.html<\/p>\n","protected":false},"author":6,"featured_media":0,"parent":0,"menu_order":5,"comment_status":"closed","ping_status":"closed","template":"","meta":{"footnotes":""},"class_list":["post-15","page","type-page","status-publish","hentry"],"_links":{"self":[{"href":"https:\/\/library.brown.edu\/create\/brazilundervargas\/wp-json\/wp\/v2\/pages\/15","targetHints":{"allow":["GET"]}}],"collection":[{"href":"https:\/\/library.brown.edu\/create\/brazilundervargas\/wp-json\/wp\/v2\/pages"}],"about":[{"href":"https:\/\/library.brown.edu\/create\/brazilundervargas\/wp-json\/wp\/v2\/types\/page"}],"author":[{"embeddable":true,"href":"https:\/\/library.brown.edu\/create\/brazilundervargas\/wp-json\/wp\/v2\/users\/6"}],"replies":[{"embeddable":true,"href":"https:\/\/library.brown.edu\/create\/brazilundervargas\/wp-json\/wp\/v2\/comments?post=15"}],"version-history":[{"count":0,"href":"https:\/\/library.brown.edu\/create\/brazilundervargas\/wp-json\/wp\/v2\/pages\/15\/revisions"}],"wp:attachment":[{"href":"https:\/\/library.brown.edu\/create\/brazilundervargas\/wp-json\/wp\/v2\/media?parent=15"}],"curies":[{"name":"wp","href":"https:\/\/api.w.org\/{rel}","templated":true}]}}