{"id":124,"date":"2018-04-13T21:22:53","date_gmt":"2018-04-13T21:22:53","guid":{"rendered":"https:\/\/dlibwwwcit.services.brown.edu\/create\/concentrationfieldguide\/?page_id=124"},"modified":"2025-05-23T16:30:08","modified_gmt":"2025-05-23T20:30:08","slug":"material-of-the-week","status":"publish","type":"page","link":"https:\/\/library.brown.edu\/create\/concentrationfieldguide\/material-of-the-week\/","title":{"rendered":"Student Reflections"},"content":{"rendered":"\n<div style=\"height:10px\" aria-hidden=\"true\" class=\"wp-block-spacer\"><\/div>\n\n\n<nav style=\"font-style:normal;font-weight:600;\" class=\"has-medium-font-size is-responsive has-text-decoration-underline wp-block-navigation is-layout-flex wp-block-navigation-is-layout-flex\" aria-label=\"Concentration Field Guide\" \n\t\t data-wp-interactive=\"core\/navigation\" data-wp-context='{\"overlayOpenedBy\":{\"click\":false,\"hover\":false,\"focus\":false},\"type\":\"overlay\",\"roleAttribute\":\"\",\"ariaLabel\":\"Menu\"}'><button aria-haspopup=\"dialog\" aria-label=\"Open menu\" class=\"wp-block-navigation__responsive-container-open\" \n\t\t\t\tdata-wp-on--click=\"actions.openMenuOnClick\"\n\t\t\t\tdata-wp-on--keydown=\"actions.handleMenuKeydown\"\n\t\t\t><svg width=\"24\" height=\"24\" xmlns=\"http:\/\/www.w3.org\/2000\/svg\" viewBox=\"0 0 24 24\" aria-hidden=\"true\" focusable=\"false\"><path d=\"M4 7.5h16v1.5H4z\"><\/path><path d=\"M4 15h16v1.5H4z\"><\/path><\/svg><\/button>\n\t\t\t\t<div class=\"wp-block-navigation__responsive-container\"  id=\"modal-1\" \n\t\t\t\tdata-wp-class--has-modal-open=\"state.isMenuOpen\"\n\t\t\t\tdata-wp-class--is-menu-open=\"state.isMenuOpen\"\n\t\t\t\tdata-wp-watch=\"callbacks.initMenu\"\n\t\t\t\tdata-wp-on--keydown=\"actions.handleMenuKeydown\"\n\t\t\t\tdata-wp-on--focusout=\"actions.handleMenuFocusout\"\n\t\t\t\ttabindex=\"-1\"\n\t\t\t>\n\t\t\t\t\t<div class=\"wp-block-navigation__responsive-close\" tabindex=\"-1\">\n\t\t\t\t\t\t<div class=\"wp-block-navigation__responsive-dialog\" \n\t\t\t\tdata-wp-bind--aria-modal=\"state.ariaModal\"\n\t\t\t\tdata-wp-bind--aria-label=\"state.ariaLabel\"\n\t\t\t\tdata-wp-bind--role=\"state.roleAttribute\"\n\t\t\t>\n\t\t\t\t\t\t\t<button aria-label=\"Close menu\" class=\"wp-block-navigation__responsive-container-close\" \n\t\t\t\tdata-wp-on--click=\"actions.closeMenuOnClick\"\n\t\t\t><svg xmlns=\"http:\/\/www.w3.org\/2000\/svg\" viewBox=\"0 0 24 24\" width=\"24\" height=\"24\" aria-hidden=\"true\" focusable=\"false\"><path d=\"m13.06 12 6.47-6.47-1.06-1.06L12 10.94 5.53 4.47 4.47 5.53 10.94 12l-6.47 6.47 1.06 1.06L12 13.06l6.47 6.47 1.06-1.06L13.06 12Z\"><\/path><\/svg><\/button>\n\t\t\t\t\t\t\t<div class=\"wp-block-navigation__responsive-container-content\" \n\t\t\t\tdata-wp-watch=\"callbacks.focusFirstElement\"\n\t\t\t id=\"modal-1-content\">\n\t\t\t\t\t\t\t\t<ul style=\"font-style:normal;font-weight:600;\" class=\"wp-block-navigation__container has-medium-font-size is-responsive has-text-decoration-underline wp-block-navigation has-medium-font-size\"><li class=\"has-medium-font-size wp-block-navigation-item  menu-item menu-item-type-post_type menu-item-object-page menu-item-home wp-block-navigation-link\"><a class=\"wp-block-navigation-item__content\"  href=\"https:\/\/library.brown.edu\/create\/concentrationfieldguide\/\" title=\"\"><span class=\"wp-block-navigation-item__label\">Home<\/span><\/a><\/li><li data-wp-context=\"{ &quot;submenuOpenedBy&quot;: { &quot;click&quot;: false, &quot;hover&quot;: false, &quot;focus&quot;: false }, &quot;type&quot;: &quot;submenu&quot;, &quot;modal&quot;: null, &quot;previousFocus&quot;: null }\" data-wp-interactive=\"core\/navigation\" data-wp-on--focusout=\"actions.handleMenuFocusout\" data-wp-on--keydown=\"actions.handleMenuKeydown\" data-wp-on--mouseenter=\"actions.openMenuOnHover\" data-wp-on--mouseleave=\"actions.closeMenuOnHover\" data-wp-watch=\"callbacks.initMenu\" tabindex=\"-1\" class=\"wp-block-navigation-item has-medium-font-size has-child open-on-hover-click  menu-item menu-item-type-post_type menu-item-object-page wp-block-navigation-submenu\"><a class=\"wp-block-navigation-item__content\" href=\"https:\/\/library.brown.edu\/create\/concentrationfieldguide\/collections\/\" title=\"\"><span class=\"wp-block-navigation-item__label\">Collections<\/span><\/a><button data-wp-bind--aria-expanded=\"state.isMenuOpen\" data-wp-on--click=\"actions.toggleMenuOnClick\" aria-label=\"Collections submenu\" class=\"wp-block-navigation__submenu-icon wp-block-navigation-submenu__toggle\" ><svg xmlns=\"http:\/\/www.w3.org\/2000\/svg\" width=\"12\" height=\"12\" viewBox=\"0 0 12 12\" fill=\"none\" aria-hidden=\"true\" focusable=\"false\"><path d=\"M1.50002 4L6.00002 8L10.5 4\" stroke-width=\"1.5\"><\/path><\/svg><\/button><ul data-wp-on--focus=\"actions.openMenuOnFocus\" class=\"wp-block-navigation__submenu-container  menu-item menu-item-type-post_type menu-item-object-page wp-block-navigation-submenu\"><li class=\"has-medium-font-size wp-block-navigation-item  menu-item menu-item-type-post_type menu-item-object-page wp-block-navigation-link\"><a class=\"wp-block-navigation-item__content\"  href=\"https:\/\/library.brown.edu\/create\/concentrationfieldguide\/events-and-exhibitions\/\" title=\"\"><span class=\"wp-block-navigation-item__label\">Events and Exhibitions<\/span><\/a><\/li><\/ul><\/li><li class=\"has-medium-font-size wp-block-navigation-item  menu-item menu-item-type-post_type menu-item-object-page wp-block-navigation-link\"><a class=\"wp-block-navigation-item__content\"  href=\"https:\/\/library.brown.edu\/create\/concentrationfieldguide\/concentrations\/\" title=\"\"><span class=\"wp-block-navigation-item__label\">Concentrations<\/span><\/a><\/li><li data-wp-context=\"{ &quot;submenuOpenedBy&quot;: { &quot;click&quot;: false, &quot;hover&quot;: false, &quot;focus&quot;: false }, &quot;type&quot;: &quot;submenu&quot;, &quot;modal&quot;: null, &quot;previousFocus&quot;: null }\" data-wp-interactive=\"core\/navigation\" data-wp-on--focusout=\"actions.handleMenuFocusout\" data-wp-on--keydown=\"actions.handleMenuKeydown\" data-wp-on--mouseenter=\"actions.openMenuOnHover\" data-wp-on--mouseleave=\"actions.closeMenuOnHover\" data-wp-watch=\"callbacks.initMenu\" tabindex=\"-1\" class=\"wp-block-navigation-item has-medium-font-size has-child open-on-hover-click  menu-item menu-item-type-post_type menu-item-object-page wp-block-navigation-submenu\"><a class=\"wp-block-navigation-item__content\" href=\"https:\/\/library.brown.edu\/create\/concentrationfieldguide\/material-of-the-week\/\" title=\"\"><span class=\"wp-block-navigation-item__label\">Student Reflections<\/span><\/a><button data-wp-bind--aria-expanded=\"state.isMenuOpen\" data-wp-on--click=\"actions.toggleMenuOnClick\" aria-label=\"Student Reflections submenu\" class=\"wp-block-navigation__submenu-icon wp-block-navigation-submenu__toggle\" ><svg xmlns=\"http:\/\/www.w3.org\/2000\/svg\" width=\"12\" height=\"12\" viewBox=\"0 0 12 12\" fill=\"none\" aria-hidden=\"true\" focusable=\"false\"><path d=\"M1.50002 4L6.00002 8L10.5 4\" stroke-width=\"1.5\"><\/path><\/svg><\/button><ul data-wp-on--focus=\"actions.openMenuOnFocus\" class=\"wp-block-navigation__submenu-container  menu-item menu-item-type-post_type menu-item-object-page wp-block-navigation-submenu\"><li class=\"has-medium-font-size wp-block-navigation-item  menu-item menu-item-type-post_type menu-item-object-page wp-block-navigation-link\"><a class=\"wp-block-navigation-item__content\"  href=\"https:\/\/library.brown.edu\/create\/concentrationfieldguide\/featured-projects\/\" title=\"\"><span class=\"wp-block-navigation-item__label\">Featured Projects<\/span><\/a><\/li><\/ul><\/li><li class=\"has-medium-font-size wp-block-navigation-item  menu-item menu-item-type-post_type menu-item-object-page wp-block-navigation-link\"><a class=\"wp-block-navigation-item__content\"  href=\"https:\/\/library.brown.edu\/create\/concentrationfieldguide\/the-john-hay-library\/\" title=\"\"><span class=\"wp-block-navigation-item__label\">About the John Hay Library<\/span><\/a><\/li><li class=\"has-medium-font-size wp-block-navigation-item  menu-item menu-item-type-post_type menu-item-object-page wp-block-navigation-link\"><a class=\"wp-block-navigation-item__content\"  href=\"https:\/\/library.brown.edu\/create\/concentrationfieldguide\/about\/\" title=\"\"><span class=\"wp-block-navigation-item__label\">About Fields of Hay<\/span><\/a><\/li><\/ul>\n\t\t\t\t\t\t\t<\/div>\n\t\t\t\t\t\t<\/div>\n\t\t\t\t\t<\/div>\n\t\t\t\t<\/div><\/nav>\n\n\n<div style=\"height:20px\" aria-hidden=\"true\" class=\"wp-block-spacer\"><\/div>\n\n\n\n<div class=\"wp-block-query is-layout-flow wp-block-query-is-layout-flow\"><ul class=\"wp-block-post-template is-layout-flow wp-block-post-template-is-layout-flow\"><li class=\"wp-block-post post-1083 post type-post status-publish format-standard hentry category-material-of-the-week\">\n<h2 class=\"wp-block-post-title\"><a href=\"https:\/\/library.brown.edu\/create\/concentrationfieldguide\/an-introduction-to-artists-books-by-iris-wright-23\/\" target=\"_self\" >An Introduction to Artists\u2019 Books by Iris Wright &#8217;23<\/a><\/h2>\n\n<div class=\"wp-block-post-excerpt\"><p class=\"wp-block-post-excerpt__excerpt\">I started working at the John Hay Library my first semester at Brown and didn\u2019t leave until after graduation. At the end of my four years, I\u2019m considering the materials I never would have seen if I didn\u2019t have this job: books over five-hundred-years-old, whaling ship logs, handwritten letters from distant periods, world war propaganda&hellip; <\/p><\/div>\n\n\n<hr class=\"wp-block-separator has-css-opacity\"\/>\n\n<\/li><li class=\"wp-block-post post-1063 post type-post status-publish format-standard hentry category-material-of-the-week\">\n<h2 class=\"wp-block-post-title\"><a href=\"https:\/\/library.brown.edu\/create\/concentrationfieldguide\/material-of-the-week-freedom-cases-of-micaela-vine-and-geronimo-diaz\/\" target=\"_self\" >Material of the Week: Freedom Cases of Micaela Vin\u00e9 and Ger\u00f3nimo D\u00edaz<\/a><\/h2>\n\n<div class=\"wp-block-post-excerpt\"><p class=\"wp-block-post-excerpt__excerpt\">These documents from 19th century Cuba register the freedom pleads of the enslaved people Micaela Vin\u00e9 and Ger\u00f3nimo D\u00edaz. Full of officialese, these cases show how some enslaved Cubans had to deal with bureaucracy and structural racism to be granted their freedom. The Hay is processing these and more documents related to the institution of&hellip; <\/p><\/div>\n\n\n<hr class=\"wp-block-separator has-css-opacity\"\/>\n\n<\/li><li class=\"wp-block-post post-1050 post type-post status-publish format-standard hentry category-material-of-the-week\">\n<h2 class=\"wp-block-post-title\"><a href=\"https:\/\/library.brown.edu\/create\/concentrationfieldguide\/material-of-the-week-christine-dunlap-farnham-archive\/\" target=\"_self\" >Material of the Week: Christine Dunlap Farnham Archive<\/a><\/h2>\n\n<div class=\"wp-block-post-excerpt\"><p class=\"wp-block-post-excerpt__excerpt\">The Christine Dunlap Farnham Archive collects and makes visible the history of women at Pembroke College in Brown University, the post-graduate lives of Brown Alumnae, and women in Rhode Island, spanning from the 19th century to the present. This collection belongs to the Pembroke Center Archives\u00a0which also features the Feminist Theory Project and the Oral&hellip; <\/p><\/div>\n\n\n<hr class=\"wp-block-separator has-css-opacity\"\/>\n\n<\/li><li class=\"wp-block-post post-984 post type-post status-publish format-standard hentry category-material-of-the-week\">\n<h2 class=\"wp-block-post-title\"><a href=\"https:\/\/library.brown.edu\/create\/concentrationfieldguide\/material-of-the-week-act-up-rhode-island-papers\/\" target=\"_self\" >Material of the Week: ACT UP Rhode Island Papers<\/a><\/h2>\n\n<div class=\"wp-block-post-excerpt\"><p class=\"wp-block-post-excerpt__excerpt\">The ACT UP Rhode Island (AIDS Coalition to Unleash Power) records contain minutes of meetings, correspondence, financial records, reports, booklets, handbooks, pamphlets,clippings, mailings, newsletters, conference material, publications, lists of members and contacts, ACT UP\/RI circulars and posters, photographs and clippings of ACT UP demonstrations, documentation of Rhode Island legislation, regulations, and policies concerning AIDS. Also&hellip; <\/p><\/div>\n\n\n<hr class=\"wp-block-separator has-css-opacity\"\/>\n\n<\/li><li class=\"wp-block-post post-944 post type-post status-publish format-standard hentry category-material-of-the-week\">\n<h2 class=\"wp-block-post-title\"><a href=\"https:\/\/library.brown.edu\/create\/concentrationfieldguide\/material-of-the-week-george-orwells-papers\/\" target=\"_self\" >Material of the Week: George Orwell&#8217;s Papers<\/a><\/h2>\n\n<div class=\"wp-block-post-excerpt\"><p class=\"wp-block-post-excerpt__excerpt\">Take advantage of the unique opportunity to hold the drafts of 1984, arguably the most famous dystopian novel to-day, and presumably George Orwell&#8216;s most widely heard-of book. This is a unique opportunity to experience first-hand the stages of production and revision of a masterpiece. You can request it here! <\/p><\/div>\n\n\n<hr class=\"wp-block-separator has-css-opacity\"\/>\n\n<\/li><li class=\"wp-block-post post-927 post type-post status-publish format-standard hentry category-material-of-the-week\">\n<h2 class=\"wp-block-post-title\"><a href=\"https:\/\/library.brown.edu\/create\/concentrationfieldguide\/material-of-the-week-jana-sims-konglish\/\" target=\"_self\" >Material of the Week: Jana Sim&#8217;s Konglish<\/a><\/h2>\n\n<div class=\"wp-block-post-excerpt\"><p class=\"wp-block-post-excerpt__excerpt\">Konglish is a reflection on Sim&#8217;s experience with English and Korean. This book features a hybrid structure that encourages engagement from the readers. Pictures don&#8217;t do it justice, so check it out! And also check out more of Jana Sim&#8217;s artwork. <\/p><\/div>\n\n\n<hr class=\"wp-block-separator has-css-opacity\"\/>\n\n<\/li><li class=\"wp-block-post post-557 post type-post status-publish format-standard has-post-thumbnail hentry category-material-of-the-week tag-colonies tag-history tag-religion\">\n<h2 class=\"wp-block-post-title\"><a href=\"https:\/\/library.brown.edu\/create\/concentrationfieldguide\/material-of-the-week-catos-moral-distichs\/\" target=\"_self\" >Material of the Week: Cato&#8217;s Moral Distichs<\/a><\/h2>\n\n<div class=\"wp-block-post-excerpt\"><p class=\"wp-block-post-excerpt__excerpt\">Published: 1735, Philadelphia. Cato&#8217;s Moral Distichs is a Puritanical text by James Logan. This edition\u00a0is probably the first English translation published in the colonies, and it was printed by Ben Franklin at his Philadelphia press. <\/p><\/div>\n\n\n<hr class=\"wp-block-separator has-css-opacity\"\/>\n\n<\/li><li class=\"wp-block-post post-846 post type-post status-publish format-standard has-post-thumbnail hentry category-material-of-the-week tag-art tag-color tag-visual-arts\">\n<h2 class=\"wp-block-post-title\"><a href=\"https:\/\/library.brown.edu\/create\/concentrationfieldguide\/material-of-the-week-robert-ridgeways-color-standards\/\" target=\"_self\" >Material of the Week: Ridgeway Color Standards<\/a><\/h2>\n\n<div class=\"wp-block-post-excerpt\"><p class=\"wp-block-post-excerpt__excerpt\">Published: 1912, Washington D.C. Robert Ridgeway was frustrated with the lack of standard nomenclature for different colors. He took it upon himself to hand dye, cut, and mount hundreds of color rectangles into his book &#8220;Color standards and color nomenclature.&#8221; Ridgeway hoped that this tome would standardize use and reference of colors. The style of&hellip; <\/p><\/div>\n\n\n<hr class=\"wp-block-separator has-css-opacity\"\/>\n\n<\/li><li class=\"wp-block-post post-841 post type-post status-publish format-standard has-post-thumbnail hentry category-material-of-the-week tag-plays tag-theatre tag-thesis\">\n<h2 class=\"wp-block-post-title\"><a href=\"https:\/\/library.brown.edu\/create\/concentrationfieldguide\/material-of-the-week-john-krasinskis-senior-thesis\/\" target=\"_self\" >Material of the Week: John Krasinski&#8217;s Senior Thesis<\/a><\/h2>\n\n<div class=\"wp-block-post-excerpt\"><p class=\"wp-block-post-excerpt__excerpt\">Published: April 2001, Providence, RI Famed Brown alum John Krasinski &#8217;01 wrote &#8220;Contents Under Pressure&#8221; for his senior honors thesis in the Theatre Arts and Performance Studies department. The two-act play is set in Ray&#8217;s Auto and follows the increasingly intense exchange between Jack Taylor, a young struggling son who has returned to town after&hellip; <\/p><\/div>\n\n\n<hr class=\"wp-block-separator has-css-opacity\"\/>\n\n<\/li><li class=\"wp-block-post post-566 post type-post status-publish format-standard has-post-thumbnail hentry category-material-of-the-week tag-art tag-artist-books tag-literature tag-poetry tag-portrait\">\n<h2 class=\"wp-block-post-title\"><a href=\"https:\/\/library.brown.edu\/create\/concentrationfieldguide\/material-of-the-week-self-portrait-in-a-convex-mirror\/\" target=\"_self\" >Material of the Week: Self-Portrait in a Convex Mirror<\/a><\/h2>\n\n<div class=\"wp-block-post-excerpt\"><p class=\"wp-block-post-excerpt__excerpt\">Published: 1984, San Francisco. A Pulitzer Prize-winning collection of Poetry, John Ashbery&#8217;s\u00a0Self-Portrait in a Convex Mirror, inspired by the portrait of the same name by Renaissance artist Parmigianino, is presented in a large metal case with, appropriately, a convex mirror in the center. Inside includes the poem and original prints. <\/p><\/div>\n\n\n<hr class=\"wp-block-separator has-css-opacity\"\/>\n\n<\/li><\/ul><\/div>\n\n\n\n<div class=\"wp-block-query is-layout-flow wp-block-query-is-layout-flow\"><ul class=\"wp-block-post-template is-layout-flow wp-block-post-template-is-layout-flow\"><li class=\"wp-block-post post-977 post type-post status-publish format-standard hentry category-featured-projects\">\n<h2 class=\"wp-block-post-title\"><a href=\"https:\/\/library.brown.edu\/create\/concentrationfieldguide\/evan-kindler-20-the-papers-of-the-john-birch-society\/\" target=\"_self\" >Evan Kindler &#8217;20: The Papers of the John Birch Society<\/a><\/h2>\n\n<div class=\"wp-block-post-excerpt\"><p class=\"wp-block-post-excerpt__excerpt\">Member of the inaugural cohort of the John Hay&#8217;s Summer Undergraduate Fellowship, Evan Kindler worked to examine how the values, ideas, and tactics expressed and used by the John Birch Society were essential parts of Donald Trump&#8217;s 2016 campaign. The similarities had been expressed by pundits on both sides, prompting his investigation into their legitimacy.&hellip; <\/p><\/div>\n\n\n<hr class=\"wp-block-separator has-css-opacity\"\/>\n\n<\/li><li class=\"wp-block-post post-888 post type-post status-publish format-standard has-post-thumbnail hentry category-featured-projects tag-art-and-architecture tag-history tag-memory tag-place tag-portraits tag-psychology\">\n<h2 class=\"wp-block-post-title\"><a href=\"https:\/\/library.brown.edu\/create\/concentrationfieldguide\/maya-omori-hidden-portraits-of-brown\/\" target=\"_self\" >Maya Omori &#8217;19: Hidden Portraits of Brown<\/a><\/h2>\n\n<div class=\"wp-block-post-excerpt\"><p class=\"wp-block-post-excerpt__excerpt\">\u201cWorking at the Hay has been life-changing for me,\u201d Maya Omori said. \u201cIt\u2019s changed the direction of my studies.\u201d Omori recently received one of the two annual Undergraduate Library Research prizes for her work with the John Hay Library\u2019s archives, Pembroke Center archives, and various university archivists and curators for her senior capstone \u201cHidden Portraits&hellip; <\/p><\/div>\n\n\n<hr class=\"wp-block-separator has-css-opacity\"\/>\n\n<\/li><li class=\"wp-block-post post-242 post type-post status-publish format-standard has-post-thumbnail hentry category-featured-projects tag-folio tag-history tag-medieval-studies tag-nuremberg-chronicle tag-religion\">\n<h2 class=\"wp-block-post-title\"><a href=\"https:\/\/library.brown.edu\/create\/concentrationfieldguide\/charlie-steinman-nuremberg-chronicle-and-the-myth-of-pope-joan\/\" target=\"_self\" >Charlie Steinman &#8217;20: Nuremberg Chronicle and the Myth of Pope Joan<\/a><\/h2>\n\n<div class=\"wp-block-post-excerpt\"><p class=\"wp-block-post-excerpt__excerpt\">Charlie Steinman took a roundabout route to write his prize-winning paper, \u201cMartin Luther\u2019s whore more than a pope: Annotation, Disgust, and Materiality in the Reformation Reception of the Pope Joan Myth,\u201d about a folio in the Nuremberg Chronicle. For his final project for Professor Tara Nummendal\u2019s course \u201cAge of Imposters: Fraud, Identity, and the Self&hellip; <\/p><\/div>\n\n\n<hr class=\"wp-block-separator has-css-opacity\"\/>\n\n<\/li><li class=\"wp-block-post post-176 post type-post status-publish format-standard has-post-thumbnail hentry category-featured-projects tag-archives tag-brown-university tag-history tag-student-work\">\n<h2 class=\"wp-block-post-title\"><a href=\"https:\/\/library.brown.edu\/create\/concentrationfieldguide\/chronicles-of-brunonia\/\" target=\"_self\" >Chronicles of Brunonia<\/a><\/h2>\n\n<div class=\"wp-block-post-excerpt\"><p class=\"wp-block-post-excerpt__excerpt\">About A digital collection of historical narratives of the life of Brown &#8211; many of which were produced by student researchers for English Non-Fiction Senior Lecturer Elizabeth Taylor&#8217;s &#8220;Narrative History&#8221; course &#8211;&nbsp;Chronicles of Brunonia are archival-based non-fiction pieces about Brown&#8217;s buried history, quirky traditions, and unsavory moments. Notable Entries Include: Access Read more from Chronicles&hellip; <\/p><\/div>\n\n\n<hr class=\"wp-block-separator has-css-opacity\"\/>\n\n<\/li><\/ul><\/div>\n","protected":false},"excerpt":{"rendered":"","protected":false},"author":95,"featured_media":0,"parent":0,"menu_order":0,"comment_status":"closed","ping_status":"closed","template":"template-full-width-no-menu.php","meta":{"footnotes":""},"class_list":["post-124","page","type-page","status-publish","hentry"],"_links":{"self":[{"href":"https:\/\/library.brown.edu\/create\/concentrationfieldguide\/wp-json\/wp\/v2\/pages\/124","targetHints":{"allow":["GET"]}}],"collection":[{"href":"https:\/\/library.brown.edu\/create\/concentrationfieldguide\/wp-json\/wp\/v2\/pages"}],"about":[{"href":"https:\/\/library.brown.edu\/create\/concentrationfieldguide\/wp-json\/wp\/v2\/types\/page"}],"author":[{"embeddable":true,"href":"https:\/\/library.brown.edu\/create\/concentrationfieldguide\/wp-json\/wp\/v2\/users\/95"}],"replies":[{"embeddable":true,"href":"https:\/\/library.brown.edu\/create\/concentrationfieldguide\/wp-json\/wp\/v2\/comments?post=124"}],"version-history":[{"count":13,"href":"https:\/\/library.brown.edu\/create\/concentrationfieldguide\/wp-json\/wp\/v2\/pages\/124\/revisions"}],"predecessor-version":[{"id":1169,"href":"https:\/\/library.brown.edu\/create\/concentrationfieldguide\/wp-json\/wp\/v2\/pages\/124\/revisions\/1169"}],"wp:attachment":[{"href":"https:\/\/library.brown.edu\/create\/concentrationfieldguide\/wp-json\/wp\/v2\/media?parent=124"}],"curies":[{"name":"wp","href":"https:\/\/api.w.org\/{rel}","templated":true}]}}