{"id":620,"date":"2012-08-06T13:35:25","date_gmt":"2012-08-06T18:35:25","guid":{"rendered":"http:\/\/library.brown.edu\/fivecenturiesofchange\/?page_id=620"},"modified":"2021-11-03T23:14:14","modified_gmt":"2021-11-04T03:14:14","slug":"modern-art-week-and-the-rise-of-brazilian-modernism","status":"publish","type":"page","link":"https:\/\/library.brown.edu\/create\/fivecenturiesofchange\/chapters\/chapter-5\/modern-art-week-and-the-rise-of-brazilian-modernism\/","title":{"rendered":"5.3 Modern Art Week and the Rise of Brazilian Modernism"},"content":{"rendered":"\n<p id=\"next-modern\"><strong>New Currents of Modernism<\/strong><\/p>\n\n\n\n<p>The photo below shows some of the artists and sponsors of Modern Art Week in 1922. Writer and critic M\u00e1rio de Andrade, one of the founders of the modernist movement, is the third man from the left, and Oswald de Andrade, another member of the movement (but no relation), sits on the floor in front.<\/p>\n\n\n\n<div class=\"wp-block-image\"><figure class=\"alignright\"><a href=\"http:\/\/library.brown.edu\/create\/fivecenturiesofchange\/wp-content\/uploads\/sites\/27\/2012\/08\/photo-of-group.png\"><img loading=\"lazy\" decoding=\"async\" width=\"2104\" height=\"1409\" src=\"http:\/\/library.brown.edu\/create\/fivecenturiesofchange\/wp-content\/uploads\/sites\/27\/2012\/08\/photo-of-group.png\" alt=\"\" class=\"wp-image-622\" srcset=\"https:\/\/library.brown.edu\/create\/fivecenturiesofchange\/wp-content\/uploads\/sites\/27\/2012\/08\/photo-of-group.png 2104w, https:\/\/library.brown.edu\/create\/fivecenturiesofchange\/wp-content\/uploads\/sites\/27\/2012\/08\/photo-of-group-300x201.png 300w, https:\/\/library.brown.edu\/create\/fivecenturiesofchange\/wp-content\/uploads\/sites\/27\/2012\/08\/photo-of-group-1024x686.png 1024w, https:\/\/library.brown.edu\/create\/fivecenturiesofchange\/wp-content\/uploads\/sites\/27\/2012\/08\/photo-of-group-448x300.png 448w\" sizes=\"auto, (max-width: 2104px) 100vw, 2104px\" \/><\/a><figcaption>&#8220;Grupo da Semana de 22,&#8221; from the photo album of Tarsila do Amaral, c. 1922. From Caixa Modernista, Edusp \/ Editoria UFMG \/ Imprensa Oficial, S\u00e3o Paulo, 2003.<\/figcaption><\/figure><\/div>\n\n\n\n<p>The &#8220;Grupo dos Cinco&#8221; [Group of Five] was the name for a collection of five modernists who were influential in the early founding of the movement and sought to promote a uniquely Brazilian culture that emphasized indigenous and non-European elements.<\/p>\n\n\n\n<p>Though its members collaborated in forming the movement and organizing Modern Art Week, the group did not remain a unified source of modernist output throughout the 1920s. Groups split off due to divergent interests or disagreements over which tradition should inform the movement, while personal disputes\u2014like a feud between Mario de Andrade and Oswald de Andrade after the latter called the former effeminate in writing\u2014further hurt the unity of the <em>Grupo dos Cinco<\/em>.<\/p>\n\n\n\n<div class=\"wp-block-image\"><figure class=\"alignright\"><a href=\"http:\/\/library.brown.edu\/create\/fivecenturiesofchange\/wp-content\/uploads\/sites\/27\/2012\/08\/malfatti.jpeg\"><img loading=\"lazy\" decoding=\"async\" width=\"1937\" height=\"1400\" src=\"http:\/\/library.brown.edu\/create\/fivecenturiesofchange\/wp-content\/uploads\/sites\/27\/2012\/08\/malfatti.jpeg\" alt=\"\" class=\"wp-image-623\" srcset=\"https:\/\/library.brown.edu\/create\/fivecenturiesofchange\/wp-content\/uploads\/sites\/27\/2012\/08\/malfatti.jpeg 1937w, https:\/\/library.brown.edu\/create\/fivecenturiesofchange\/wp-content\/uploads\/sites\/27\/2012\/08\/malfatti-300x217.jpeg 300w, https:\/\/library.brown.edu\/create\/fivecenturiesofchange\/wp-content\/uploads\/sites\/27\/2012\/08\/malfatti-1024x740.jpeg 1024w, https:\/\/library.brown.edu\/create\/fivecenturiesofchange\/wp-content\/uploads\/sites\/27\/2012\/08\/malfatti-415x300.jpeg 415w\" sizes=\"auto, (max-width: 1937px) 100vw, 1937px\" \/><\/a><figcaption>&#8220;Grupo dos Cinco [Tarsila do Amaral, M\u00e1rio de Andrade, Anita Malfatti, Oswald de Andrade, e Menotti del Picchia]&#8221; (1922). This painting by Anita Malfatti shows five of the most important modernist painters together in a room, where they are lounging and clearly disregarding traditional standards of propriety. From Caixa Modernista, Edusp \/ Editoria UFMG \/ Imprensa Oficial, S\u00e3o Paulo, 2003.<\/figcaption><\/figure><\/div>\n\n\n\n<p>The following images were either displayed at Modern Art Week in S\u00e3o Paulo in 1922, or were created in the years following this catalytic event for modern art in Brazil. Examine the images and notice the kinds of people, lifestyles, and emotions they evoke.<\/p>\n\n\n\n<ul class=\"wp-block-list\"><li>What aspects of daily life and culture do these paintings use as their focal point?<\/li><li>How do these images portray Brazil differently than in previous decades?<\/li><\/ul>\n\n\n\n<div class=\"wp-block-image\"><figure class=\"alignright\"><a href=\"http:\/\/library.brown.edu\/create\/fivecenturiesofchange\/wp-content\/uploads\/sites\/27\/2012\/08\/amaral-a-negra.png\"><img loading=\"lazy\" decoding=\"async\" width=\"1308\" height=\"1660\" src=\"http:\/\/library.brown.edu\/create\/fivecenturiesofchange\/wp-content\/uploads\/sites\/27\/2012\/08\/amaral-a-negra.png\" alt=\"\" class=\"wp-image-624\" srcset=\"https:\/\/library.brown.edu\/create\/fivecenturiesofchange\/wp-content\/uploads\/sites\/27\/2012\/08\/amaral-a-negra.png 1308w, https:\/\/library.brown.edu\/create\/fivecenturiesofchange\/wp-content\/uploads\/sites\/27\/2012\/08\/amaral-a-negra-236x300.png 236w, https:\/\/library.brown.edu\/create\/fivecenturiesofchange\/wp-content\/uploads\/sites\/27\/2012\/08\/amaral-a-negra-807x1024.png 807w\" sizes=\"auto, (max-width: 1308px) 100vw, 1308px\" \/><\/a><figcaption>From Caixa Modernista, Edusp \/ Editoria UFMG \/ Imprensa Oficial, S\u00e3o Paulo, 2003.<\/figcaption><\/figure><\/div>\n\n\n\n<p>The painting &#8220;A Negra&#8221; (1923) was part of the first solo exhibition by Tarsila do Amaral. Her work was called &#8220;exotic,&#8221; &#8220;original,&#8221; &#8220;cerebral,&#8221; and &#8220;na\u00efve&#8221; by various critics.<\/p>\n\n\n\n<div class=\"wp-block-image\"><figure class=\"alignright\"><a href=\"http:\/\/library.brown.edu\/create\/fivecenturiesofchange\/wp-content\/uploads\/sites\/27\/2012\/08\/segall.jpeg\"><img loading=\"lazy\" decoding=\"async\" width=\"2058\" height=\"1419\" src=\"http:\/\/library.brown.edu\/create\/fivecenturiesofchange\/wp-content\/uploads\/sites\/27\/2012\/08\/segall.jpeg\" alt=\"\" class=\"wp-image-625\" srcset=\"https:\/\/library.brown.edu\/create\/fivecenturiesofchange\/wp-content\/uploads\/sites\/27\/2012\/08\/segall.jpeg 2058w, https:\/\/library.brown.edu\/create\/fivecenturiesofchange\/wp-content\/uploads\/sites\/27\/2012\/08\/segall-300x207.jpeg 300w, https:\/\/library.brown.edu\/create\/fivecenturiesofchange\/wp-content\/uploads\/sites\/27\/2012\/08\/segall-1024x706.jpeg 1024w, https:\/\/library.brown.edu\/create\/fivecenturiesofchange\/wp-content\/uploads\/sites\/27\/2012\/08\/segall-435x300.jpeg 435w\" sizes=\"auto, (max-width: 2058px) 100vw, 2058px\" \/><\/a><figcaption>From Caixa Modernista.<\/figcaption><\/figure><\/div>\n\n\n\n<p>The painting &#8220;Bananal&#8221; [Banana Grove], by Lasar Segall (1927), draws the eye to a worker standing in the midst of a banana plantation, emphasizing the human element in Brazil&#8217;s agricultural production.<\/p>\n\n\n\n<div class=\"wp-block-image\"><figure class=\"alignright\"><a href=\"http:\/\/library.brown.edu\/create\/fivecenturiesofchange\/wp-content\/uploads\/sites\/27\/2012\/08\/cavalcanti.jpeg\"><img loading=\"lazy\" decoding=\"async\" width=\"1410\" height=\"1862\" src=\"http:\/\/library.brown.edu\/create\/fivecenturiesofchange\/wp-content\/uploads\/sites\/27\/2012\/08\/cavalcanti.jpeg\" alt=\"\" class=\"wp-image-626\" srcset=\"https:\/\/library.brown.edu\/create\/fivecenturiesofchange\/wp-content\/uploads\/sites\/27\/2012\/08\/cavalcanti.jpeg 1410w, https:\/\/library.brown.edu\/create\/fivecenturiesofchange\/wp-content\/uploads\/sites\/27\/2012\/08\/cavalcanti-227x300.jpeg 227w, https:\/\/library.brown.edu\/create\/fivecenturiesofchange\/wp-content\/uploads\/sites\/27\/2012\/08\/cavalcanti-775x1024.jpeg 775w\" sizes=\"auto, (max-width: 1410px) 100vw, 1410px\" \/><\/a><figcaption>From Caixa Modernista.<\/figcaption><\/figure><\/div>\n\n\n\n<p>&#8220;Cinco Mo\u00e7as de Guaratingeut\u00e1&#8221; [Five Girls from Guaratinguet\u00e1] by Emiliano di Cavalcanti (1930).<\/p>\n\n\n\n<p><strong>African Culture and Brazilian Modernism<\/strong><\/p>\n\n\n\n<p>As is particularly clear in the above paintings, the Brazilian Modernists consciously included images of Afro-Brazilians in their work. This suggests that they considered a reconciliation of the various racial identities within Brazil to be a necessary step in modernizing. However, the purpose of these images varied from work to work. Tarsila do Amaral&#8217;s &#8220;A Negra&#8221; shows a black woman with prominent, exaggerated breasts and lips, seated against an abstract background of earth tones. This is a maternal figure; perhaps it suggests that the African elements of Brazilian culture birthed the modern nation. Whatever it means, the painting plays off old stereotypes of African culture, giving it an earthy and exotic character but presenting this as an essential, positive part of the national identity.<\/p>\n\n\n\n<p>Emiliano di Cavalcanti&#8217;s &#8220;Cinco Mo\u00e7as de Guaratingeut\u00e1,&#8221; on the other hand, paints the image of a mixed-raced Brazil as commonplace as Amaral makes it exotic. His painting shows five well-dressed young women with a spectrum of different skin tones. His painting shows multiracialism as a part of everyday life. However, this image of a perfectly mixed-race society was highly idealized at the time, suggesting a form of racial democracy inconsistent with the real political and economic limitations and the persistent racism faced by non-white Brazilians.<\/p>\n\n\n\n<p><strong>Anthropophagy and Nationalism in the Artistic World<\/strong><\/p>\n\n\n\n<div class=\"wp-block-image\"><figure class=\"alignright\"><a href=\"http:\/\/library.brown.edu\/create\/fivecenturiesofchange\/wp-content\/uploads\/sites\/27\/2012\/08\/Oswald_de_Andrade.jpeg\"><img loading=\"lazy\" decoding=\"async\" width=\"340\" height=\"426\" src=\"http:\/\/library.brown.edu\/create\/fivecenturiesofchange\/wp-content\/uploads\/sites\/27\/2012\/08\/Oswald_de_Andrade.jpeg\" alt=\"\" class=\"wp-image-627\" srcset=\"https:\/\/library.brown.edu\/create\/fivecenturiesofchange\/wp-content\/uploads\/sites\/27\/2012\/08\/Oswald_de_Andrade.jpeg 340w, https:\/\/library.brown.edu\/create\/fivecenturiesofchange\/wp-content\/uploads\/sites\/27\/2012\/08\/Oswald_de_Andrade-239x300.jpeg 239w\" sizes=\"auto, (max-width: 340px) 100vw, 340px\" \/><\/a><figcaption>This portrait of Oswald de Andrade, by his future wife and fellow modernist Tarsila do Amaral, was displayed during Modern Art Week. Courtesy of Wikimedia Commons.<\/figcaption><\/figure><\/div>\n\n\n\n<p>Brazilian modernism was marked by an experimentalism that was a rejection of the strict academism of the Brazilian Academy of Letters, as well as by a heightened consciousness of the social problems and political currents within Brazil. A major polemic within the movement came from anxiety over the influence of Europe and the United States on Brazilian art and culture. Two schools of thought on the subject emerged.<\/p>\n\n\n\n<p>Oswald de Andrade and the Anthropophagics (cannibals) believed that they should subsume influences from abroad but turn them into a uniquely Brazilian art form. Andrade&#8217;s <em>Manifesto Anthrop\u00f3fogo <\/em>[<em>Cannibal Manifesto<\/em>] was the mission statement of this school:<\/p>\n\n\n\n<blockquote class=\"wp-block-quote is-layout-flow wp-block-quote-is-layout-flow\"><p>Only Cannibalism unites us. Socially. Economically. Philosophically.<\/p><p>The unique law of the world. The disguised expression of all individualisms, all collectivisms. Of all religions. Of all peace treaties.<\/p><p>Tupi or not tupi that is the question.<\/p><p>Against all catechisms. And against the mother of the Gracos.<\/p><p>I am only interested in what&#8217;s not mine. The law of men. The law of the cannibal.<\/p><p>We are tired of all those suspicious Catholic husbands in plays. Freud finished off the enigma of woman and the other recent psychological seers.<\/p><p>What dominated over truth was clothing, an impermeable layer between the interior world and the exterior world. Reaction against people in clothes. The American cinema will tell us about this.<\/p><p>Sons of the sun, mother of living creatures. Fiercely met and loved, with all the hypocrisy of longing: importation, exchange, and tourists. In the country of the big snake.<\/p><p>It&#8217;s because we never had grammatical structures or collections of old vegetables. And we never knew urban from suburban, frontier country from continental. Lazy on the world map of Brazil.<\/p><p>One participating consciousness, one religious rhythm.<\/p><\/blockquote>\n\n\n\n<p>The full text of the Manifesto Anthrop\u00f3fago can be found <a href=\"http:\/\/feastofhateandfear.com\/archives\/andrade.html\">here<\/a>.<\/p>\n\n\n\n<p>The phrase &#8220;Tupi or not tupi that is the question&#8221; one of the most famous in the manifesto, is a pun with a doubly important significance. First, it is a reference to the Tup\u00ed Indians who inhabited the coast of Brazil at the time of conquest; the original settlers of the country, who were also cannibals who ate their enemies to gain strength. Second, it is itself an act of cultural cannibalism; Andrade takes the famous Shakespeare passage, &#8220;To be or not to be,&#8221; digests it, and applies it to a particular Brazilian situation.<\/p>\n\n\n\n<div class=\"wp-block-image\"><figure class=\"alignleft\"><a href=\"http:\/\/library.brown.edu\/create\/fivecenturiesofchange\/wp-content\/uploads\/sites\/27\/2012\/08\/sao-paulo.jpeg\"><img loading=\"lazy\" decoding=\"async\" width=\"1288\" height=\"2118\" src=\"http:\/\/library.brown.edu\/create\/fivecenturiesofchange\/wp-content\/uploads\/sites\/27\/2012\/08\/sao-paulo.jpeg\" alt=\"\" class=\"wp-image-628\" srcset=\"https:\/\/library.brown.edu\/create\/fivecenturiesofchange\/wp-content\/uploads\/sites\/27\/2012\/08\/sao-paulo.jpeg 1288w, https:\/\/library.brown.edu\/create\/fivecenturiesofchange\/wp-content\/uploads\/sites\/27\/2012\/08\/sao-paulo-182x300.jpeg 182w, https:\/\/library.brown.edu\/create\/fivecenturiesofchange\/wp-content\/uploads\/sites\/27\/2012\/08\/sao-paulo-623x1024.jpeg 623w\" sizes=\"auto, (max-width: 1288px) 100vw, 1288px\" \/><\/a><figcaption>From Caixa Modernista, Edusp \/ Editoria UFMG \/ Imprensa Oficial, S\u00e3o Paulo, 2003.<\/figcaption><\/figure><\/div>\n\n\n\n<p>In opposition to the Anthropophagics were the Nationalists, who rejected international influences. Many of the Nationalist modernists were actively engaged in politics. The leader of the school, the writer Pl\u00ednio Salgado, went on to become a fascist political figure and lead a failed coup against President Get\u00falio Vargas.<\/p>\n\n\n\n<p>The photograph at left shows a poster for the silent film <em>S\u00e3o Paulo, A Symphonia da Metropole <\/em>(1929), which contained shots of the newly booming city, including cars and skyscrapers.<\/p>\n\n\n\n<p>The rise of modernism made S\u00e3o Paulo a new center for the arts. In previous decades it had been growing economically, due to the coffee boom and the influx of immigrants to the city, but Modern Art Week made S\u00e3o Paulo a more culturally prominent city. In particular, the festival established the city as the seat of a modern movement, as opposed to the more traditional, conservative Rio de Janeiro, site of the Academy of Arts and Letters.<\/p>\n\n\n\n<div class=\"wp-block-image\"><figure class=\"alignright\"><a href=\"http:\/\/library.brown.edu\/create\/fivecenturiesofchange\/wp-content\/uploads\/sites\/27\/2012\/08\/mendes.jpeg\"><img loading=\"lazy\" decoding=\"async\" width=\"1413\" height=\"2095\" src=\"http:\/\/library.brown.edu\/create\/fivecenturiesofchange\/wp-content\/uploads\/sites\/27\/2012\/08\/mendes.jpeg\" alt=\"\" class=\"wp-image-629\" srcset=\"https:\/\/library.brown.edu\/create\/fivecenturiesofchange\/wp-content\/uploads\/sites\/27\/2012\/08\/mendes.jpeg 1413w, https:\/\/library.brown.edu\/create\/fivecenturiesofchange\/wp-content\/uploads\/sites\/27\/2012\/08\/mendes-202x300.jpeg 202w, https:\/\/library.brown.edu\/create\/fivecenturiesofchange\/wp-content\/uploads\/sites\/27\/2012\/08\/mendes-691x1024.jpeg 691w\" sizes=\"auto, (max-width: 1413px) 100vw, 1413px\" \/><\/a><figcaption>Cover of Historia do Brasil [History of Brazil] by Murilo Mendes (1932). \u00a9Caixa Modernista, Edusp \/ Editoria UFMG \/ Imprensia Oficial, S\u00e3o Paulo, 2003.<\/figcaption><\/figure><\/div>\n\n\n\n<p><strong>Further Reading<\/strong><\/p>\n\n\n\n<ul class=\"wp-block-list\"><li>The curatorial notes for the exhibit <a href=\"http:\/\/pastexhibitions.guggenheim.org\/brazil\/overview.html\">&#8220;Brazil: Body and Soul&#8221;<\/a>&nbsp;at the Guggenheim Museum in New York provide important context for the artistic and political influences on the movement.<\/li><\/ul>\n\n\n\n<p><strong>Sources<\/strong><\/p>\n\n\n\n<ul class=\"wp-block-list\"><li><em>Historia do modernismo<\/em> (informational booklet).<em>&nbsp;<\/em>S\u00e3o Paulo: Caixa Modernista, EDUSP\/Editoria UFMG\/Imprensa Oficial, 2003.<\/li><\/ul>\n\n\n\n<h2 class=\"has-text-align-right wp-block-heading\"><a href=\"https:\/\/library.brown.edu\/create\/fivecenturiesofchange\/chapters\/chapter-5\/brazilian-sketches\/\">Next: 5.3 Brazil&#8217;s Image Abroad &gt;<\/a><\/h2>\n","protected":false},"excerpt":{"rendered":"<p>New Currents of Modernism The photo below shows some of the artists and sponsors of Modern Art Week in 1922. Writer and critic M\u00e1rio de Andrade, one of the founders of the modernist movement, is the third man from the &hellip; <a href=\"https:\/\/library.brown.edu\/create\/fivecenturiesofchange\/chapters\/chapter-5\/modern-art-week-and-the-rise-of-brazilian-modernism\/\">Continue reading <span class=\"meta-nav\">&rarr;<\/span><\/a><\/p>\n","protected":false},"author":27,"featured_media":0,"parent":80,"menu_order":2,"comment_status":"closed","ping_status":"closed","template":"","meta":{"footnotes":""},"class_list":["post-620","page","type-page","status-publish","hentry"],"_links":{"self":[{"href":"https:\/\/library.brown.edu\/create\/fivecenturiesofchange\/wp-json\/wp\/v2\/pages\/620","targetHints":{"allow":["GET"]}}],"collection":[{"href":"https:\/\/library.brown.edu\/create\/fivecenturiesofchange\/wp-json\/wp\/v2\/pages"}],"about":[{"href":"https:\/\/library.brown.edu\/create\/fivecenturiesofchange\/wp-json\/wp\/v2\/types\/page"}],"author":[{"embeddable":true,"href":"https:\/\/library.brown.edu\/create\/fivecenturiesofchange\/wp-json\/wp\/v2\/users\/27"}],"replies":[{"embeddable":true,"href":"https:\/\/library.brown.edu\/create\/fivecenturiesofchange\/wp-json\/wp\/v2\/comments?post=620"}],"version-history":[{"count":10,"href":"https:\/\/library.brown.edu\/create\/fivecenturiesofchange\/wp-json\/wp\/v2\/pages\/620\/revisions"}],"predecessor-version":[{"id":2980,"href":"https:\/\/library.brown.edu\/create\/fivecenturiesofchange\/wp-json\/wp\/v2\/pages\/620\/revisions\/2980"}],"up":[{"embeddable":true,"href":"https:\/\/library.brown.edu\/create\/fivecenturiesofchange\/wp-json\/wp\/v2\/pages\/80"}],"wp:attachment":[{"href":"https:\/\/library.brown.edu\/create\/fivecenturiesofchange\/wp-json\/wp\/v2\/media?parent=620"}],"curies":[{"name":"wp","href":"https:\/\/api.w.org\/{rel}","templated":true}]}}