{"id":1906,"date":"2013-06-24T09:37:49","date_gmt":"2013-06-24T14:37:49","guid":{"rendered":"http:\/\/library.brown.edu\/modernlatinamerica\/?page_id=1906"},"modified":"2016-07-05T19:42:47","modified_gmt":"2016-07-05T19:42:47","slug":"primary-documents-w-accompanying-discussion-questions","status":"publish","type":"page","link":"https:\/\/library.brown.edu\/create\/modernlatinamerica\/chapters\/chapter-4-cuba\/primary-documents-w-accompanying-discussion-questions\/","title":{"rendered":"Primary Documents"},"content":{"rendered":"<p>A. Document #13: <a href=\"http:\/\/library.brown.edu\/create\/modernlatinamerica\/chapters\/chapter-4-cuba\/primary-documents-w-accompanying-discussion-questions\/document-8-montecristi-manifesto-jose-marti-and-maximo-gomez-1895\/\">\u201cMontecristi Manifesto,\u201d<\/a>\u00a0Jos\u00e9 Mart\u00ed and M\u00e1ximo G\u00f3mez (1895)<\/p>\n<p>B. Document #14: <a href=\"http:\/\/library.brown.edu\/create\/modernlatinamerica\/chapters\/chapter-4-cuba\/primary-documents-w-accompanying-discussion-questions\/documenet-9-my-race-from-patria-1893-jose-marti\/\">\u201cMy Race,\u201d<\/a> Jos\u00e9 Mart\u00ed (1893)<\/p>\n<p>C. Document #15: <a href=\"http:\/\/library.brown.edu\/create\/modernlatinamerica\/chapters\/chapter-4-cuba\/primary-documents-w-accompanying-discussion-questions\/document-no-10-history-will-absolve-me-by-fidel-castro-ruiz\/\">\u201cHistory Will Absolve Me,\u201d<\/a> Fidel Castro (1953)<\/p>\n<p>D. Document #16:\u00a0<a href=\"http:\/\/library.brown.edu\/create\/modernlatinamerica\/chapters\/chapter-4-cuba\/primary-documents-w-accompanying-discussion-questions\/document-13-document-of-a-cuban-dissident-year\/\">&#8220;Statement from Mexico City,&#8221;<\/a>\u00a0Juana Castro (1964)<\/p>\n<p>E. Document #17:\u00a0<a href=\"http:\/\/library.brown.edu\/create\/modernlatinamerica\/chapters\/chapter-4-cuba\/primary-documents-w-accompanying-discussion-questions\/document-11-cubas-achievements-and-americas-wars-fidel-castro-2003\/\">\u201c<\/a><a href=\"http:\/\/library.brown.edu\/create\/modernlatinamerica\/chapters\/chapter-4-cuba\/primary-documents-w-accompanying-discussion-questions\/document-11-cubas-achievements-and-americas-wars-fidel-castro-2003\/\">What is Cuba&#8217;s Sin?<\/a>,\u201d\u00a0Fidel Castro (2003)<\/p>\n","protected":false},"excerpt":{"rendered":"<p>A. Document #13: \u201cMontecristi Manifesto,\u201d\u00a0Jos\u00e9 Mart\u00ed and M\u00e1ximo G\u00f3mez (1895) B. Document #14: \u201cMy Race,\u201d Jos\u00e9 Mart\u00ed (1893) C. Document #15: \u201cHistory Will Absolve Me,\u201d Fidel Castro (1953) D. Document #16:\u00a0&#8220;Statement from Mexico City,&#8221;\u00a0Juana Castro (1964) E. Document #17:\u00a0\u201cWhat is &hellip; <a href=\"https:\/\/library.brown.edu\/create\/modernlatinamerica\/chapters\/chapter-4-cuba\/primary-documents-w-accompanying-discussion-questions\/\">Continue reading <span class=\"meta-nav\">&rarr;<\/span><\/a><\/p>\n","protected":false},"author":37,"featured_media":0,"parent":79,"menu_order":6,"comment_status":"closed","ping_status":"closed","template":"sidebar-page.php","meta":{"footnotes":""},"class_list":["post-1906","page","type-page","status-publish","hentry"],"_links":{"self":[{"href":"https:\/\/library.brown.edu\/create\/modernlatinamerica\/wp-json\/wp\/v2\/pages\/1906","targetHints":{"allow":["GET"]}}],"collection":[{"href":"https:\/\/library.brown.edu\/create\/modernlatinamerica\/wp-json\/wp\/v2\/pages"}],"about":[{"href":"https:\/\/library.brown.edu\/create\/modernlatinamerica\/wp-json\/wp\/v2\/types\/page"}],"author":[{"embeddable":true,"href":"https:\/\/library.brown.edu\/create\/modernlatinamerica\/wp-json\/wp\/v2\/users\/37"}],"replies":[{"embeddable":true,"href":"https:\/\/library.brown.edu\/create\/modernlatinamerica\/wp-json\/wp\/v2\/comments?post=1906"}],"version-history":[{"count":2,"href":"https:\/\/library.brown.edu\/create\/modernlatinamerica\/wp-json\/wp\/v2\/pages\/1906\/revisions"}],"predecessor-version":[{"id":5082,"href":"https:\/\/library.brown.edu\/create\/modernlatinamerica\/wp-json\/wp\/v2\/pages\/1906\/revisions\/5082"}],"up":[{"embeddable":true,"href":"https:\/\/library.brown.edu\/create\/modernlatinamerica\/wp-json\/wp\/v2\/pages\/79"}],"wp:attachment":[{"href":"https:\/\/library.brown.edu\/create\/modernlatinamerica\/wp-json\/wp\/v2\/media?parent=1906"}],"curies":[{"name":"wp","href":"https:\/\/api.w.org\/{rel}","templated":true}]}}