{"id":1968,"date":"2013-06-24T13:45:18","date_gmt":"2013-06-24T18:45:18","guid":{"rendered":"http:\/\/library.brown.edu\/modernlatinamerica\/?page_id=1968"},"modified":"2013-06-24T13:45:18","modified_gmt":"2013-06-24T18:45:18","slug":"further-reading","status":"publish","type":"page","link":"https:\/\/library.brown.edu\/create\/modernlatinamerica\/chapters\/chapter-4-cuba\/further-reading\/","title":{"rendered":"Further Reading"},"content":{"rendered":"<div title=\"Page 11\">\n<p><strong><\/strong><strong>Chapter 5: Cuba<\/strong><\/p>\n<p>Students of Cuban history are deeply indebted to Hugh Thomas for his superbly researched and highly readable <em>Cuba: The Pursuit of Freedom<\/em> (New York: Harper &amp; Row, 1971). An excellent general history is Louis A. P\u00e9rez Jr., <em>Cuba: Between Reform and Revolution<\/em>, 2nd ed. (New York: Oxford University Press, 1995). The origins of Cuban struggles for national identity are analyzed in Lillian Guerra,<em> The Myth of Jos\u00e9 Mart\u00ed: Conflicting Nationalisms in Early Twentieth-Century Cuba<\/em> (Chapel Hill: University of North Carolina Press, 2005). The same author has written an engaging and critical account of the first years of the Cuban Revolution in <em>Visions of Power in Cuba: Revolution, Redemption, and Resistance, 1959-1971\u00a0<\/em>(Chapel Hill: University of North Carolina Press, 2012).\u00a0For a compact reference work see Julia E. Sweig, <em>Cuba: What Everyone Needs to Know<\/em> (New York: Oxford University Press, 2009).<\/p>\n<p>Several recent works on slavery and freedom in nineteenth-century Cuba are: Michele Reid-Vazquez, <em>The Year of the Last: Free People of Color in Cuba and the Nineteenth-Century Atlantic World<\/em> (Athens: University of Georgia Press, 2011), Manuel Barcia Paz,\u00a0<em>The Great Slave Revolt of 1825: Cuba and the Fight for Freedom in Matanzas <\/em>(Baton Rouge: Louisiana State University Press, 2012), Sarah L. Franklin, <i>Women and Slavery in Nineteenth-century Colonial Cuba<\/i> (Rochester: University of Rochester Press, 2012),\u00a0and\u00a0William C. Van Norman, Jr.\u00a0<em>Shade Grown Slavery: The Lives of Slaves on Coffee Plantations in Cuba<\/em> (Nashville: Vanderbilt University Press, 2012).<\/p>\n<p>An ambitious and authoritative study of race in modern Cuba is Alejandro de la Fuente, <em>A Nation For All: Race, Inequality, and Politics in Twentieth-Century Cuba<\/em> (Chapel Hill: University of North Carolina Press, 2001). Ada Ferrer examines the relationship of race to late nineteenth-century independence struggles in I<em>nsurgent Cuba: Race, Nation, and Revolution, 1968\u20131898<\/em> (Chapel Hill: University of North Carolina Press, 1999). The troubled history of Afro-Cubans is told in Aline Helg, <em>Our Rightful Share: The Afro-Cuban Struggle for Equality, 1886\u20131912<\/em> (Chapel Hill: University of North Carolina Press, 1995). To understand the impact of scientific racism on the island, see Alejandra Bronfman, <em>Measures of Equality: Social Science, Citizenship, and Race in Cuba, 1902\u20131940<\/em> (Chapel Hill: University of North Carolina Press, 2004). The process by which Afro-Cuban culture became a part of national identity is carefully analyzed in Robin Moore, <em>Nationalizing Blackness: Afrocubanism and Artistic Revolution in Havana, 1920\u20131940<\/em> (Pittsburgh, Pa.: University of Pittsburgh Press, 1997). Challenges to racism over the course of the twentieth century are documented in Melina Pappademos,\u00a0<em>Black Political Activism and he Cuban Republic<\/em> (Chapel Hill: University of North Carolina Press, 2011).<\/p>\n<div title=\"Page 12\">\n<p>A pioneering study of women is Verena Martinez-Alier, Marriage, <em>Class, and Colour in Nineteenth-Century Cuba<\/em> (London: Cambridge University Press, 1974). The emergence of women as political players is presented in K. Lynn Stoner, <em>From the House to the Streets: The Cuban Women\u2019s Movement for Legal Reform, 1898\u20131940<\/em> (Durham, N.C.: Duke University Press, 1991).<\/p>\n<p>A key turning point in Cuba\u2019s relationship to the United States is examined in Louis A. P\u00e9rez Jr., <em>The War of 1898: The United States and Cuba in History and Historiography<\/em> (Chapel Hill: University of North Carolina Press, 1998). The same author has produced a richly detailed portrait of Cuban society in <em>On Becoming Cuban: Identity, Nationality, and Culture<\/em> (Chapel Hill: University of North Carolina Press, 1999).<\/p>\n<p>Key works on Cuba\u2019s continuing conflicts with the United States include Thomas G. Paterson, <i>Contesting Castro: The United States and the Triumph of the Cuban Revolution<\/i> (New York: Oxford University Press, 1994); and Peter Kornbluh (ed.), <i>The Bay of Pigs Declassified: The Secret CIA Report on the Invasion of Cuba<\/i> (New York: New Press, 1998).\u00a0 The missile crisis of October 1962 is reviewed in Don Munton and David A. Welch, <i>The Cuban Missile Crisis: A Concise History<\/i> (New York: Oxford University Press, 2006). More specialized analyses can be found in Sheldon Stern, <i>Averting \u201cThe Final Failure\u201d: John F. Kennedy and the Secret Cuban Missile Crisis Meetings<\/i> (Stanford: Stanford University Press, 2003); and Alice L. George, <i>Awaiting Armageddon: How Americans Faced the Cuban Missile Crisis<\/i> (Chapel Hill: University of North Carolina Press, 2003).\u00a0 Critical assessments of a central U.S. policy initiative in the post-Cold War era appear in Joaqu\u00edn Roy, <i>Cuba, the United States, and the Helms-Burton Doctrine: International Reactions <\/i>(Gainesville: University Press of Florida, 2001). \u00a0An exhaustive recent study of the bilateral relationship is Lars Schoultz, T<em>hat Infernal Little Cuban Republic: The United States and the Cuban Revolution<\/em> (Chapel Hill: University of North Carolina Press, 2009). A recent collection of articles on the Cuban Revolution and its international impact is Soraya M. Castro Mari\u00f1o and Ronald W. Preussen,\u00a0<em>Fifty Years of Revolution: Perspectives on Cuba, the United States, and the World<\/em> (Gainesville: University Press of Florida, 2012.<\/p>\n<div title=\"Page 13\">\n<div>\n<div>\n<p>Despite the sensational (and misleading) title, there is much valuable information in Andr\u00e9s Oppenheimer,<em> Castro\u2019s Final Hour: The Secret Story Behind the Coming Downfall of Communist Cuba<\/em> (New York: Simon &amp; Schuster, 1992). The charismatic personality of Che Guevara is captured in Jorge C. Casta\u00f1eda, trans. Marina Casta\u00f1eda, <em>Compa\u00f1ero: The Life and Death of Che Guevara<\/em> (New York: Alfred A. Knopf, 1997). Cuba\u2019s most significant foreign policy venture is recounted in Piero Gleijeses, <em>Conflicting Missions: Havana, Washington, and Africa, 1959\u20131976<\/em> (Chapel Hill: University of North Carolina Press, 2002).<\/p>\n<p>Cuba\u2019s response to the economic crisis following the collapse of the USSR is the subject in Susan Eva Eckstein,<em> Back from the Future: Cuba Under Castro<\/em> (Princeton, N.J.: Princeton University Press, 1994), and in Carmelo Mesa-Lago, <em>Are Economic Reforms Propelling Cuba to the Market?<\/em> (Miami, Fla.: North-South Center, 1994). The failure of the revolutionary government to transform personal relations is documented in Lois Smith and Alfred Padula, <em>Sex and Revolution: Women in Socialist Cuba<\/em> (New York: Oxford University Press, 1996) and in Julia Marie Bunck, <em>Fidel Castro and the Quest for a Revolutionary Culture in Cuba<\/em> (University Park: Pennsylvania State University Press, 1994). For the darker side of the Revolution, see Jacobo Timerman, <em>Cuba: A Journey<\/em> (New York: Alfred A. Knopf, 1990), and Human Rights Watch, <em>Cuba\u2019s Repressive Machinery<\/em> (New York: Human Rights Watch, June 1999).<\/p>\n<\/div>\n<\/div>\n<\/div>\n<\/div>\n<\/div>\n<p>&nbsp;<\/p>\n<p><strong>\u00a0<\/strong><\/p>\n<p><strong>\u00a0<\/strong><\/p>\n","protected":false},"excerpt":{"rendered":"<p>Chapter 5: Cuba Students of Cuban history are deeply indebted to Hugh Thomas for his superbly researched and highly readable Cuba: The Pursuit of Freedom (New York: Harper &amp; Row, 1971). An excellent general history is Louis A. P\u00e9rez Jr., &hellip; <a href=\"https:\/\/library.brown.edu\/create\/modernlatinamerica\/chapters\/chapter-4-cuba\/further-reading\/\">Continue reading <span class=\"meta-nav\">&rarr;<\/span><\/a><\/p>\n","protected":false},"author":37,"featured_media":0,"parent":79,"menu_order":8,"comment_status":"closed","ping_status":"closed","template":"sidebar-page.php","meta":{"footnotes":""},"class_list":["post-1968","page","type-page","status-publish","hentry"],"_links":{"self":[{"href":"https:\/\/library.brown.edu\/create\/modernlatinamerica\/wp-json\/wp\/v2\/pages\/1968","targetHints":{"allow":["GET"]}}],"collection":[{"href":"https:\/\/library.brown.edu\/create\/modernlatinamerica\/wp-json\/wp\/v2\/pages"}],"about":[{"href":"https:\/\/library.brown.edu\/create\/modernlatinamerica\/wp-json\/wp\/v2\/types\/page"}],"author":[{"embeddable":true,"href":"https:\/\/library.brown.edu\/create\/modernlatinamerica\/wp-json\/wp\/v2\/users\/37"}],"replies":[{"embeddable":true,"href":"https:\/\/library.brown.edu\/create\/modernlatinamerica\/wp-json\/wp\/v2\/comments?post=1968"}],"version-history":[{"count":0,"href":"https:\/\/library.brown.edu\/create\/modernlatinamerica\/wp-json\/wp\/v2\/pages\/1968\/revisions"}],"up":[{"embeddable":true,"href":"https:\/\/library.brown.edu\/create\/modernlatinamerica\/wp-json\/wp\/v2\/pages\/79"}],"wp:attachment":[{"href":"https:\/\/library.brown.edu\/create\/modernlatinamerica\/wp-json\/wp\/v2\/media?parent=1968"}],"curies":[{"name":"wp","href":"https:\/\/api.w.org\/{rel}","templated":true}]}}