{"id":2189,"date":"2013-07-02T13:17:28","date_gmt":"2013-07-02T18:17:28","guid":{"rendered":"http:\/\/library.brown.edu\/modernlatinamerica\/?page_id=2189"},"modified":"2013-07-02T13:17:28","modified_gmt":"2013-07-02T18:17:28","slug":"what-is-peronism-by-juan-domingo-peron-1948-the-twenty-truths-of-the-peronist-justicialism-juan-domingo-peron-1950","status":"publish","type":"page","link":"https:\/\/library.brown.edu\/create\/modernlatinamerica\/chapters\/chapter-9-argentina\/primary-documents-w-accompanying-discussion-questions\/what-is-peronism-by-juan-domingo-peron-1948-the-twenty-truths-of-the-peronist-justicialism-juan-domingo-peron-1950\/","title":{"rendered":"Document #24: &#8220;What is Peronism?&#8221; by Juan Domingo Per\u00f3n (1948) || &#8220;The Twenty Truths of the Per\u00f3nist Justicialism,&#8221; Juan Domingo Per\u00f3n (1950)"},"content":{"rendered":"<p><strong>&#8220;What is Peronism?&#8221;<\/strong><\/p>\n<p>Speech of 20 August 1948:<\/p>\n<div id=\"attachment_3973\" style=\"width: 350px\" class=\"wp-caption alignleft\"><a href=\"https:\/\/library.brown.edu\/create\/modernlatinamerica\/wp-content\/uploads\/sites\/42\/2013\/07\/Juan_Peron_con_banda_de_presidente.jpg\"><img loading=\"lazy\" decoding=\"async\" aria-describedby=\"caption-attachment-3973\" class=\"size-full wp-image-3973\" alt=\"Juan_Peron_con_banda_de_presidente\" src=\"https:\/\/library.brown.edu\/create\/modernlatinamerica\/wp-content\/uploads\/sites\/42\/2013\/07\/Juan_Peron_con_banda_de_presidente.jpg\" width=\"340\" height=\"387\" srcset=\"https:\/\/library.brown.edu\/create\/modernlatinamerica\/wp-content\/uploads\/sites\/42\/2013\/07\/Juan_Peron_con_banda_de_presidente.jpg 340w, https:\/\/library.brown.edu\/create\/modernlatinamerica\/wp-content\/uploads\/sites\/42\/2013\/07\/Juan_Peron_con_banda_de_presidente-264x300.jpg 264w\" sizes=\"auto, (max-width: 340px) 100vw, 340px\" \/><\/a><p id=\"caption-attachment-3973\" class=\"wp-caption-text\">President Juan Per\u00f3n<\/p><\/div>\n<p>In Congress a few days ago, some of our legislators have asked what Per\u00f3nism is. Per\u00f3nism is humanism in action; Per\u00f3nism is a new political doctrine, which rejects all the ills of the politics of previous times; in the social sphere it is a theory which establishes a little equal ity among men, which grants them similar opportunities and assures them of a future so that in this land there may be no one who lacks what he needs for a living, even though it may be necessary that those who are wildly squandering what they possess may be deprived of the right to do so, for the benefit of those who have nothing at all; in the economic sphere its aim is that every Argentine should pull his weight for the Argentines and that economic policy which maintained that this was a permanent and perfect school of capitalist exploitation should be replaced by a doctrine of social economy under which the distribution of our wealth, which we force the earth to yield up to us and which furthermore we are elab orating, may be shared out fairly among all those who have contributed by their efforts to amass it.<\/p>\n<p>That is Per\u00f3nism. And Per\u00f3nism is not learned, nor just talked about: one feels it or else disagrees. Per\u00f3nism is a question of the heart rather than of the head. Fortunately I am not one of those Presidents who live a life apart, but on the contrary I live among my people, just as I have always lived; so that I share all the ups and downs, all their successes an all their disappointments with my working class people. I feel an intimate satisfaction when I see a workman who is well dressed or taking his family to the theatre. I feel just as satisfied as I would feel if I were that workman myself. That is Per\u00f3nism.<\/p>\n<p><em>One Single Class of Men<\/em><\/p>\n<p>I have never been of the opinion that in this world there should be groups of men against other groups, nations against nations and much less can I admit that men should be enemies because they profess a different religion. How could it be admitted, how could it be explained that anti-Semitism should exist in Argentina? In Argentina there should not be more than one single class of men: men who work together for the welfare of the nation, without any discrimination whatever. They are good Argentines, no matter what their origin, their race or their religion may be, if they work every day for the greatness of the Nation, and they are bad Argentines, no matter what they say or how much they shout, if they are not laying a new stone every day towards the construction of the building of the happiness and grandeur of our Nation.<\/p>\n<p>That is the only discrimination which Argentina should make among its inhabitants: those who are doing constructive work and those who are not; those who are benefactors to the country and those who are not. For this reason in this freest land of the free, as long as I am President of the Republic, no one will be persecuted by anyone else.<\/p>\n<p>&nbsp;<\/p>\n<p>****************************************************<\/p>\n<p>&nbsp;<\/p>\n<p><strong>&#8220;The Twenty Truths of the Per\u00f3nist Justicialism&#8221;<\/strong><\/p>\n<p>From a speech of\u00a017th October 1950 made at the Plaza de Mayo:<\/p>\n<p>1. True democracy is the system where the Government carries out the will of the people defending a single objective: the interests of the people.<\/p>\n<p>2. Per\u00f3nism is an eminently popular movement. Every political clique is opposed to the popular interests and, therefore, it cannot be a Per\u00f3nist organization.<\/p>\n<p>3. A Per\u00f3nist must be at the service of the cause. He who invoking the name of this cause is really at the service of a political clique or a &#8220;caudillo&#8221; (local political leader) is only a Per\u00f3nist by name.<\/p>\n<p>4. There is only one class of men for the Per\u00f3nist cause: the workers.<\/p>\n<p>5. In the New Argentina, work is a right which dignifies man and a duty, because it is only fair that each one should produce at least what he consumes.<\/p>\n<p>6. There can be nothing better for a Per\u00f3nist than another Per\u00f3nist.<\/p>\n<p>7. No Per\u00f3nist should presume to be more than he really is, nor should he adopt a position inferior to what his social status should be. When a Per\u00f3nist starts to think that he is more important than he really is, he is about to become one of the oligarchy.<\/p>\n<p>8. With reference to political action the scale of values for all Per\u00f3nists is as follows: First, the Homeland; afterwards the cause, and then, the men themselves.<\/p>\n<p>9. Politics do not constitute for us a definite objective but only a means of achieving the Homeland&#8217;s welfare represented by the happiness of the people and the greatness of the nation.<\/p>\n<p>10. The two main branches of Per\u00f3nism are the Social Justice and the Social Welfare. With these we envelop the people in an embrace of justice and love.<\/p>\n<p>11. Per\u00f3nism desires the establishment of national unity and the abolition of civil strife. It welcomes heroes but does not want martyrs.<\/p>\n<p>12. In the New Argentina the only privileged ones are the children.<\/p>\n<p>13. A Government without a doctrine is a body without a soul. That is why Per\u00f3nism has established its own political, economic and social doctrines: Justicialism.<\/p>\n<p>14. Justicialism is a new philosophical school of life. It is simple, practical, popular and endowed with deeply Christian and humanitarian sentiments.<\/p>\n<p>15. As a political doctrine, Justicialism establishes a fair balance between the rights of the individual and those of the community.<\/p>\n<p>16. As an economic doctrine, Justicialism achieves a true form of social economy by placing capital at the service of the national economy and this at the service of social welfare.<\/p>\n<p>17. As a social doctrine, Justicialism presides over an adequate distribution of Social Justice giving to each person the social rights he is entitled to.<\/p>\n<p>18. We want a socially just, an economically free and a politically independent\u00a0Argentina.<\/p>\n<p>19. We are an organized State and a free people ruled by a centralized government.<\/p>\n<p>20. The best of this land of ours is its people.<\/p>\n<p>&nbsp;<\/p>\n<p><span style=\"text-decoration: underline\">Source:<br \/>\n<\/span>Juan Domingo Per\u00f3n.\u00a0<i>Per\u00f3nist Doctrine<\/i>. Edited by the Per\u00f3nist Party. (Buenos Aires, 1952)<\/p>\n<p>&nbsp;<\/p>\n","protected":false},"excerpt":{"rendered":"<p>&#8220;What is Peronism?&#8221; Speech of 20 August 1948: In Congress a few days ago, some of our legislators have asked what Per\u00f3nism is. Per\u00f3nism is humanism in action; Per\u00f3nism is a new political doctrine, which rejects all the ills of &hellip; <a href=\"https:\/\/library.brown.edu\/create\/modernlatinamerica\/chapters\/chapter-9-argentina\/primary-documents-w-accompanying-discussion-questions\/what-is-peronism-by-juan-domingo-peron-1948-the-twenty-truths-of-the-peronist-justicialism-juan-domingo-peron-1950\/\">Continue reading <span class=\"meta-nav\">&rarr;<\/span><\/a><\/p>\n","protected":false},"author":37,"featured_media":0,"parent":2183,"menu_order":2,"comment_status":"closed","ping_status":"closed","template":"sidebar-page.php","meta":{"footnotes":""},"class_list":["post-2189","page","type-page","status-publish","hentry"],"_links":{"self":[{"href":"https:\/\/library.brown.edu\/create\/modernlatinamerica\/wp-json\/wp\/v2\/pages\/2189","targetHints":{"allow":["GET"]}}],"collection":[{"href":"https:\/\/library.brown.edu\/create\/modernlatinamerica\/wp-json\/wp\/v2\/pages"}],"about":[{"href":"https:\/\/library.brown.edu\/create\/modernlatinamerica\/wp-json\/wp\/v2\/types\/page"}],"author":[{"embeddable":true,"href":"https:\/\/library.brown.edu\/create\/modernlatinamerica\/wp-json\/wp\/v2\/users\/37"}],"replies":[{"embeddable":true,"href":"https:\/\/library.brown.edu\/create\/modernlatinamerica\/wp-json\/wp\/v2\/comments?post=2189"}],"version-history":[{"count":0,"href":"https:\/\/library.brown.edu\/create\/modernlatinamerica\/wp-json\/wp\/v2\/pages\/2189\/revisions"}],"up":[{"embeddable":true,"href":"https:\/\/library.brown.edu\/create\/modernlatinamerica\/wp-json\/wp\/v2\/pages\/2183"}],"wp:attachment":[{"href":"https:\/\/library.brown.edu\/create\/modernlatinamerica\/wp-json\/wp\/v2\/media?parent=2189"}],"curies":[{"name":"wp","href":"https:\/\/api.w.org\/{rel}","templated":true}]}}