{"id":2975,"date":"2013-07-23T18:09:18","date_gmt":"2013-07-23T23:09:18","guid":{"rendered":"http:\/\/library.brown.edu\/modernlatinamerica\/?page_id=2975"},"modified":"2013-07-23T18:09:18","modified_gmt":"2013-07-23T23:09:18","slug":"further-reading","status":"publish","type":"page","link":"https:\/\/library.brown.edu\/create\/modernlatinamerica\/chapters\/chapter-12-strategies-for-economic-developmen\/further-reading\/","title":{"rendered":"Further Reading"},"content":{"rendered":"<p><strong>Chapter 12: Strategies for Economic Development<\/strong><\/p>\n<div title=\"Page 28\">\n<p>Intellectual inspiration for this chapter has come from a seminal essay by Alberto O. Hirschman, \u201cIdeologies of Economic Development,\u201d in his <i>Latin American Issues: <a href=\"http:\/\/library.brown.edu\/modernlatinamerica\/chapters\/chapter-12-strategies-for-economic-developmen\/further-reading\/\">Essays<\/a> and Comments<\/i> (New York: Twentieth Century Fund, 1961). Victor Bulmer-Thomas offers a comprehensive survey in <i>The Economic History of Latin America since Independence<\/i> (Cambridge, U.K.: Cambridge University Press, 1994). The crucial nineteenth-century economic lag is explored in Stephen Haber, ed., <i>How Latin America Fell Behind: Essays on the Economic Histories of Brazil and Mexico, 1800\u20131914 <\/i>(Stanford, Calif.: Stanford University Press, 1997). The historical roots of liberal economic ideology are examined in Joseph L. Love and Nils Jacobson, eds., <i>Guiding the Invisible Hand: Economic Liberalism and the State and Latin American History <\/i>(New York: Praeger, 1988). For an economic history focusing on gaps between the rich and poor, see Rosemary Thorp, <i>Progress, Poverty, and Exclusion: An Economic History of Latin America in the 20th Century<\/i> (Baltimore, Md.: Johns Hopkins University Press, 1998).<\/p>\n<p>The influence of Ra\u00fal Prebisch and of the United Nation\u2019s Economic Commission on Latin America (ECLA, now ECLAC) is recounted in Edgar J. Dosman, <i>The Life and Times of Ra\u00fal Prebisch, 1901\u20131986 <\/i>(Montreal: McGill-Queen\u2019s University Press, 2008) and in Dosman\u2019s edited anthology entitled <i>Ra\u00fal Prebisch: Power, Principle, and the Ethics of Development<\/i> (Washington, D.C.: Inter-American Development <a href=\"http:\/\/library.brown.edu\/modernlatinamerica\/chapters\/chapter-12-strategies-for-economic-developmen\/further-reading\/\">Bank<\/a>, 2006).<\/p>\n<p>Dependency analysis has spawned much literature and considerable controversy. The classic formulation remains Fernando Henrique Cardoso and Enzo Faletto, <i>Dependency and Development in Latin America,<\/i> trans. Marjory Mattingly Urquidi (Berkeley: University of California Press, 1979). A strident effort to discredit the dependency approach is Robert A. Packenham, <i>The Dependency Movement: Scholarship and Politics in Development Studies<\/i> (Cambridge, Mass.: Harvard University Press, 1992).\u00a0 Adopting an international perspective, Joseph L. Love presents a unique comparative study in <i>Crafting the Third World: Theorizing Underdevelopment in Rumania and Brazil <\/i>(Stanford, Calif.: Stanford University Press, 1996).<\/p>\n<p>A critique of free-market economics can be found in Duncan Greene, <i>Silent Revolution: The Rise and Crisis of Market Economics in Latin Americ<\/i>a (New York: Monthly Review Press, 2003). A broad policy study that questions excessive reliance on market forces is Nancy Birdsall, Carol Graham, and Richard H. Sabot, eds., <i>Beyond Tradeoffs: Market Reform and Equitable Growth in Latin America<\/i> (Washington, D.C.: Inter-American Development Bank, 1998). The effects of policies designed to cultivate lower-class political support are outlined in Rudiger Dornbusch and Sebastian Edwards, eds., <i>The Macroeconomics of Populism in Latin America<\/i> (Chicago: University of Chicago Press, 1991).<\/p>\n<p>Understanding of Latin America\u2019s debt crisis and neoliberal reforms must begin with Pedro Pablo Kuczynski, <i>Latin American Debt<\/i> (Baltimore: Johns Hopkins University Press, 1988); Robert Devlin, <i>Debt and Crisis in Latin America: The Supply Side of the Story<\/i> (Princeton: Princeton University Press, 1989); and, perhaps most important, John Williamson (ed.), <i>Latin American Economic Adjustment: How Much Has Happened? <\/i>(Washington, D.C.: Institute for International Economics, 1990). Benefits of hindsight appear in Dani Rodrik, <i>Has Globalization Gone Too Far?<\/i> (Washington, D.C.: Institute of International Economics, 1997); Pedro-Pablo Kuczynski and John Williamson, <i>After the Consensus: Restarting Growth and Reform in Latin America <\/i>(Washington, D.C.: Institute for International Economics, 2003); and, more explicitly, in Douglas S. Massey, Magaly Sanchez R., and Jere R. Behrman (eds.), <i>Chronicle of a Myth Foretold: The Washington Consensus in Latin America<\/i>, a special issue of <i>The Annals of the American Academy of Political and Social Science<\/i>, 606 (July 2006).<\/p>\n<p>Scholars have paid close attention to efforts by Latin American nations to achieve regional economic integration. Such works include Victor Bulmer-Thomas, ed., <i>Regional Integration in Latin America and the Caribbean<\/i> (London: Institute of Latin American Studies, 2001); Antoni Estevadeord, et al., eds., <i>Integrating the Americas: FTAA and Beyond<\/i> (Cambridge, Mass.: David Rockefeller Center for Latin American Studies, Harvard University, 2004); and Philippe de Lombaerde, Antoni Estevadeordal, and Kati Suominen, eds., <i>Governing Regional Integration for Development <\/i>(Aldershot, U.K.: Ashgate, 2008).<\/p>\n<p>Baseline studies of the North American free trade agreement (NAFTA) are mentioned under Further Readings for Chapter 3 (Mexico).\u00a0 Specialized works include Frederick Mayer, <i>Interpreting NAFTA: The Science and Art of Political Analysis <\/i>(New York: Columbia University Press, 1998), a study distinguished by its theoretical sophistication; Strom Thacker, <i>Big Business, the State and Free Trade: Constructing Coalitions in Mexico<\/i> (Cambridge: Cambridge University Press, 2000); Edward J.Chambers and Peter H. Smith (eds.) <em>NAFTA in the New\u00a0Millennium (<\/em>La Jolla, CA: Center for U.S.-Mexican Studies, University of California, San Diego; Edmonton: University of Alberta Press, 2002). \u00a0Environmental concerns are presented in Carolyn Deere and Daniel Esty (eds.), <i>Greening the Americas: NAFTA\u2019s Lessons for Hemispheric Trade <\/i>(Cambridge, MA: MIT Press, 2002); while social issues provide the focus for Kathleen Staudt and Irasema Coronado, <i>Frontera No M\u00e1s: Toward Social Justice at the U.S.\u2013Mexican Border<\/i> (New York: Palgrave Macmillan, 2002).\u00a0 Innovative treatment of U.S.-Mexican relations can be found in Robert A. Pastor, <i>The North American Idea: A Vision of a Continental Future <\/i>(New York: Oxford University Press, 2011).\u00a0 Up-to-date scholarly analyses are presented in Peter H. Smith and Andrew Selee (eds.), <i>Mexico and the United States: The Politics of Partnership<\/i> (Boulder: Lynne Rienner, 2013).<\/p>\n<p>Studies of the \u201ccommon market of the south\u201d include Riordan Roett (ed.), <i>MERCOSUR: Regional Integration, World Markets <\/i>(Boulder: Lynne Rienner, 1999); Helio Jaguaribe and \u00c1lvaro de Vasconcelos (eds.), <i>The European Union, Mercosul, and the New World Order <\/i>(London: Frank Cass, 2003); and Francisco Dom\u00ednguez and Marcos Guedes de Oliveria (eds.), <i>Mercosur: Between Integration and Democracy <\/i>(Pieterlen, Switzerland: Peter Lang AG, 2004). Concerns about integration in general and FTAA in particular are expressed in Gordon Mace and Louis B\u00e9langer (eds.), <i>The Americas in Transition: The Contours of Regionalism<\/i> (Boulder: Lynne Rienner, 1999); Victor Bulmer-Thomas (ed.), <i>Regional Integration in Latin America and the Caribbean <\/i>(London: Institute of Latin American Studies, 2001); Diana Tussie, <i>Trade Negotiations in Latin America: Problems and Prospects <\/i>(New York: Palgrave Macmillan, 2003); and Ana Margheritis (ed.), <i>Latin American Democracies in the New Global Economy <\/i>(North-South Center Press: Miami, 2003).<\/p>\n<p>Statistical data provide essential foundations for the rigorous study of economics and socio-economic development.\u00a0 A brief listing of sources on the region as a whole includes:<\/p>\n<ul>\n<li>Behrman, Jere R. <em style=\"color: #000000\"><a href=\"http:\/\/library.brown.edu\/modernlatinamerica\/chapters\/chapter-1-why-latin-america\/sources-for-statistical-data\/\">Human Resources<\/a> in Latin America and the Caribbean (<\/em>Washington, D.C.: Inter-American Development Bank, 1996)<\/li>\n<li>Boyer, Richard E., and Keith A. Davies. <em style=\"color: #000000\">Urbanization in 19th Century Latin America: Statistics and Sources.<\/em> (Los Angeles: UCLA Latin American Center Publications, 1973)<\/li>\n<li>Donschke, Elaine, and Doreen S. Goyer. <em style=\"color: #000000\">The Handbook of National Population Censuses: Latin American and the Caribbean, North America, and Oceania (<\/em>Westport, Conn.: Greenwood, 1983)<\/li>\n<li>Euromonitor PLC. <em style=\"color: #000000\">Consumer Latin America<\/em> (London: Euromonitor Plc, 1996\u2013)<\/li>\n<li>Inter-American Development Bank.<em style=\"color: #000000\"> Latin America in Graphs<\/em> (Washington, D.C.: Inter- American Development Bank, 1991)<\/li>\n<li>International Labour Organisation. <em style=\"color: #000000\">Panorama laboral. Am\u00e9rica Latina y el Caribe<\/em>. (Lima: Oficina Internacional del Trabajo, 2001\u2013)<\/li>\n<li><em style=\"color: #000000\">International Historical Statistics: The Americas and Australasia<\/em> (Detroit, Mich.: Gale, 1983)<\/li>\n<li>Lorey, David E. <em style=\"color: #000000\">United States-Mexico Border Statistics since 1900. Update<\/em> (Los Angeles: UCLA Latin American Center Publications, 1993)<\/li>\n<li>Mitchell, B. R. <em style=\"color: #000000\">International Historical Statistics: The Americas, 1750\u20131993<\/em>, 4th ed. (London and New York: Macmillan Reference, 1998)<\/li>\n<li>Reich, Peter L. <em style=\"color: #000000\">Statistical Abstract of the United States-Mexico Borderlands<\/em> (Los Angeles: UCLA Latin American Center Publications, 1984)<\/li>\n<li><em>Statistical Abstract of Latin America<\/em> (Los Angeles: UCLA Latin American Center, 1956\u2013)<\/li>\n<li>Travis, Carole, ed. <em>A Guide to Latin American and Caribbean Census Material<\/em> (Boston: G.K. Hall, 1990)<\/li>\n<li>United Nations. Dept. of Economic and Social Affairs. Population Division. <em>HIV\/AIDS Awareness and Behaviour<\/em>. (New York: United Nations, 2002)<\/li>\n<li>United Nations. Economic Commission for Latin America.<em> Bolet\u00edn estad\u00edstico de Am\u00e9rica Latina <\/em><em>(<\/em>New York: United Nations, 1964\u201372)<\/li>\n<li>United Nations. Economic Commission for Latin America and the Caribbean. <em>Anuario estad\u00edstico de Am\u00e9rica Latina y el Caribe\u2014Statistical <a href=\"http:\/\/library.brown.edu\/modernlatinamerica\/chapters\/chapter-1-why-latin-america\/sources-for-statistical-data\/\">Yearbook<\/a> for Latin America and the Caribbean<\/em> (Santiago, Chile: Economic Commission for Latin America and the Caribbean, 1985\u2013)<\/li>\n<li>United Nations. Economic Commission for Latin America and the Caribbean. <em>Observatorio demogr\u00e1fico \/ Demographic observator.<\/em> (Santiago, Chile: CELADE, 2006)<\/li>\n<li>United Nations. Economic Commission for Latin America and the Caribbean. <em>Postwar Transfer of Resources Abroad by Latin America<\/em> (Santiago, Chile: United Nations, Economic Commission for Latin America and the Caribbean, 1992)<\/li>\n<li>United Nations. Economic Commission for Latin America and the Caribbean. Economic Development Division. <em>Economic Panorama of Latin America<\/em> (Santiago, Chile: United Nations, 1985\u20131996); and <i>Panorama Social de Am\u00e9rica Latina, <\/i>various years.<\/li>\n<li>United Nations. Economic Commission for Latin America and the Caribbean. <em>Economic Survey of Latin America and the Caribbean. Current Conditions and Outlook<\/em> (Santiago, Chile: United Nations, CEPAL, 2001).<\/li>\n<li>United Nations. Economic Commission for Latin America and the Caribbean. International Trade Unit.<em> Latin America and the Caribbean in the World Economy<\/em> (Santiago, Chile: United Nations, CEPAL, 1998\u2013)<\/li>\n<li>United States. Agency for International Development. <em>Latin America and the Caribbean: Selected Economic and Social Data<\/em> (Washington, D.C.: Agency for International Development, 1991\u2013)<\/li>\n<li>Wilkie, James Wallace, Richard W. Wilkie, and John Marti. <em>Measuring Land Reform: Supplement to the Statistical Abstract of Latin America<\/em> (Los Angeles: UCLA Latin American Center Publications, 1974)<\/li>\n<li>Wilkie, Richard W. <em>Latin American Population and Urbanization Analysis: Maps and Statistics, 1950\u20131982<\/em> (Los Angeles: UCLA Latin American Center Publications, 1984)<\/li>\n<li>World Bank, <i>World Development Report<\/i> (Washington DC and New York: World Bank\/Oxford University Press, 1978-).<\/li>\n<\/ul>\n<p>Online sources and reports can be found at websites of the Economic Commission for Latin America and the Caribbean (<a href=\"http:\/\/www.eclac.org\">www.eclac.org<\/a>), the Inter-American Development Bank (<a href=\"http:\/\/www.iadb.org\">www.iadb.org<\/a>), and the World Bank (<a href=\"http:\/\/www.worldbank.org\">www.worldbank.org<\/a>).\u00a0\u00a0 In addition, individual countries publish official and unofficial reports that include national censuses, economic <a href=\"http:\/\/library.brown.edu\/modernlatinamerica\/chapters\/chapter-1-why-latin-america\/sources-for-statistical-data\/\">surveys<\/a>, and studies of public health and social welfare.<\/p>\n<\/div>\n","protected":false},"excerpt":{"rendered":"<p>Chapter 12: Strategies for Economic Development Intellectual inspiration for this chapter has come from a seminal essay by Alberto O. Hirschman, \u201cIdeologies of Economic Development,\u201d in his Latin American Issues: Essays and Comments (New York: Twentieth Century Fund, 1961). Victor &hellip; <a href=\"https:\/\/library.brown.edu\/create\/modernlatinamerica\/chapters\/chapter-12-strategies-for-economic-developmen\/further-reading\/\">Continue reading <span class=\"meta-nav\">&rarr;<\/span><\/a><\/p>\n","protected":false},"author":37,"featured_media":0,"parent":362,"menu_order":7,"comment_status":"closed","ping_status":"closed","template":"sidebar-page.php","meta":{"footnotes":""},"class_list":["post-2975","page","type-page","status-publish","hentry"],"_links":{"self":[{"href":"https:\/\/library.brown.edu\/create\/modernlatinamerica\/wp-json\/wp\/v2\/pages\/2975","targetHints":{"allow":["GET"]}}],"collection":[{"href":"https:\/\/library.brown.edu\/create\/modernlatinamerica\/wp-json\/wp\/v2\/pages"}],"about":[{"href":"https:\/\/library.brown.edu\/create\/modernlatinamerica\/wp-json\/wp\/v2\/types\/page"}],"author":[{"embeddable":true,"href":"https:\/\/library.brown.edu\/create\/modernlatinamerica\/wp-json\/wp\/v2\/users\/37"}],"replies":[{"embeddable":true,"href":"https:\/\/library.brown.edu\/create\/modernlatinamerica\/wp-json\/wp\/v2\/comments?post=2975"}],"version-history":[{"count":0,"href":"https:\/\/library.brown.edu\/create\/modernlatinamerica\/wp-json\/wp\/v2\/pages\/2975\/revisions"}],"up":[{"embeddable":true,"href":"https:\/\/library.brown.edu\/create\/modernlatinamerica\/wp-json\/wp\/v2\/pages\/362"}],"wp:attachment":[{"href":"https:\/\/library.brown.edu\/create\/modernlatinamerica\/wp-json\/wp\/v2\/media?parent=2975"}],"curies":[{"name":"wp","href":"https:\/\/api.w.org\/{rel}","templated":true}]}}