{"id":309,"date":"2012-08-07T13:25:23","date_gmt":"2012-08-07T18:25:23","guid":{"rendered":"http:\/\/library.brown.edu\/modernlatinamerica\/?page_id=309"},"modified":"2016-07-06T15:14:27","modified_gmt":"2016-07-06T15:14:27","slug":"chapter-6-the-andes","status":"publish","type":"page","link":"https:\/\/library.brown.edu\/create\/modernlatinamerica\/chapters\/chapter-6-the-andes\/","title":{"rendered":"Chapter 6. The Andes: Soldiers, Oligarchs, and Indians"},"content":{"rendered":"<div id=\"attachment_1501\" style=\"width: 1034px\" class=\"wp-caption aligncenter\"><a href=\"https:\/\/library.brown.edu\/create\/modernlatinamerica\/wp-content\/uploads\/sites\/42\/2012\/08\/1024px-1818_Pinkerton_Map_of_Peru_-_Geographicus_-_Peru-pinkerton-1818.jpg\"><img loading=\"lazy\" decoding=\"async\" aria-describedby=\"caption-attachment-1501\" class=\"size-full wp-image-1501\" title=\"1024px-1818_Pinkerton_Map_of_Peru_-_Geographicus_-_Peru-pinkerton-1818\" alt=\"\" src=\"https:\/\/library.brown.edu\/create\/modernlatinamerica\/wp-content\/uploads\/sites\/42\/2012\/08\/1024px-1818_Pinkerton_Map_of_Peru_-_Geographicus_-_Peru-pinkerton-1818.jpg\" width=\"1024\" height=\"750\" srcset=\"https:\/\/library.brown.edu\/create\/modernlatinamerica\/wp-content\/uploads\/sites\/42\/2012\/08\/1024px-1818_Pinkerton_Map_of_Peru_-_Geographicus_-_Peru-pinkerton-1818.jpg 1024w, https:\/\/library.brown.edu\/create\/modernlatinamerica\/wp-content\/uploads\/sites\/42\/2012\/08\/1024px-1818_Pinkerton_Map_of_Peru_-_Geographicus_-_Peru-pinkerton-1818-300x220.jpg 300w, https:\/\/library.brown.edu\/create\/modernlatinamerica\/wp-content\/uploads\/sites\/42\/2012\/08\/1024px-1818_Pinkerton_Map_of_Peru_-_Geographicus_-_Peru-pinkerton-1818-768x563.jpg 768w, https:\/\/library.brown.edu\/create\/modernlatinamerica\/wp-content\/uploads\/sites\/42\/2012\/08\/1024px-1818_Pinkerton_Map_of_Peru_-_Geographicus_-_Peru-pinkerton-1818-410x300.jpg 410w\" sizes=\"auto, (max-width: 1024px) 100vw, 1024px\" \/><\/a><p id=\"caption-attachment-1501\" class=\"wp-caption-text\">Pinkerton Map of Peru (1818) from Pinkerton&#8217;s Modern Atlas<\/p><\/div>\n<ol>\n<li><span style=\"text-decoration: underline\"><a href=\"http:\/\/library.brown.edu\/create\/modernlatinamerica\/chapters\/chapter-6-the-andes\/chapter-6-timeline\/\">Timeline for the Andea<\/a><\/span>\n<ol>\n<li>Bolivia<\/li>\n<li>Ecuador<\/li>\n<li>Peru<\/li>\n<\/ol>\n<\/li>\n<li><a href=\"http:\/\/library.brown.edu\/create\/modernlatinamerica\/chapters\/chapter-6-the-andes\/andean-heads-of-state\/\"><span style=\"text-decoration: underline\">List of Andean Heads of State<\/span><\/a>\n<ol>\n<li>Bolivia<\/li>\n<li>Ecuador<\/li>\n<li>Peru<\/li>\n<\/ol>\n<\/li>\n<li><span style=\"text-decoration: underline\"><a href=\"http:\/\/library.brown.edu\/create\/modernlatinamerica\/chapters\/chapter-6-the-andes\/figures-in-andean-history\/\">Andean Profiles and Personalities<\/a><\/span>\n<ol>\n<li>Bolivia:\n<ol>\n<li>V\u00edctor Paz Estenssorro<\/li>\n<li>Evo Morales<\/li>\n<\/ol>\n<\/li>\n<li>Ecuador:\n<ol>\n<li>Antonio Jos\u00e9 de Sucre<\/li>\n<li>Jos\u00e9 Maria Velasco Ibarra<\/li>\n<li>Rafael Correa<\/li>\n<\/ol>\n<\/li>\n<li>Peru:\n<ol>\n<li>Victor R\u00e1ul Haya de la Torre<\/li>\n<li>Juan Francisco Velasco Alvarado<\/li>\n<li>Alberto Fujimori<\/li>\n<li>Ollanta Humala<\/li>\n<li>Domitila Barrios de Chungara<\/li>\n<\/ol>\n<\/li>\n<\/ol>\n<\/li>\n<li><span style=\"text-decoration: underline\"><a href=\"http:\/\/library.brown.edu\/create\/modernlatinamerica\/chapters\/chapter-6-the-andes\/moments-in-andean-history\/\">Moments and Events in the Andes<\/a><br \/>\n<\/span><\/p>\n<ol>\n<li>Essay #11: &#8220;Chinese in Peru in the 19th C.,&#8221; by Justina Hwang<\/li>\n<li>Essay #12: &#8220;Coca and Identity in Peru,&#8221; by Sabine Adrian<\/li>\n<li>Essay #13: &#8220;Independent Ecuador: A Cacao Republic,&#8221; by Catherine Carbone<\/li>\n<li>Essay #14: &#8220;The Emergence of CONAIE and Indigenous Mobilization in Ecuador,&#8221; by Emma Bainbridge<\/li>\n<li>Essay #15: &#8220;Oil in the Amazon: Ecuador and Chevron-Texaco,&#8221; by Joshua Bernard<\/li>\n<li>Essay #16: &#8220;The Historical Significance of Evo Morales Presidential Victory,&#8221; by Michael Miller<\/li>\n<li>Essay #17: &#8220;Memories of Violence, Peace, and Justice in Peru,&#8221; by F\u00e9lix Re\u00e1tegui<\/li>\n<\/ol>\n<\/li>\n<li><a href=\"http:\/\/library.brown.edu\/create\/modernlatinamerica\/chapters\/chapter-6-the-andes\/travels-in-the-andes\/\"><span style=\"text-decoration: underline\">Travels in the Andes:<\/span><\/a>\n<ol>\n<li>Travelogue #10: Lady Florence Dixie. <span style=\"text-decoration: underline\">Across Patagonia<\/span>\u00a0(1881)\n<ol>\n<li><em>Accompanying Analysis:\u00a0<\/em>&#8220;Patagonia and Its People from a Victorian Perspective,&#8221; by Austin Cole<\/li>\n<\/ol>\n<\/li>\n<\/ol>\n<\/li>\n<li><a href=\"http:\/\/library.brown.edu\/create\/modernlatinamerica\/chapters\/chapter-6-the-andes\/primary-documents-w-accompanying-discussion-questions\/\"><span style=\"text-decoration: underline\">Primary Documents:<\/span><\/a>\n<ol>\n<li>Document #18: &#8220;Pulacyo Theses,&#8221;\u00a0The Union Federation of Bolivian Mineworkers (1946)<\/li>\n<li>Document #19: &#8220;Law of the Rights of Mother Earth,&#8221;\u00a0Plurinational Legislative Assembly of Bolivia (2010)<\/li>\n<\/ol>\n<\/li>\n<li><a href=\"http:\/\/library.brown.edu\/create\/modernlatinamerica\/chapters\/chapter-6-the-andes\/chapter-discussion-questions\/\"><span style=\"text-decoration: underline\">Discussion Questions<\/span><\/a><\/li>\n<li><a href=\"http:\/\/library.brown.edu\/create\/modernlatinamerica\/chapters\/chapter-6-the-andes\/further-reading\/\"><span style=\"text-decoration: underline\">Further Reading<\/span><\/a><\/li>\n<\/ol>\n","protected":false},"excerpt":{"rendered":"<p>Timeline for the Andea Bolivia Ecuador Peru List of Andean Heads of State Bolivia Ecuador Peru Andean Profiles and Personalities Bolivia: V\u00edctor Paz Estenssorro Evo Morales Ecuador: Antonio Jos\u00e9 de Sucre Jos\u00e9 Maria Velasco Ibarra Rafael Correa Peru: Victor R\u00e1ul &hellip; <a href=\"https:\/\/library.brown.edu\/create\/modernlatinamerica\/chapters\/chapter-6-the-andes\/\">Continue reading <span class=\"meta-nav\">&rarr;<\/span><\/a><\/p>\n","protected":false},"author":38,"featured_media":0,"parent":236,"menu_order":6,"comment_status":"closed","ping_status":"closed","template":"sidebar-page.php","meta":{"footnotes":""},"class_list":["post-309","page","type-page","status-publish","hentry"],"_links":{"self":[{"href":"https:\/\/library.brown.edu\/create\/modernlatinamerica\/wp-json\/wp\/v2\/pages\/309","targetHints":{"allow":["GET"]}}],"collection":[{"href":"https:\/\/library.brown.edu\/create\/modernlatinamerica\/wp-json\/wp\/v2\/pages"}],"about":[{"href":"https:\/\/library.brown.edu\/create\/modernlatinamerica\/wp-json\/wp\/v2\/types\/page"}],"author":[{"embeddable":true,"href":"https:\/\/library.brown.edu\/create\/modernlatinamerica\/wp-json\/wp\/v2\/users\/38"}],"replies":[{"embeddable":true,"href":"https:\/\/library.brown.edu\/create\/modernlatinamerica\/wp-json\/wp\/v2\/comments?post=309"}],"version-history":[{"count":2,"href":"https:\/\/library.brown.edu\/create\/modernlatinamerica\/wp-json\/wp\/v2\/pages\/309\/revisions"}],"predecessor-version":[{"id":5086,"href":"https:\/\/library.brown.edu\/create\/modernlatinamerica\/wp-json\/wp\/v2\/pages\/309\/revisions\/5086"}],"up":[{"embeddable":true,"href":"https:\/\/library.brown.edu\/create\/modernlatinamerica\/wp-json\/wp\/v2\/pages\/236"}],"wp:attachment":[{"href":"https:\/\/library.brown.edu\/create\/modernlatinamerica\/wp-json\/wp\/v2\/media?parent=309"}],"curies":[{"name":"wp","href":"https:\/\/api.w.org\/{rel}","templated":true}]}}