{"id":33,"date":"2012-07-30T13:00:43","date_gmt":"2012-07-30T18:00:43","guid":{"rendered":"http:\/\/library.brown.edu\/modernlatinamerica\/?page_id=33"},"modified":"2012-07-30T13:00:43","modified_gmt":"2012-07-30T18:00:43","slug":"figures-in-mexican-history-biographies","status":"publish","type":"page","link":"https:\/\/library.brown.edu\/create\/modernlatinamerica\/chapters\/chapter-3-mexico\/figures-in-mexican-history-biographies\/","title":{"rendered":"Mexican Profiles and Personalities"},"content":{"rendered":"<address>\u00a0<\/address>\n<ul>\n<li><a href=\"http:\/\/www.flickr.com\/photos\/caveman_92223\/2932866113\/sizes\/s\/in\/photostream\/\"><img loading=\"lazy\" decoding=\"async\" class=\"size-full wp-image-201   alignright\" title=\"Antonio Lopez\" alt=\"\" src=\"https:\/\/library.brown.edu\/create\/modernlatinamerica\/wp-content\/uploads\/sites\/42\/2012\/07\/Lopez.jpeg\" width=\"180\" height=\"240\" \/><\/a><strong><strong><span style=\"line-height: 15px\">Antonio Lopez de Santa Anna (1794-1876): <\/span><\/strong><\/strong><span style=\"line-height: 15px\">P<\/span>erhaps Mexico\u2019s most well known <em>caudillo, <\/em>Santa Anna rose to prominence during the Mexican War of Independence\u2014first as a soldier for the Spanish army and then later as a general in August\u00edn de Iturbide\u2019s Army of Three Guarantees. Never afraid to switch allegiance, Santa Anna eventually supported the coup to overthrow the Emperor and establish a republic in Mexico. In 1833, Santa Anna was elected President of Mexico, a position that he held on eleven separate occasions throughout his life. When American settlers in Texas sparked a revolution in 1835, Santa Anna led the Mexican army in its failed attempt to reclaim the colony. His last major military position was Supreme Commander of the Mexican forces during the Mexican-American War (1846-1848). Santa Anna was once again defeated and Mexico was forced to accept the Treaty of Guadalupe Hidalgo, which ceded nearly half of Mexico\u2019s territory to the United States in exchange for $15 million. After this failure, Santa Anna was exiled from Mexico and lived the rest of his life in various countries throughout Latin America.<\/li>\n<li><strong><strong>Benito Ju\u00e1rez (1806-1872):\u00a0<\/strong><\/strong><a href=\"https:\/\/library.brown.edu\/create\/modernlatinamerica\/wp-content\/uploads\/sites\/42\/2012\/07\/BenitoJuarez.jpg\"><img loading=\"lazy\" decoding=\"async\" class=\" wp-image-2786 alignright\" alt=\"BenitoJuarez\" src=\"https:\/\/library.brown.edu\/create\/modernlatinamerica\/wp-content\/uploads\/sites\/42\/2012\/07\/BenitoJuarez.jpg\" width=\"197\" height=\"264\" srcset=\"https:\/\/library.brown.edu\/create\/modernlatinamerica\/wp-content\/uploads\/sites\/42\/2012\/07\/BenitoJuarez.jpg 328w, https:\/\/library.brown.edu\/create\/modernlatinamerica\/wp-content\/uploads\/sites\/42\/2012\/07\/BenitoJuarez-224x300.jpg 224w\" sizes=\"auto, (max-width: 197px) 100vw, 197px\" \/><\/a>Benito Ju\u00e1rez was a liberal politician and leader of <em>La <\/em><em>Reforma<\/em> in Mexico. Born in Oaxaca to Zapotec Indian parents, Ju\u00e1rez overcame poverty to become a leading lawyer and judge. In 1854, he helped write the Plan of Ayala, which called for the overthrow of Santa Anna and the establishment of a liberal government. When the liberals came to power in 1855, Ju\u00e1rez and his colleagues instituted <em>La Reforma<\/em>, a series of liberal reforms that included restricting the power of the Church, breaking up large land holdings by the Church and indigenous communities, and abolishing <em>fueros<\/em>, special courts for soldiers and clergy. The conservative coalition in Mexico responded to <em>La Reforma<\/em> by launching the War of the Reform (1857-1861). Ju\u00e1rez led the liberal forces during the war and claimed victory in 1861, becoming President of Mexico in the process. The following year, French forces invaded Mexico under Napoleon III and installed Maximilian, an Austrian, as Emperor. Ju\u00e1rez once again led the rebel forces against Maximilian, eventually deposing and executing the foreign ruler. Ju\u00e1rez returned to the Mexican presidency in 1867 and died in office in 1872.<\/li>\n<\/ul>\n<ul>\n<li><strong>Porfirio D\u00edaz (1830-1915):\u00a0<\/strong><a href=\"https:\/\/library.brown.edu\/create\/modernlatinamerica\/wp-content\/uploads\/sites\/42\/2012\/07\/455px-Porfirio_diaz.jpg\"><img loading=\"lazy\" decoding=\"async\" class=\" wp-image-2787 alignright\" alt=\"455px-Porfirio_diaz\" src=\"https:\/\/library.brown.edu\/create\/modernlatinamerica\/wp-content\/uploads\/sites\/42\/2012\/07\/455px-Porfirio_diaz.jpg\" width=\"273\" height=\"360\" srcset=\"https:\/\/library.brown.edu\/create\/modernlatinamerica\/wp-content\/uploads\/sites\/42\/2012\/07\/455px-Porfirio_diaz.jpg 455w, https:\/\/library.brown.edu\/create\/modernlatinamerica\/wp-content\/uploads\/sites\/42\/2012\/07\/455px-Porfirio_diaz-228x300.jpg 228w\" sizes=\"auto, (max-width: 273px) 100vw, 273px\" \/><\/a>D\u00edaz ruled Mexico as a President\/dictator from 1876 to 1911, with only one break in the form of a puppet government under Manuel Gonz\u00e1lez from 1880 to 1884. D\u00edaz rose to prominence in Mexico as a leading military figure in the liberal movement and he played an instrumental role in repelling the French invasion. After Ju\u00e1rez died in 1972, D\u00edaz became the most important liberal in Mexico, leading to his being elected President in 1876. Once in power, D\u00edaz ensured his continued presence in the government by any means necessary, be it amending the Constitution or developing rural police forces known as <em>guardias rurales.<\/em> To set government policy, D\u00edaz relied on the <em>cient\u00edficos<\/em>, a group of Mexican intellectuals influenced by the positivist movement. The <em>cient\u00edficos<\/em> encouraged D\u00edaz to open the Mexican economy to foreign investment, and the result was unprecedented economic development across Mexico. Unfortunately, this development did little to improve the lives of Mexico\u2019s masses, who continued to live in poverty and despair. After a controversial election in 1910, Francisco Madero overthrew D\u00edaz, sparking the Mexican Revolution.<\/li>\n<\/ul>\n<ul>\n<li><strong>Emiliano Zapata (1879-1919):<\/strong>\u00a0<a href=\"https:\/\/library.brown.edu\/create\/modernlatinamerica\/wp-content\/uploads\/sites\/42\/2012\/07\/Emiliano_Zapata_1914.jpg\"><img loading=\"lazy\" decoding=\"async\" class=\" wp-image-2788 alignright\" alt=\"Emiliano_Zapata,_1914\" src=\"https:\/\/library.brown.edu\/create\/modernlatinamerica\/wp-content\/uploads\/sites\/42\/2012\/07\/Emiliano_Zapata_1914.jpg\" width=\"202\" height=\"269\" srcset=\"https:\/\/library.brown.edu\/create\/modernlatinamerica\/wp-content\/uploads\/sites\/42\/2012\/07\/Emiliano_Zapata_1914.jpg 336w, https:\/\/library.brown.edu\/create\/modernlatinamerica\/wp-content\/uploads\/sites\/42\/2012\/07\/Emiliano_Zapata_1914-225x300.jpg 225w\" sizes=\"auto, (max-width: 202px) 100vw, 202px\" \/><\/a>Emiliano Zapata was a <em>caudillo <\/em>from the state of Morelos who played a key role in the Mexican Revolution. Born in a peasant family, Zapata was closely attuned to the plight of Mexico\u2019s landless poor. Zapata quickly became an enemy of D\u00edaz due to the dictator\u2019s policy of breaking up communal lands and confiscating individual holdings. When Francisco Madero called for a revolution against D\u00edaz, Zapata joined Madero and raised an army in the south. Zapata turned against Madero soon after as Madero did not seem committed to land reform, and in 1911, Zapata issued the Plan of Ayala, which called for nationalization of large holdings and a return of confiscated lands to their original owners. Zapata continued to be a major figure in the Mexican Revolution after the overthrow of Madero, siding with Villa and Carranza against Huerta and later challenging Carranza\u2019s claim to the presidency. In 1919, Carranza\u2019s troops ambushed Zapata and murdered him.<\/li>\n<\/ul>\n<ul>\n<li><strong>Francisco Madero (1873-1913):<\/strong>\u00a0<a href=\"https:\/\/library.brown.edu\/create\/modernlatinamerica\/wp-content\/uploads\/sites\/42\/2012\/07\/457px-Madero_I.jpg\"><img loading=\"lazy\" decoding=\"async\" class=\" wp-image-2789 alignright\" alt=\"457px-Madero_I\" src=\"https:\/\/library.brown.edu\/create\/modernlatinamerica\/wp-content\/uploads\/sites\/42\/2012\/07\/457px-Madero_I.jpg\" width=\"274\" height=\"359\" srcset=\"https:\/\/library.brown.edu\/create\/modernlatinamerica\/wp-content\/uploads\/sites\/42\/2012\/07\/457px-Madero_I.jpg 457w, https:\/\/library.brown.edu\/create\/modernlatinamerica\/wp-content\/uploads\/sites\/42\/2012\/07\/457px-Madero_I-229x300.jpg 229w\" sizes=\"auto, (max-width: 274px) 100vw, 274px\" \/><\/a>Francisco Madero was born into one of the wealthiest families in Mexico in 1873. His family\u2019s wealth allowed Madero to receive the best education possible, studying in the United States, Austria, and France at various times in his life. When he returned to Mexico, Madero tried his hand at local politics, but found it very difficult to command a large following because he was considered by many to lack the <em>machismo<\/em> that was so integral to the Mexican political system. In 1910, Mexican dictator Porfirio D\u00edaz promised to hold free and fair elections. Madero jumped at the opportunity and formed the Anti-Reelectionist Party to challenge D\u00edaz\u2019s rule. Madero steadily gained a cult following as Mexicans began to exercise their political power and push for an end to the <em>porfiriato. <\/em>Sensing danger, D\u00edaz responded by jailing Madero. Without a candidate running against him, the dictator won the 1910 elections easily. Madero fled from Mexico to the United States after being released from jail, and from San Antonio he published his \u201cPlan de San Lu\u00eds Potos\u00ed,\u201d the document that sparked the Mexican Revolution. Madero\u2019s Plan declared the election a sham. Further, it called on the Mexican people to rally around the slogan of \u201ceffective suffrage and no re-election\u201d and to revolt against D\u00edaz.<a title=\"\" href=\"#_ftn1\">[1]<\/a> The revolution was to begin on November 20<sup>th<\/sup>, 1910, but errors in planning forced Madero to postpone his attack until the following February. Entering Mexico, Madero found that he was not alone in his calls for rebellion. Emiliano Zapata, Pascual Orozco, and Pancho Villa joined forces with Madero, and together they were able to force D\u00edaz to flee the country in May 1911. Madero rode into Mexico City in June and was quickly elected President of Mexico. As President, however, Madero revealed himself to be less of a revolutionary than was thought by his followers. After a series of political decisions that led the public to question his commitment to the Revolutionary Spirit, Madero fell victim to a conspiracy orchestrated by the General of his army, Victoriano Huerta, and the American ambassador to Mexico, Henry Lane Wilson. On February 13, 1913, Huerta arrested Madero. Several days later, Madero was executed and the Mexican Revolution passed into its second stage.<\/li>\n<\/ul>\n<ul>\n<li><strong>Pancho Villa (1878-1923)<\/strong>:\u00a0<a href=\"https:\/\/library.brown.edu\/create\/modernlatinamerica\/wp-content\/uploads\/sites\/42\/2012\/07\/486px-Pancho_villa_horseback.jpg\"><img loading=\"lazy\" decoding=\"async\" class=\" wp-image-2794 alignright\" alt=\"486px-Pancho_villa_horseback\" src=\"https:\/\/library.brown.edu\/create\/modernlatinamerica\/wp-content\/uploads\/sites\/42\/2012\/07\/486px-Pancho_villa_horseback.jpg\" width=\"292\" height=\"359\" srcset=\"https:\/\/library.brown.edu\/create\/modernlatinamerica\/wp-content\/uploads\/sites\/42\/2012\/07\/486px-Pancho_villa_horseback.jpg 486w, https:\/\/library.brown.edu\/create\/modernlatinamerica\/wp-content\/uploads\/sites\/42\/2012\/07\/486px-Pancho_villa_horseback-243x300.jpg 243w\" sizes=\"auto, (max-width: 292px) 100vw, 292px\" \/><\/a>Francisco \u201cPancho\u201d Villa was born to peasant parents in Durango in 1878. When Villa was fifteen, his father died and he was forced to work as a sharecropper to take care of his large family. In 1894, Villa shot the owner of the hacienda where he worked to protect his younger sister. Now a fugitive from the law, Villa escaped to the mountains where he joined and later became the leader of a group of bandits. Much of the bandits\u2019 activity was directed at the rich, thus causing the public to see Villa as a sort of modern-day Robin Hood. When the Mexican Revolution began with Madero\u2019s Plan de San Lu\u00eds Potos\u00ed, Villa volunteered himself and his men to the cause because he blamed D\u00edaz for the poor living conditions of Mexico\u2019s peasant classes. Villa played a key role in the Revolution, helping Madero take Mexico City and then later siding with Venustiano Carranza to oust Madero\u2019s killer Victoriano Huerta. Starting in 1914, Villa and long-time ally Venustiano Carranza became enemies and fought for control of the country. When the United States sided with Carranza in 1916, Villa led a raid on Columbus, New Mexico. The U.S. government responded by sending Army General John Pershing to capture Villa in Mexico. A year later Villa was still on the loose and American troops gave up the pursuit. In 1920, Villa officially retired from the revolution but he was not able to remove himself from the political machinations of the time. He was gunned down in 1923 in Chihuahua.<\/li>\n<\/ul>\n<ul>\n<li><strong>L\u00e1zaro C\u00e1rdenas (1895-1970)<\/strong>:<a href=\"https:\/\/library.brown.edu\/create\/modernlatinamerica\/wp-content\/uploads\/sites\/42\/2012\/07\/466px-Lazaro_cardenas2.jpg\"><img loading=\"lazy\" decoding=\"async\" class=\" wp-image-2795 alignright\" alt=\"466px-Lazaro_cardenas2\" src=\"https:\/\/library.brown.edu\/create\/modernlatinamerica\/wp-content\/uploads\/sites\/42\/2012\/07\/466px-Lazaro_cardenas2.jpg\" width=\"280\" height=\"359\" srcset=\"https:\/\/library.brown.edu\/create\/modernlatinamerica\/wp-content\/uploads\/sites\/42\/2012\/07\/466px-Lazaro_cardenas2.jpg 466w, https:\/\/library.brown.edu\/create\/modernlatinamerica\/wp-content\/uploads\/sites\/42\/2012\/07\/466px-Lazaro_cardenas2-233x300.jpg 233w\" sizes=\"auto, (max-width: 280px) 100vw, 280px\" \/><\/a>\u00a0L\u00e1zaro C\u00e1rdenas was a Mexican revolutionary leader and politician. C\u00e1rdenas first gained national prestige when President Plutarco El\u00edas Calles appointed him head of the Partido Nacional Revolucionario (PNR) in 1929. As president of the party, C\u00e1rdenas was responsible for consolidating it into a stable, national political presence. He then went on to serve as Minister of the Interior and Minister of War and Marine. In the 1934 elections, C\u00e0rdenas was chosen as the candidate for the PNR and, although his success was virtually guaranteed, he launched a massive campaign in which he traveled across the country meeting everyday Mexicans and building support. As expected, C\u00e1rdenas won the 1934 election. Unexpectedly, however, he did not follow the trend set by his predecessors of allowing Calles to run the country from behind the scenes. Instead, C\u00e1rdenas closed the government to Calles and forced him into exile. He then launched a sweeping program of economic reform with two policies of special importance. First, C\u00e1rdenas initiated agrarian reform at a rate not seen before. Over 44 million acres of land were expropriated to poor Mexicans during his presidency, many in the form of communal land holdings, or <em>ejidos<\/em>, that had been dismantled by <em>La Reforma<\/em>. Second, after a wage dispute between American oil companies and their Mexican workers, C\u00e1rdenas promptly used the 1917 Constitution, which gave the Mexican government control over subsoil resources, to nationalize Mexico\u2019s oil industry under the state monopoly Petr\u00f3leos Mexicanos (PEMEX). In the political sphere, C\u00e1rdenas further transformed the PNR by restructuring it around four social groups: labor, peasant, military, and \u201cpopular.\u201d The newly improved party was renamed the Partido de la Revoluci\u00f3n Mexicana. In 1940, at the end of his term, C\u00e1rdenas helped ensure the longevity of the revolutionary party by nominating the moderate conservative Manuel \u00c1vila Camacho for President, thus satisfying the liberals and conservatives. After briefly serving as Secretary of Defense, C\u00e1rdenas retired from political life. He died on October 19, 1970 of cancer.<\/li>\n<\/ul>\n<ul>\n<li><strong>Frida Kahlo (1907-1954):\u00a0<a href=\"https:\/\/library.brown.edu\/create\/modernlatinamerica\/wp-content\/uploads\/sites\/42\/2012\/07\/Frida_Kahlo_self_portrait.jpg\"><img loading=\"lazy\" decoding=\"async\" class=\" wp-image-2792 alignright\" alt=\"Frida_Kahlo_(self_portrait)\" src=\"https:\/\/library.brown.edu\/create\/modernlatinamerica\/wp-content\/uploads\/sites\/42\/2012\/07\/Frida_Kahlo_self_portrait.jpg\" width=\"230\" height=\"300\" srcset=\"https:\/\/library.brown.edu\/create\/modernlatinamerica\/wp-content\/uploads\/sites\/42\/2012\/07\/Frida_Kahlo_self_portrait.jpg 384w, https:\/\/library.brown.edu\/create\/modernlatinamerica\/wp-content\/uploads\/sites\/42\/2012\/07\/Frida_Kahlo_self_portrait-230x300.jpg 230w\" sizes=\"auto, (max-width: 230px) 100vw, 230px\" \/><\/a><\/strong>Frida Kahlo was born in Mexico City in 1907, but to Kahlo her true birth year was 1910, the beginning of so-called \u201cModern Mexico.\u201d Kahlo grew up in Mexico City and attended the National Preparatory School, where she was known as a rebel who often played pranks on the professors and other students. It was also there where Kahlo first met Diego Rivera, her future husband, as Rivera had been hired to paint a mural in the school\u2019s auditorium. In 1925, Kahlo was involved in a horrible streetcar accident that left her with serious spine and pelvis injuries. During her long and difficult recovery, Kahlo began to paint. Many of her paintings were self-portraits because, as Kahlo said, it was the subject she knew best.<a title=\"\" href=\"#_ftn2\">[2]<\/a>Additionally, the paintings often portrayed the pain and suffering inflicted by her accident, as well as the bright colors and scenes of Amerindian cultural works. As she aged, Kahlo became more politically active, eventually joining the Mexican Communist Party. She was a close friend of Leon Trotsky. In 1928, Kahlo and Rivera met again and by 1929 they were married. Their marriage was difficult, with extramarital affairs common for both husband and wife. The two divorced but later remarried in 1940. In 1954, Kahlo died of what was reported as a pulmonary embolism but is widely believed to have been an overdose. In one of her final diary entries, she wrote, \u201cI hope the exit is joyful \u2013 and I hope I never return \u2013 Frida.\u201d<a title=\"\" href=\"#_ftn3\">[3]<\/a><\/li>\n<\/ul>\n<ul>\n<li><strong>Diego Rivera (1886-1957):<a href=\"https:\/\/library.brown.edu\/create\/modernlatinamerica\/wp-content\/uploads\/sites\/42\/2012\/07\/475px-Diego_Rivera_1932.jpg\"><img loading=\"lazy\" decoding=\"async\" class=\" wp-image-2793 alignright\" alt=\"475px-Diego_Rivera_1932\" src=\"https:\/\/library.brown.edu\/create\/modernlatinamerica\/wp-content\/uploads\/sites\/42\/2012\/07\/475px-Diego_Rivera_1932.jpg\" width=\"285\" height=\"359\" srcset=\"https:\/\/library.brown.edu\/create\/modernlatinamerica\/wp-content\/uploads\/sites\/42\/2012\/07\/475px-Diego_Rivera_1932.jpg 475w, https:\/\/library.brown.edu\/create\/modernlatinamerica\/wp-content\/uploads\/sites\/42\/2012\/07\/475px-Diego_Rivera_1932-238x300.jpg 238w\" sizes=\"auto, (max-width: 285px) 100vw, 285px\" \/><\/a>\u00a0<\/strong>Diego Rivera is perhaps Mexico\u2019s best-known artist. Born in 1886, Rivera started painting at a young age and later traveled to Europe to study art. Rivera was initially interested in the cubist movement, but world events, most notably the Mexican Revolution in 1910 and the Russian Revolution in 1917, led him to reject cubism for a new artistic perspective that focused on portraying the lives of everyday Mexicans. In addition, Rivera was heavily influenced by <em>indigenismo<\/em>, a growing movement in Latin America that sought to reverse the trend of exploitation of indigenous peoples by those with European ancestry while at the same time integrating indigenous culture and customs into mainstream society. In 1921, the Mexican government commissioned Rivera to paint public murals as part of its effort to consolidate and visualize the Mexican Revolution as a process initiated and orchestrated by the people. Many of these murals depicted specific events from Mexican history, including the arrival of Cort\u00e9s and execution of Emperor Maximilian. Others were illustrations of daily life for Mexico\u2019s masses. Rivera\u2019s murals gained him international prestige and led him to be hired for work in the United States. He painted a series of murals at the Detroit Institute of Arts, but his most controversial piece of artwork was a mural for the Rockefeller Center in New York City called <em>Man at the Crossroads<\/em>. Rivera\u2019s employers grew upset over his inclusion of Vladimir Lenin in the mural, and as a result future mural projects in the United States were canceled. During the 1920s, Rivera also became involved with the Mexican Communist Party and married fellow member Frida Kahlo, a young artist he met while painting a mural at her school. Their marriage was extremely turbulent as Rivera and Kahlo had numerous extramarital affairs. After they divorced, Kahlo and Rivera remarried in 1940, although their marriage was no better the second time around. Diego Rivera died on November 27, 1957.<\/li>\n<\/ul>\n<p>___________________________________________________________________________<\/p>\n<p>Sources:<\/p>\n<p><a title=\"\" href=\"#_ftnref1\">[1]<\/a> \u201cFrancisco Madero: The Plan of San Lu\u00eds Potos\u00ed, October 5, 1910.\u201d <em>History of the Americas 1<\/em>. Retrieved from http:\/\/staff.4j.lane.edu\/~hamill\/americas\/ayala.htm.<\/p>\n<div>\n<p><a title=\"\" href=\"#_ftnref2\">[2]<\/a> \u201cFrida Kahlo Biography.\u201d <em>The Frida Kahlo Foundation<\/em>. Retrieved from http:\/\/www.frida-kahlo-foundation.org\/biography.html<\/p>\n<p><a title=\"\" href=\"#_ftnref3\">[3]<\/a>\u00a0Ibid.l<\/p>\n<\/div>\n","protected":false},"excerpt":{"rendered":"<p>\u00a0 Antonio Lopez de Santa Anna (1794-1876): Perhaps Mexico\u2019s most well known caudillo, Santa Anna rose to prominence during the Mexican War of Independence\u2014first as a soldier for the Spanish army and then later as a general in August\u00edn de &hellip; <a href=\"https:\/\/library.brown.edu\/create\/modernlatinamerica\/chapters\/chapter-3-mexico\/figures-in-mexican-history-biographies\/\">Continue reading <span class=\"meta-nav\">&rarr;<\/span><\/a><\/p>\n","protected":false},"author":37,"featured_media":0,"parent":26,"menu_order":3,"comment_status":"closed","ping_status":"closed","template":"sidebar-page.php","meta":{"footnotes":""},"class_list":["post-33","page","type-page","status-publish","hentry"],"_links":{"self":[{"href":"https:\/\/library.brown.edu\/create\/modernlatinamerica\/wp-json\/wp\/v2\/pages\/33","targetHints":{"allow":["GET"]}}],"collection":[{"href":"https:\/\/library.brown.edu\/create\/modernlatinamerica\/wp-json\/wp\/v2\/pages"}],"about":[{"href":"https:\/\/library.brown.edu\/create\/modernlatinamerica\/wp-json\/wp\/v2\/types\/page"}],"author":[{"embeddable":true,"href":"https:\/\/library.brown.edu\/create\/modernlatinamerica\/wp-json\/wp\/v2\/users\/37"}],"replies":[{"embeddable":true,"href":"https:\/\/library.brown.edu\/create\/modernlatinamerica\/wp-json\/wp\/v2\/comments?post=33"}],"version-history":[{"count":0,"href":"https:\/\/library.brown.edu\/create\/modernlatinamerica\/wp-json\/wp\/v2\/pages\/33\/revisions"}],"up":[{"embeddable":true,"href":"https:\/\/library.brown.edu\/create\/modernlatinamerica\/wp-json\/wp\/v2\/pages\/26"}],"wp:attachment":[{"href":"https:\/\/library.brown.edu\/create\/modernlatinamerica\/wp-json\/wp\/v2\/media?parent=33"}],"curies":[{"name":"wp","href":"https:\/\/api.w.org\/{rel}","templated":true}]}}