{"id":370,"date":"2012-08-15T14:59:49","date_gmt":"2012-08-15T19:59:49","guid":{"rendered":"http:\/\/library.brown.edu\/modernlatinamerica\/?page_id=370"},"modified":"2016-07-06T15:42:08","modified_gmt":"2016-07-06T15:42:08","slug":"chapter-9-argentina","status":"publish","type":"page","link":"https:\/\/library.brown.edu\/create\/modernlatinamerica\/chapters\/chapter-9-argentina\/","title":{"rendered":"Chapter 9. Argentina: Progress, Stalemate, Discord"},"content":{"rendered":"<p><strong>\u00a0<\/strong><\/p>\n<ol>\n<li><span style=\"text-decoration: underline\"><span style=\"text-decoration: underline\"><span style=\"text-decoration: underline\"><a href=\"http:\/\/library.brown.edu\/create\/modernlatinamerica\/chapters\/chapter-9-argentina\/chapter-9-timeline\/\">Timeline for Argentina, 1776-Present<br \/>\n<\/a><\/span><\/span><\/span><\/li>\n<li><a href=\"http:\/\/library.brown.edu\/create\/modernlatinamerica\/chapters\/chapter-9-argentina\/argentinean-heads-of-state\/\"><span style=\"text-decoration: underline\">Argentine Heads of State<br \/>\n<\/span><\/a><\/li>\n<li><span style=\"text-decoration: underline\"><a href=\"http:\/\/library.brown.edu\/create\/modernlatinamerica\/chapters\/chapter-9-argentina\/figures-in-argentinean-history\/\">Argentine Profiles and Personalities:\u00a0<\/a><\/span>\n<ol>\n<li>Juan Manuel de Rosas<\/li>\n<li>Eva Per\u00f3n<\/li>\n<li>Juan Domingo Per\u00f3n<\/li>\n<li>Carlos Menem<\/li>\n<li>N\u00e9stor Kirchner<\/li>\n<li>Cristina Fern\u00e1ndez de Kirchner<\/li>\n<\/ol>\n<\/li>\n<li><span style=\"text-decoration: underline\"><a href=\"http:\/\/library.brown.edu\/create\/modernlatinamerica\/chapters\/chapter-9-argentina\/moments-in-argentine-history\/\">Moments and Events in Argentinia:<\/a><\/span>\n<ol>\n<li>Essay #20: \u201cJewish Immigration to Argentina,&#8221; by Sophie Elsner<\/li>\n<li>Essay #21:\u00a0\u201dDisappeared Writers: The Dictatorship&#8217;s Effect on Literature,&#8221; by Ivan Tomic<\/li>\n<\/ol>\n<ol>\n<li>Essay #22:\u00a0\u201cThe Role of the Church in Argentina,&#8221; by Pierre-Louis Le Goff<\/li>\n<li>Essay #23:\u00a0\u201cUnderstanding Argentina\u2019s Dirty War Through Memoir,&#8221; by\u00a0Ivan Tomic<\/li>\n<li>Essay #24:\u00a0\u201cThe\u00a0Challenge of Burying the\u00a0<em>Ley de Caducidad <\/em>in Uruguay,&#8221; by Pierre-Louis Le Goff<\/li>\n<\/ol>\n<\/li>\n<li><a href=\"http:\/\/library.brown.edu\/create\/modernlatinamerica\/chapters\/chapter-9-argentina\/travels-in-argentina\/\"><span style=\"text-decoration: underline\">Travels in Argentina:<\/span><\/a>\n<ol>\n<li>Travelogue #13: Theodore Child.\u00a0<span style=\"text-decoration: underline\">The\u00a0<\/span><span style=\"text-decoration: underline\">Spanish-American Republics<\/span>\u00a0(1891)\n<ol>\n<li><em>Accompanying Analysis:\u00a0<\/em>&#8220;Beneath the Facade of Wealth,&#8221; by Cameron Parsons<\/li>\n<\/ol>\n<\/li>\n<\/ol>\n<\/li>\n<li><a href=\"http:\/\/library.brown.edu\/create\/modernlatinamerica\/chapters\/chapter-9-argentina\/primary-documents-w-accompanying-discussion-questions\/\"><span style=\"text-decoration: underline\">Primary Documents:<\/span><\/a>\n<ol>\n<li>Document #24:\u00a0\u201cWhat is Per\u00f3nism?\u201d (1948) ||\u00a0\u201cThe Twenty Truths of Per\u00f3nist Justicialism,\u201d Juan Domingo Per\u00f3n (1950)<\/li>\n<li>Document #25:\u00a0Statement by the military upon taking power (1976)<\/li>\n<li>Document #26: &#8220;Nobel Prize Acceptance speech,&#8221; Adolfo P\u00e9rez\u00a0Esquivel\u00a0(1980)<\/li>\n<li>Document #27:\u00a0\u201cSpeech at a Dinner with the Council of Americas in New York,\u201d N\u00e9stor Kirchner (2006)<\/li>\n<\/ol>\n<\/li>\n<li><a href=\"http:\/\/library.brown.edu\/create\/modernlatinamerica\/chapters\/chapter-9-argentina\/chapter-discussion-questions\/\"><span style=\"text-decoration: underline\">Discussion Questions<\/span><\/a><\/li>\n<li><a href=\"http:\/\/library.brown.edu\/create\/modernlatinamerica\/chapters\/chapter-9-argentina\/further-reading\/\"><span style=\"text-decoration: underline\">Further Reading<\/span><\/a><\/li>\n<\/ol>\n","protected":false},"excerpt":{"rendered":"<p>\u00a0 Timeline for Argentina, 1776-Present Argentine Heads of State Argentine Profiles and Personalities:\u00a0 Juan Manuel de Rosas Eva Per\u00f3n Juan Domingo Per\u00f3n Carlos Menem N\u00e9stor Kirchner Cristina Fern\u00e1ndez de Kirchner Moments and Events in Argentinia: Essay #20: \u201cJewish Immigration to &hellip; <a href=\"https:\/\/library.brown.edu\/create\/modernlatinamerica\/chapters\/chapter-9-argentina\/\">Continue reading <span class=\"meta-nav\">&rarr;<\/span><\/a><\/p>\n","protected":false},"author":38,"featured_media":0,"parent":236,"menu_order":9,"comment_status":"closed","ping_status":"closed","template":"sidebar-page.php","meta":{"footnotes":""},"class_list":["post-370","page","type-page","status-publish","hentry"],"_links":{"self":[{"href":"https:\/\/library.brown.edu\/create\/modernlatinamerica\/wp-json\/wp\/v2\/pages\/370","targetHints":{"allow":["GET"]}}],"collection":[{"href":"https:\/\/library.brown.edu\/create\/modernlatinamerica\/wp-json\/wp\/v2\/pages"}],"about":[{"href":"https:\/\/library.brown.edu\/create\/modernlatinamerica\/wp-json\/wp\/v2\/types\/page"}],"author":[{"embeddable":true,"href":"https:\/\/library.brown.edu\/create\/modernlatinamerica\/wp-json\/wp\/v2\/users\/38"}],"replies":[{"embeddable":true,"href":"https:\/\/library.brown.edu\/create\/modernlatinamerica\/wp-json\/wp\/v2\/comments?post=370"}],"version-history":[{"count":2,"href":"https:\/\/library.brown.edu\/create\/modernlatinamerica\/wp-json\/wp\/v2\/pages\/370\/revisions"}],"predecessor-version":[{"id":5102,"href":"https:\/\/library.brown.edu\/create\/modernlatinamerica\/wp-json\/wp\/v2\/pages\/370\/revisions\/5102"}],"up":[{"embeddable":true,"href":"https:\/\/library.brown.edu\/create\/modernlatinamerica\/wp-json\/wp\/v2\/pages\/236"}],"wp:attachment":[{"href":"https:\/\/library.brown.edu\/create\/modernlatinamerica\/wp-json\/wp\/v2\/media?parent=370"}],"curies":[{"name":"wp","href":"https:\/\/api.w.org\/{rel}","templated":true}]}}