{"id":406,"date":"2012-08-17T13:07:10","date_gmt":"2012-08-17T18:07:10","guid":{"rendered":"http:\/\/library.brown.edu\/modernlatinamerica\/?page_id=406"},"modified":"2016-07-05T14:55:37","modified_gmt":"2016-07-05T14:55:37","slug":"chapter-2-the-colonial-foundations","status":"publish","type":"page","link":"https:\/\/library.brown.edu\/create\/modernlatinamerica\/chapters\/chapter-2-the-colonial-foundations\/","title":{"rendered":"Chapter 2. The Colonial Foundations"},"content":{"rendered":"<div><\/div>\n<div>\n<div id=\"attachment_1494\" style=\"width: 1034px\" class=\"wp-caption aligncenter\"><a href=\"https:\/\/library.brown.edu\/create\/modernlatinamerica\/wp-content\/uploads\/sites\/42\/2012\/08\/1024px-Guti\u00e9rrez_the_Americas_1562.jpg\"><img loading=\"lazy\" decoding=\"async\" aria-describedby=\"caption-attachment-1494\" class=\"size-full wp-image-1494\" title=\"1024px-Guti\u00e9rrez,_the_Americas,_1562\" alt=\"\" src=\"https:\/\/library.brown.edu\/create\/modernlatinamerica\/wp-content\/uploads\/sites\/42\/2012\/08\/1024px-Guti\u00e9rrez_the_Americas_1562.jpg\" width=\"1024\" height=\"1005\" srcset=\"https:\/\/library.brown.edu\/create\/modernlatinamerica\/wp-content\/uploads\/sites\/42\/2012\/08\/1024px-Guti\u00e9rrez_the_Americas_1562.jpg 1024w, https:\/\/library.brown.edu\/create\/modernlatinamerica\/wp-content\/uploads\/sites\/42\/2012\/08\/1024px-Guti\u00e9rrez_the_Americas_1562-300x294.jpg 300w, https:\/\/library.brown.edu\/create\/modernlatinamerica\/wp-content\/uploads\/sites\/42\/2012\/08\/1024px-Guti\u00e9rrez_the_Americas_1562-768x754.jpg 768w, https:\/\/library.brown.edu\/create\/modernlatinamerica\/wp-content\/uploads\/sites\/42\/2012\/08\/1024px-Guti\u00e9rrez_the_Americas_1562-306x300.jpg 306w\" sizes=\"auto, (max-width: 1024px) 100vw, 1024px\" \/><\/a><p id=\"caption-attachment-1494\" class=\"wp-caption-text\">Map of the Americas (1562) by Diego Guti\u00e9rrez<\/p><\/div>\n<\/div>\n<ol>\n<li><span style=\"text-decoration: underline\"><a href=\"http:\/\/library.brown.edu\/create\/modernlatinamerica\/chapters\/chapter-2-the-colonial-foundations\/chapter-2-timeline\/\">Timeline for Colonial Latin America, 1492-1824<\/a><br \/>\n<\/span><\/li>\n<li><span style=\"text-decoration: underline\"><span style=\"text-decoration: underline\"><a href=\"http:\/\/library.brown.edu\/create\/modernlatinamerica\/chapters\/chapter-2-the-colonial-foundations\/figures-in-colonial-latin-american-history\/\">Late Colonial Latin America Profiles and Personalities:<\/a><\/span><\/span>\n<ol>\n<li>Toussaint L&#8217;Ouverture<\/li>\n<li>Sim\u00f3n Bol\u00edvar<\/li>\n<li>Francisco Santander<\/li>\n<li>Jos\u00e9 de San Martin<\/li>\n<\/ol>\n<\/li>\n<li><a href=\"http:\/\/library.brown.edu\/create\/modernlatinamerica\/chapters\/chapter-2-the-colonial-foundations\/moments-in-late-colonial-history\/\"><span style=\"text-decoration: underline\">Moments and Events in Late Colonial Latin America:<\/span><\/a>\n<ol>\n<li>Essay #1: &#8220;Analysis of <em>Address of Bol\u00edvar at the Congress of Angostura<\/em>, 1819,&#8221; by Anthony White and Miguel Pimentel<\/li>\n<li>Essay #2: &#8220;Analysis of Arthur Syzk,\u00a0<em>Bol\u00edvar and Sucre at Junin<\/em>, oil on canvas (1950),&#8221; by\u00a0Michael Acevedo<\/li>\n<\/ol>\n<\/li>\n<li><span style=\"text-decoration: underline\"><a href=\"http:\/\/library.brown.edu\/create\/modernlatinamerica\/chapters\/chapter-2-the-colonial-foundations\/travels-in-colonial-latin-america\/\">Travels in Colonial Latin America:<\/a><\/span>\n<ol>\n<li>Travelogue #1: R. H. Bonnycastle.\u00a0<span style=\"text-decoration: underline\">Spanish America; A Descriptive, Historical, and Geographic Account of the Dominions of Spain in the Western Hemisphere<\/span>\u00a0(1818)<\/li>\n<li>Travelogue #2:\u00a0Pedro de Cieza de Le\u00f3n.\u00a0<span style=\"text-decoration: underline\">The Seventeen Years Travels of Peter de Cieza, Through the Mighty Kingdom of Peru and the Large Provinces of Cartagena and Popayan<\/span>\u00a0(1709)<\/li>\n<\/ol>\n<\/li>\n<li><a href=\"http:\/\/library.brown.edu\/create\/modernlatinamerica\/chapters\/chapter-2-the-colonial-foundations\/primary-documents-with-accompanying-discussion-questions\/\"><span style=\"text-decoration: underline\">Primary Documents:<\/span><\/a>\n<ol>\n<li>Document #1:\u00a0&#8220;Letter from Jamaica,&#8221; Sim\u00f3n Bol\u00edvar\u00a0(1815)<\/li>\n<li>Document #2: &#8220;Address at the Congress of Angostura,&#8221; Sim\u00f3n Bol\u00edvar\u00a0(1819)<\/li>\n<\/ol>\n<\/li>\n<li><span style=\"text-decoration: underline\"><a href=\"http:\/\/library.brown.edu\/create\/modernlatinamerica\/chapters\/chapter-2-the-colonial-foundations\/chapter-2-discussion-questions\/\">Discussion Questions<\/a><\/span><\/li>\n<li><a href=\"http:\/\/library.brown.edu\/create\/modernlatinamerica\/chapters\/chapter-2-the-colonial-foundations\/further-reading\/\"><span style=\"text-decoration: underline\">Further Reading<\/span><\/a><\/li>\n<\/ol>\n","protected":false},"excerpt":{"rendered":"<p>Timeline for Colonial Latin America, 1492-1824 Late Colonial Latin America Profiles and Personalities: Toussaint L&#8217;Ouverture Sim\u00f3n Bol\u00edvar Francisco Santander Jos\u00e9 de San Martin Moments and Events in Late Colonial Latin America: Essay #1: &#8220;Analysis of Address of Bol\u00edvar at the &hellip; <a href=\"https:\/\/library.brown.edu\/create\/modernlatinamerica\/chapters\/chapter-2-the-colonial-foundations\/\">Continue reading <span class=\"meta-nav\">&rarr;<\/span><\/a><\/p>\n","protected":false},"author":38,"featured_media":0,"parent":236,"menu_order":2,"comment_status":"closed","ping_status":"closed","template":"sidebar-page.php","meta":{"footnotes":""},"class_list":["post-406","page","type-page","status-publish","hentry"],"_links":{"self":[{"href":"https:\/\/library.brown.edu\/create\/modernlatinamerica\/wp-json\/wp\/v2\/pages\/406","targetHints":{"allow":["GET"]}}],"collection":[{"href":"https:\/\/library.brown.edu\/create\/modernlatinamerica\/wp-json\/wp\/v2\/pages"}],"about":[{"href":"https:\/\/library.brown.edu\/create\/modernlatinamerica\/wp-json\/wp\/v2\/types\/page"}],"author":[{"embeddable":true,"href":"https:\/\/library.brown.edu\/create\/modernlatinamerica\/wp-json\/wp\/v2\/users\/38"}],"replies":[{"embeddable":true,"href":"https:\/\/library.brown.edu\/create\/modernlatinamerica\/wp-json\/wp\/v2\/comments?post=406"}],"version-history":[{"count":2,"href":"https:\/\/library.brown.edu\/create\/modernlatinamerica\/wp-json\/wp\/v2\/pages\/406\/revisions"}],"predecessor-version":[{"id":5050,"href":"https:\/\/library.brown.edu\/create\/modernlatinamerica\/wp-json\/wp\/v2\/pages\/406\/revisions\/5050"}],"up":[{"embeddable":true,"href":"https:\/\/library.brown.edu\/create\/modernlatinamerica\/wp-json\/wp\/v2\/pages\/236"}],"wp:attachment":[{"href":"https:\/\/library.brown.edu\/create\/modernlatinamerica\/wp-json\/wp\/v2\/media?parent=406"}],"curies":[{"name":"wp","href":"https:\/\/api.w.org\/{rel}","templated":true}]}}