{"id":431,"date":"2012-08-18T14:48:54","date_gmt":"2012-08-18T19:48:54","guid":{"rendered":"http:\/\/library.brown.edu\/modernlatinamerica\/?page_id=431"},"modified":"2016-07-06T15:35:07","modified_gmt":"2016-07-06T15:35:07","slug":"venezuelan-heads-of-state-2","status":"publish","type":"page","link":"https:\/\/library.brown.edu\/create\/modernlatinamerica\/chapters\/chapter-8-venezuela\/venezuelan-heads-of-state-2\/","title":{"rendered":"Venezuelan Heads of State"},"content":{"rendered":"<div id=\"attachment_3196\" style=\"width: 207px\" class=\"wp-caption alignright\"><a href=\"https:\/\/library.brown.edu\/create\/modernlatinamerica\/wp-content\/uploads\/sites\/42\/2012\/08\/197px-Jose\u0301_Antonio_Pa\u0301ez_3.jpg\"><img loading=\"lazy\" decoding=\"async\" aria-describedby=\"caption-attachment-3196\" class=\"size-full wp-image-3196 \" alt=\"197px-Jose\u0301_Antonio_Pa\u0301ez_3\" src=\"https:\/\/library.brown.edu\/create\/modernlatinamerica\/wp-content\/uploads\/sites\/42\/2012\/08\/197px-Jose\u0301_Antonio_Pa\u0301ez_3.jpg\" width=\"197\" height=\"265\" \/><\/a><p id=\"caption-attachment-3196\" class=\"wp-caption-text\">Jos\u00e9 Antonio P\u00e1ez<\/p><\/div>\n<p><strong>1861<\/strong> \u00a0Jos\u00e9 Antonio P\u00e1ez<\/p>\n<p><strong>1863<\/strong> \u00a0Juan Cris\u00f3stomo Falc\u00f3n<\/p>\n<p><strong>1868<\/strong> \u00a0Manuel Ezequiel Bruzual\u00a0(April 25\u2013June 28)<\/p>\n<p><strong>1868\u00a0<\/strong>Guillermo Tell Villegas\u00a0(June 28\u2013February 20, 1869)<\/p>\n<p><strong>1869<\/strong> \u00a0Jos\u00e9 Ruperto Monagas\u00a0(February 20\u2013April 16, 1870)<\/p>\n<p><strong>1870 \u00a0<\/strong>Antonio Guzm\u00e1n Blanco<\/p>\n<p><strong>1877<\/strong> \u00a0Francisco Linares Alc\u00e1ntara<\/p>\n<p><strong>1878<\/strong> \u00a0Jos\u00e9 Gregorio Valera<\/p>\n<div id=\"attachment_3198\" style=\"width: 210px\" class=\"wp-caption alignright\"><a href=\"https:\/\/library.brown.edu\/create\/modernlatinamerica\/wp-content\/uploads\/sites\/42\/2012\/08\/200px-Martin_Tovar_y_Tovar_20.jpg\"><img loading=\"lazy\" decoding=\"async\" aria-describedby=\"caption-attachment-3198\" class=\"size-full wp-image-3198 \" alt=\"Antonio Guzm\u00e1n Blanco\" src=\"https:\/\/library.brown.edu\/create\/modernlatinamerica\/wp-content\/uploads\/sites\/42\/2012\/08\/200px-Martin_Tovar_y_Tovar_20.jpg\" width=\"200\" height=\"270\" \/><\/a><p id=\"caption-attachment-3198\" class=\"wp-caption-text\">Antonio Guzm\u00e1n Blanco<\/p><\/div>\n<p><strong>1879<\/strong> \u00a0Antonio Guzm\u00e1n Blanco<\/p>\n<p><strong>1884<\/strong> \u00a0Joaqu\u00edn Sinforiano de Jes\u00fas Crespo<\/p>\n<p><strong>1886<\/strong> \u00a0Antonio Guzm\u00e1n Blanco<\/p>\n<p><strong>1887<\/strong> \u00a0Herm\u00f3genes L\u00f3pez<\/p>\n<p><strong>1888<\/strong> \u00a0Juan Pablo Rojas Pa\u00fal<\/p>\n<p><strong>1890<\/strong> \u00a0Raimundo Anduela Palacio<\/p>\n<p><strong>1892<\/strong> \u00a0Guillermo Tell Villegas\u00a0(June 17\u2013-October 7)<\/p>\n<p><strong>1892<\/strong> \u00a0Joaqu\u00edn Sinforiano de Jes\u00fas Crespo<\/p>\n<p><strong>1898<\/strong> \u00a0Ignacio Andrade<\/p>\n<div id=\"attachment_3201\" style=\"width: 235px\" class=\"wp-caption alignright\"><a href=\"https:\/\/library.brown.edu\/create\/modernlatinamerica\/wp-content\/uploads\/sites\/42\/2012\/08\/225px-Juan_Bautista_Pe\u0301rez.jpg\"><img loading=\"lazy\" decoding=\"async\" aria-describedby=\"caption-attachment-3201\" class=\"size-full wp-image-3201 \" alt=\"Juan Bautista P\u00e9rez\" src=\"https:\/\/library.brown.edu\/create\/modernlatinamerica\/wp-content\/uploads\/sites\/42\/2012\/08\/225px-Juan_Bautista_Pe\u0301rez.jpg\" width=\"225\" height=\"307\" srcset=\"https:\/\/library.brown.edu\/create\/modernlatinamerica\/wp-content\/uploads\/sites\/42\/2012\/08\/225px-Juan_Bautista_Pe\u0301rez.jpg 225w, https:\/\/library.brown.edu\/create\/modernlatinamerica\/wp-content\/uploads\/sites\/42\/2012\/08\/225px-Juan_Bautista_Pe\u0301rez-220x300.jpg 220w\" sizes=\"auto, (max-width: 225px) 100vw, 225px\" \/><\/a><p id=\"caption-attachment-3201\" class=\"wp-caption-text\">Juan Bautista P\u00e9rez<\/p><\/div>\n<p><strong>1899<\/strong> \u00a0Cipriano Castro Ruiz<\/p>\n<p><strong>1908<\/strong> \u00a0Juan Vicente G\u00f3mez<\/p>\n<p><strong>1913<\/strong> \u00a0Jos\u00e9 Gil Fortoul<\/p>\n<p><strong>1914<\/strong> \u00a0Victorino M\u00e1rquez Bustillos<\/p>\n<p><strong>1922<\/strong> \u00a0Juan Vicente G\u00f3mez<\/p>\n<p><strong>1929<\/strong> \u00a0Juan Bautista P\u00e9rez<\/p>\n<p><strong>1931<\/strong> \u00a0Juan Vicente G\u00f3mez<\/p>\n<p><strong>1935<\/strong> \u00a0Eleazar L\u00f3pez Contreras<\/p>\n<p><strong>1941<\/strong> \u00a0Isa\u00edas Medina Angarita<\/p>\n<div id=\"attachment_3202\" style=\"width: 301px\" class=\"wp-caption alignright\"><a href=\"https:\/\/library.brown.edu\/create\/modernlatinamerica\/wp-content\/uploads\/sites\/42\/2012\/08\/Carlos_Delgado_Chalbaud1.jpg\"><img loading=\"lazy\" decoding=\"async\" aria-describedby=\"caption-attachment-3202\" class=\" wp-image-3202    \" alt=\"Carlos Delgado Chalabaud\" src=\"https:\/\/library.brown.edu\/create\/modernlatinamerica\/wp-content\/uploads\/sites\/42\/2012\/08\/Carlos_Delgado_Chalbaud1.jpg\" width=\"291\" height=\"225\" srcset=\"https:\/\/library.brown.edu\/create\/modernlatinamerica\/wp-content\/uploads\/sites\/42\/2012\/08\/Carlos_Delgado_Chalbaud1.jpg 779w, https:\/\/library.brown.edu\/create\/modernlatinamerica\/wp-content\/uploads\/sites\/42\/2012\/08\/Carlos_Delgado_Chalbaud1-300x231.jpg 300w, https:\/\/library.brown.edu\/create\/modernlatinamerica\/wp-content\/uploads\/sites\/42\/2012\/08\/Carlos_Delgado_Chalbaud1-768x592.jpg 768w, https:\/\/library.brown.edu\/create\/modernlatinamerica\/wp-content\/uploads\/sites\/42\/2012\/08\/Carlos_Delgado_Chalbaud1-390x300.jpg 390w\" sizes=\"auto, (max-width: 291px) 100vw, 291px\" \/><\/a><p id=\"caption-attachment-3202\" class=\"wp-caption-text\">Carlos Delgado Chalabaud<\/p><\/div>\n<p><strong>1945<\/strong> \u00a0<a href=\"http:\/\/library.brown.edu\/create\/modernlatinamerica\/chapters\/chapter-8-venezuela\/figures-in-venezuelan-history\/\">R\u00f3mulo Ernesto Betancourt Bello<\/a><\/p>\n<p><strong>1948<\/strong> \u00a0R\u00f3mulo Gallegos Freire\u00a0(February 17\u2013November 24)<\/p>\n<p><strong>1948<\/strong> \u00a0Carlos Delgado Chalbaud<\/p>\n<p><strong>1950<\/strong> \u00a0Germ\u00e1n Su\u00e1rez Flamerich<\/p>\n<p><strong>1952<\/strong> \u00a0Marcos P\u00e9rez Jim\u00e9nez<\/p>\n<p><strong>1958<\/strong> \u00a0Wolfgang Larraz\u00e1bal\u00a0(January 23\u2013November 14)<\/p>\n<div id=\"attachment_3206\" style=\"width: 147px\" class=\"wp-caption alignright\"><a href=\"https:\/\/library.brown.edu\/create\/modernlatinamerica\/wp-content\/uploads\/sites\/42\/2012\/08\/HugoCha\u0301vez2004.png\"><img loading=\"lazy\" decoding=\"async\" aria-describedby=\"caption-attachment-3206\" class=\"size-full wp-image-3206 \" alt=\"HugoCha\u0301vez2004\" src=\"https:\/\/library.brown.edu\/create\/modernlatinamerica\/wp-content\/uploads\/sites\/42\/2012\/08\/HugoCha\u0301vez2004.png\" width=\"137\" height=\"240\" \/><\/a><p id=\"caption-attachment-3206\" class=\"wp-caption-text\">Hugo Ch\u00e1vez<\/p><\/div>\n<p><strong>1958<\/strong> \u00a0Edgar Sanabria<\/p>\n<p><strong>1959<\/strong> \u00a0<a href=\"http:\/\/library.brown.edu\/create\/modernlatinamerica\/chapters\/chapter-8-venezuela\/figures-in-venezuelan-history\/\">R\u00f3mulo Ernesto Betancourt Bello<\/a><\/p>\n<p><strong>1964<\/strong> \u00a0Ra\u00fal Leoni Otero<\/p>\n<p><strong>1969<\/strong> \u00a0Rafael Caldera Rodr\u00edguez<\/p>\n<p><strong>1974<\/strong> \u00a0Carlos Andr\u00e9s P\u00e9rez Rodr\u00edguez<\/p>\n<p><strong>1979<\/strong> \u00a0Luis Herrera Campins<\/p>\n<p><strong>1984<\/strong> \u00a0Jaime Lusinchi<\/p>\n<div id=\"attachment_3204\" style=\"width: 210px\" class=\"wp-caption alignright\"><a href=\"https:\/\/library.brown.edu\/create\/modernlatinamerica\/wp-content\/uploads\/sites\/42\/2012\/08\/200px-Nicolas_Maduro-05-2013.jpg\"><img loading=\"lazy\" decoding=\"async\" aria-describedby=\"caption-attachment-3204\" class=\"size-full wp-image-3204 \" alt=\"200px-Nicolas_Maduro-05-2013\" src=\"https:\/\/library.brown.edu\/create\/modernlatinamerica\/wp-content\/uploads\/sites\/42\/2012\/08\/200px-Nicolas_Maduro-05-2013.jpg\" width=\"200\" height=\"218\" \/><\/a><p id=\"caption-attachment-3204\" class=\"wp-caption-text\">Nicol\u00e1s Maduro<\/p><\/div>\n<p><strong>1989<\/strong> \u00a0Carlos Andr\u00e9s P\u00e9rez Rodr\u00edguez<\/p>\n<p><strong>1993<\/strong> \u00a0Ram\u00f3n Jos\u00e9 Vel\u00e1squez<\/p>\n<p><strong>1994<\/strong> \u00a0Rafael Caldera Rodr\u00edguez<\/p>\n<p><strong>1999<\/strong> \u00a0<a href=\"http:\/\/library.brown.edu\/create\/modernlatinamerica\/chapters\/chapter-8-venezuela\/figures-in-venezuelan-history\/\">Hugo Ch\u00e1vez Fr\u00edas<\/a><\/p>\n<p><strong>2013<\/strong>\u00a0 Nicol\u00e1s Maduro<\/p>\n","protected":false},"excerpt":{"rendered":"<p>1861 \u00a0Jos\u00e9 Antonio P\u00e1ez 1863 \u00a0Juan Cris\u00f3stomo Falc\u00f3n 1868 \u00a0Manuel Ezequiel Bruzual\u00a0(April 25\u2013June 28) 1868\u00a0Guillermo Tell Villegas\u00a0(June 28\u2013February 20, 1869) 1869 \u00a0Jos\u00e9 Ruperto Monagas\u00a0(February 20\u2013April 16, 1870) 1870 \u00a0Antonio Guzm\u00e1n Blanco 1877 \u00a0Francisco Linares Alc\u00e1ntara 1878 \u00a0Jos\u00e9 Gregorio Valera 1879 &hellip; <a href=\"https:\/\/library.brown.edu\/create\/modernlatinamerica\/chapters\/chapter-8-venezuela\/venezuelan-heads-of-state-2\/\">Continue reading <span class=\"meta-nav\">&rarr;<\/span><\/a><\/p>\n","protected":false},"author":38,"featured_media":0,"parent":356,"menu_order":2,"comment_status":"closed","ping_status":"closed","template":"sidebar-page.php","meta":{"footnotes":""},"class_list":["post-431","page","type-page","status-publish","hentry"],"_links":{"self":[{"href":"https:\/\/library.brown.edu\/create\/modernlatinamerica\/wp-json\/wp\/v2\/pages\/431","targetHints":{"allow":["GET"]}}],"collection":[{"href":"https:\/\/library.brown.edu\/create\/modernlatinamerica\/wp-json\/wp\/v2\/pages"}],"about":[{"href":"https:\/\/library.brown.edu\/create\/modernlatinamerica\/wp-json\/wp\/v2\/types\/page"}],"author":[{"embeddable":true,"href":"https:\/\/library.brown.edu\/create\/modernlatinamerica\/wp-json\/wp\/v2\/users\/38"}],"replies":[{"embeddable":true,"href":"https:\/\/library.brown.edu\/create\/modernlatinamerica\/wp-json\/wp\/v2\/comments?post=431"}],"version-history":[{"count":1,"href":"https:\/\/library.brown.edu\/create\/modernlatinamerica\/wp-json\/wp\/v2\/pages\/431\/revisions"}],"predecessor-version":[{"id":5097,"href":"https:\/\/library.brown.edu\/create\/modernlatinamerica\/wp-json\/wp\/v2\/pages\/431\/revisions\/5097"}],"up":[{"embeddable":true,"href":"https:\/\/library.brown.edu\/create\/modernlatinamerica\/wp-json\/wp\/v2\/pages\/356"}],"wp:attachment":[{"href":"https:\/\/library.brown.edu\/create\/modernlatinamerica\/wp-json\/wp\/v2\/media?parent=431"}],"curies":[{"name":"wp","href":"https:\/\/api.w.org\/{rel}","templated":true}]}}