{"id":441,"date":"2012-08-21T12:40:03","date_gmt":"2012-08-21T17:40:03","guid":{"rendered":"http:\/\/library.brown.edu\/modernlatinamerica\/?page_id=441"},"modified":"2012-08-21T12:40:03","modified_gmt":"2012-08-21T17:40:03","slug":"figures-in-colonial-latin-american-history","status":"publish","type":"page","link":"https:\/\/library.brown.edu\/create\/modernlatinamerica\/chapters\/chapter-2-the-colonial-foundations\/figures-in-colonial-latin-american-history\/","title":{"rendered":"Colonial Latin American Profiles and Personalities"},"content":{"rendered":"<p><span style=\"font-size: large\"><strong>\u00a0<\/strong><\/span><\/p>\n<ul>\n<li>\n<div id=\"attachment_1449\" style=\"width: 266px\" class=\"wp-caption alignleft\"><a href=\"https:\/\/library.brown.edu\/create\/modernlatinamerica\/wp-content\/uploads\/sites\/42\/2012\/08\/256px-Toussaint_louverture.jpg\"><img loading=\"lazy\" decoding=\"async\" aria-describedby=\"caption-attachment-1449\" class=\"size-full wp-image-1449\" title=\"256px-Toussaint_louverture\" alt=\"\" src=\"https:\/\/library.brown.edu\/create\/modernlatinamerica\/wp-content\/uploads\/sites\/42\/2012\/08\/256px-Toussaint_louverture.jpg\" width=\"256\" height=\"352\" srcset=\"https:\/\/library.brown.edu\/create\/modernlatinamerica\/wp-content\/uploads\/sites\/42\/2012\/08\/256px-Toussaint_louverture.jpg 256w, https:\/\/library.brown.edu\/create\/modernlatinamerica\/wp-content\/uploads\/sites\/42\/2012\/08\/256px-Toussaint_louverture-218x300.jpg 218w\" sizes=\"auto, (max-width: 256px) 100vw, 256px\" \/><\/a><p id=\"caption-attachment-1449\" class=\"wp-caption-text\">Portrait of Toussaint L&#8217;Ouverture by John Kay<\/p><\/div>\n<p><strong>Toussaint L\u2019Ouverture (1743-1803):<\/strong> Fran\u00e7ois-Dominique Toussaint L\u2019Ouverture was born a slave around 1743 in Saint-Domingue (modern-day Haiti).\u00a0 Toussaint\u2019s master was relatively liberal and allowed Toussaint to get an education. At the age of 33, Toussaint was given his freedom but he chose to stay on at the plantation as a salaried employee. In 1791, Saint-Domingue erupted in a massive slave revolt. Toussaint initially joined the rebellion as a field doctor but quickly rose through the ranks and helped secure an alliance between the rebels and the Spanish of Santo Domingo (present-day Dominican Republic). On February 4, 1794, the French government declared abolition of slavery in Saint-Domingue. Toussaint responded by shifting his allegiance from the Spanish to the French. The British, never keen on missing an opportunity for colonization, promptly invaded Saint-Domingue and sided with the Spanish. Now leading the French forces on the island, Toussaint fought a long campaign against the Spanish-British alliance and by 1797 held de-facto control over Saint-Domingue. Events in France upset the delicate balance that had been established. In 1799, Napoleon Bonaparte took over France and promised to issue a series of new laws restricting the autonomy of its colonies. Toussaint responded with the Constitution of 1801, making him governor-for-life of Saint-Domingue. Despite the insubordination, Toussaint still considered himself a Frenchman and wrote to Napoleon explaining his position. In 1802, Napoleon dispatched General Charles Leclerc to bring Saint-Domingue back into the French fold through diplomacy. Leclerc, sensing it would not be possible to peacefully assert French authority, ordered Toussaint to be arrested and transported to France. Toussaint L\u2019Ouverture died in prison on April 7, 1803. His death inspired a second full-scale rebellion in Saint-Domingue that resulted in complete independence and the establishment of the Republic of Haiti.<\/li>\n<li>\n<div id=\"attachment_1450\" style=\"width: 219px\" class=\"wp-caption alignleft\"><a href=\"https:\/\/library.brown.edu\/create\/modernlatinamerica\/wp-content\/uploads\/sites\/42\/2012\/08\/Hw-bolivar.jpg\"><img loading=\"lazy\" decoding=\"async\" aria-describedby=\"caption-attachment-1450\" class=\" wp-image-1450  \" title=\"Hw-bolivar\" alt=\"\" src=\"https:\/\/library.brown.edu\/create\/modernlatinamerica\/wp-content\/uploads\/sites\/42\/2012\/08\/Hw-bolivar.jpg\" width=\"209\" height=\"288\" srcset=\"https:\/\/library.brown.edu\/create\/modernlatinamerica\/wp-content\/uploads\/sites\/42\/2012\/08\/Hw-bolivar.jpg 426w, https:\/\/library.brown.edu\/create\/modernlatinamerica\/wp-content\/uploads\/sites\/42\/2012\/08\/Hw-bolivar-218x300.jpg 218w\" sizes=\"auto, (max-width: 209px) 100vw, 209px\" \/><\/a><p id=\"caption-attachment-1450\" class=\"wp-caption-text\">Portrait of Simon Bolivar Courtesy of the University of Texas Libraries, The University of Texas at Austi<\/p><\/div>\n<p><strong>Sim\u00f3n Bol\u00edvar (1783-1830):<\/strong> Sim\u00f3n Bol\u00edvar, known as <em>el Lib<\/em><em>ertador<\/em> of much of South America, was born in 1783 in Caracas to wealthy Creole parents. Bol\u00edvar\u2019s parents died when he was a young boy, leaving him in the care of tutor Sim\u00f3n Rodr\u00edguez. From Rodr\u00edguez, Bol\u00edvar learned of and was inspired by Enlightenment thinking, as well as the French and American Revolutions. When he was sixteen, Bol\u00edvar left Caracas for Europe. In Paris he observed the coronation of Napoleon Bonaparte, which symbolized to the young Venezuelan both the failure of republicanism and the power of an individual to change history. In 1807, Bol\u00edvar returned to Caracas, already committed to independence for all of Latin America. When a provisional junta was established in Caracas in 1810 in response to the forced abdication of King Ferdinand in Spain, Bol\u00edvar retreated from political life because the junta refused to consider full independence. Finally in 1811, the junta declared independence for Venezuela and created the First Republic. Bol\u00edvar fought for the republic against royalist forces, but after a devastating earthquake in 1812 convinced the populace of the divine folly of autonomy, the First Republic fell to Spanish troops. Defeated, Bol\u00edvar fled to New Granada where he led a successful campaign against the Spanish. By 1813, Bol\u00edvar had amassed a sizeable army. Marching into Venezuela, he delivered a number of stunning victories for independence and took Caracas on August 7, 1813, in what later was known as the Admirable Campaign. The Second Venezuelan Republic was established but the Spanish refused to accept independence and launched a successful counterattack in 1814. Bol\u00edvar once again fled, this time heading to the Caribbean. In Jamaica, Bol\u00edvar wrote his famous Letter from Jamaica, which called for Latin American independence and the creation of a unified Latin American republic. Never one to accept defeat, Bol\u00edvar quickly returned to Venezuela and led yet another military campaign against the royalist forces. After stunning victories in the Battles of Boyaca and Carabobo, Bol\u00edvar secured independence for Venezuela, Colombia, and Ecuador. Still hopeful of confederation, he declared the creation of Gran Colombia out of the liberated territories. Bol\u00edvar was appointed President of Gran Colombia, but as he was a liberator at heart and much of South America remained in royalist control, he quickly abandoned his political duties. At the Battle of Junin on August 6, 1824, Bol\u00edvar defeated the Spanish and forced them out of Peru, bringing independence to the last major royalist stronghold. The Congress of Upper Peru declared itself the autonomous state of Bolivia and made Bol\u00edvar the President. As ruler of much of South America and a hero to the people of the region, Bol\u00edvar sensed that his goal of a unified Latin American republic was in reach. Alas, it was not to be. Political problems contributed to instability in Gran Colombia, and as each territory asserted its autonomy, Bol\u00edvar\u2019s prize fell apart before his eyes. In 1830, Bol\u00edvar left South America for Europe, where he later died of tuberculosis.<\/li>\n<li>\n<div id=\"attachment_1451\" style=\"width: 238px\" class=\"wp-caption alignleft\"><a href=\"https:\/\/library.brown.edu\/create\/modernlatinamerica\/wp-content\/uploads\/sites\/42\/2012\/08\/Francisco_de_Paula_Santander_potrait_picture.jpg\"><img loading=\"lazy\" decoding=\"async\" aria-describedby=\"caption-attachment-1451\" class=\"size-full wp-image-1451\" title=\"Francisco_de_Paula_Santander,_potrait_picture\" alt=\"\" src=\"https:\/\/library.brown.edu\/create\/modernlatinamerica\/wp-content\/uploads\/sites\/42\/2012\/08\/Francisco_de_Paula_Santander_potrait_picture.jpg\" width=\"228\" height=\"299\" \/><\/a><p id=\"caption-attachment-1451\" class=\"wp-caption-text\">Francisco de Paula Santander<\/p><\/div>\n<p><strong>Francisco Santander (1792-1840):\u00a0<\/strong>Francisco de Paula Santander was born in 1792 in New Granada (present-day Colombia). Raised in a wealthy Creole family, Santander entered law school but was interrupted in 1810 by the creation of a provisional junta in Bogot\u00e1 and the fight for independence of the newly formed United Provinces of New Granada. Santander joined the independence army and quickly rose through the ranks. From 1815 to 1816, the royalist forces and Spanish army waged a successful counterattack and conquered the United Provinces of New Granada. Santander fled to the Venezuelan border where he met up with Sim\u00f3n Bol\u00edvar. Joining Bol\u00edvar\u2019s army, Santander led the vanguard and was instrumental in the liberation of New Granada. After New Granada gained its independence, it was absorbed by Bol\u00edvar\u2019s pet project of Gran Colombia, and Santander was elected as the Vice President of the new state. Bol\u00edvar, who had been chosen as President, grew tired of politics and left office to liberate the rest of South America. As a result, power passed to Santander and he served as President of Gran Colombia from 1819 to 1826. During the next several years, ideological differences between Santander and Bol\u00edvar increased. Tensions culminated when Santander was exiled after being accused of an assassination attempt on Bol\u00edvar in 1828. After Gran Colombia dissolved in the early 1830s, Santander returned from exile and was elected President of the Republic of New Granada (1832-1836). Francisco Santander died in 1840 but his ideology lived on in the form of Colombia\u2019s durable Liberal Party.<\/li>\n<li>\n<div id=\"attachment_1453\" style=\"width: 266px\" class=\"wp-caption alignleft\"><a href=\"https:\/\/library.brown.edu\/create\/modernlatinamerica\/wp-content\/uploads\/sites\/42\/2012\/08\/256px-Jose_de_San_Martin.jpg\"><img loading=\"lazy\" decoding=\"async\" aria-describedby=\"caption-attachment-1453\" class=\"size-full wp-image-1453\" title=\"256px-Jose_de_San_Martin\" alt=\"\" src=\"https:\/\/library.brown.edu\/create\/modernlatinamerica\/wp-content\/uploads\/sites\/42\/2012\/08\/256px-Jose_de_San_Martin.jpg\" width=\"256\" height=\"313\" srcset=\"https:\/\/library.brown.edu\/create\/modernlatinamerica\/wp-content\/uploads\/sites\/42\/2012\/08\/256px-Jose_de_San_Martin.jpg 256w, https:\/\/library.brown.edu\/create\/modernlatinamerica\/wp-content\/uploads\/sites\/42\/2012\/08\/256px-Jose_de_San_Martin-245x300.jpg 245w\" sizes=\"auto, (max-width: 256px) 100vw, 256px\" \/><\/a><p id=\"caption-attachment-1453\" class=\"wp-caption-text\">Daguerrotype of Jose de San Martin<\/p><\/div>\n<p><strong>Jos\u00e9 de San Mart\u00edn (1778-1850):<\/strong> Jos\u00e9 de San Mart\u00edn was born in modern-day Argentina in 1778. Several years later, his family moved to M\u00e1laga, Spain, where San Mart\u00edn entered school. By 1789, he had begun his military career as a soldier in the Regiment of Murcia. San Mart\u00edn rose through the ranks of the Spanish Army and served in the Peninsular War against French invaders. For uncertain reasons, Santander resigned from the Spanish Army in 1812 and returned to South America, pledging his support for independence in the process. Beginning with command of a small force of revolutionary soldiers, San Mart\u00edn proved his worth with a number of victories and was appointed head of all forces in Buenos Aires. In 1814, San Mart\u00edn took control of the \u201cArmy of the North,\u201d tasked with liberating Upper Peru. Despite his organizational skill, the Army of the North continued to suffer defeat by royalist forces. San Mart\u00edn proposed to liberate Peru by way of Chile rather than Upper Peru and he was appointed commander of the Army of the Andes to lead the campaign. In February 1817, the Army successfully crossed the freezing cold Andes and entered Chile. They met the royalist forces at the Battle of Chacabuco on February 12 and the Army of the Andes won a surprising victory. After another series of battles, San Mart\u00edn succeeded in liberating Chile and then set his sights on Peru. Throughout 1820 and 1821, San Mart\u00edn defeated Spanish forces in Peru, and he marched into a free Lima on July 12, 1821. San Mart\u00edn set about establishing a provisional government in Peru, and in 1822 he met with fellow freedom fighter Sim\u00f3n Bol\u00edvar in Guayaquil. It is unclear exactly what happened at the meeting, but San Mart\u00edn decided to step down and give Bol\u00edvar complete control over the wars of independence. Unable to find political success in Peru, Chile, or Argentina, San Mart\u00edn resettled with his daughter in France. He died there in 1850.<\/li>\n<\/ul>\n","protected":false},"excerpt":{"rendered":"<p>\u00a0 Toussaint L\u2019Ouverture (1743-1803): Fran\u00e7ois-Dominique Toussaint L\u2019Ouverture was born a slave around 1743 in Saint-Domingue (modern-day Haiti).\u00a0 Toussaint\u2019s master was relatively liberal and allowed Toussaint to get an education. At the age of 33, Toussaint was given his freedom but &hellip; <a href=\"https:\/\/library.brown.edu\/create\/modernlatinamerica\/chapters\/chapter-2-the-colonial-foundations\/figures-in-colonial-latin-american-history\/\">Continue reading <span class=\"meta-nav\">&rarr;<\/span><\/a><\/p>\n","protected":false},"author":38,"featured_media":0,"parent":406,"menu_order":2,"comment_status":"closed","ping_status":"closed","template":"sidebar-page.php","meta":{"footnotes":""},"class_list":["post-441","page","type-page","status-publish","hentry"],"_links":{"self":[{"href":"https:\/\/library.brown.edu\/create\/modernlatinamerica\/wp-json\/wp\/v2\/pages\/441","targetHints":{"allow":["GET"]}}],"collection":[{"href":"https:\/\/library.brown.edu\/create\/modernlatinamerica\/wp-json\/wp\/v2\/pages"}],"about":[{"href":"https:\/\/library.brown.edu\/create\/modernlatinamerica\/wp-json\/wp\/v2\/types\/page"}],"author":[{"embeddable":true,"href":"https:\/\/library.brown.edu\/create\/modernlatinamerica\/wp-json\/wp\/v2\/users\/38"}],"replies":[{"embeddable":true,"href":"https:\/\/library.brown.edu\/create\/modernlatinamerica\/wp-json\/wp\/v2\/comments?post=441"}],"version-history":[{"count":0,"href":"https:\/\/library.brown.edu\/create\/modernlatinamerica\/wp-json\/wp\/v2\/pages\/441\/revisions"}],"up":[{"embeddable":true,"href":"https:\/\/library.brown.edu\/create\/modernlatinamerica\/wp-json\/wp\/v2\/pages\/406"}],"wp:attachment":[{"href":"https:\/\/library.brown.edu\/create\/modernlatinamerica\/wp-json\/wp\/v2\/media?parent=441"}],"curies":[{"name":"wp","href":"https:\/\/api.w.org\/{rel}","templated":true}]}}