{"id":4708,"date":"2014-01-27T08:55:09","date_gmt":"2014-01-27T13:55:09","guid":{"rendered":"http:\/\/library.brown.edu\/modernlatinamerica\/?page_id=4708"},"modified":"2016-07-06T18:02:40","modified_gmt":"2016-07-06T18:02:40","slug":"a-list-of-all-primary-documents","status":"publish","type":"page","link":"https:\/\/library.brown.edu\/create\/modernlatinamerica\/chapters\/a-list-of-all-primary-documents\/","title":{"rendered":"A List of All Primary Documents"},"content":{"rendered":"<h2>Chapter 2<\/h2>\n<p>Document #1:\u00a0<a href=\"http:\/\/library.brown.edu\/create\/modernlatinamerica\/chapters\/chapter-2-the-colonial-foundations\/primary-documents-with-accompanying-discussion-questions\/document-2-simon-bolivar-letter-from-jamaica-september-6-1815\/\">&#8220;Letter from Jamaica,&#8221;<\/a>\u00a0Sim\u00f3n Bol\u00edvar\u00a0(1815)<\/p>\n<p>Document #2:\u00a0<a href=\"http:\/\/library.brown.edu\/create\/modernlatinamerica\/chapters\/chapter-2-the-colonial-foundations\/primary-documents-with-accompanying-discussion-questions\/document-3-simon-bolivar-address-at-the-congress-of-angostura-1819\/\">&#8220;Address at the Congress of Angostura,&#8221;<\/a>\u00a0Sim\u00f3n Bol\u00edvar\u00a0(1819)<\/p>\n<h2>Chapter 3<\/h2>\n<p>Document #3:\u00a0<a href=\"http:\/\/library.brown.edu\/create\/modernlatinamerica\/chapters\/chapter-3-mexico\/primary-documents-with-accompanying-discussion-questions\/document-4-president-diaz-hero-of-the-americas-by-james-creelman-1908-interview-with-president-porfirio-diaz\/\">\u201cPresident Diaz: Hero of the Americas,\u201d<\/a>\u00a0James Creelman (1908)<\/p>\n<p>Document #4:\u00a0<a href=\"http:\/\/library.brown.edu\/create\/modernlatinamerica\/chapters\/chapter-3-mexico\/primary-documents-with-accompanying-discussion-questions\/document-4-plan-de-san-luis-de-potosi-francisco-madero-1910\/\">&#8220;Plan de San Luis de Potos\u00ed,&#8221;<\/a>\u00a0Francisco Madero (1910)<\/p>\n<p>Document #5:\u00a0<a href=\"http:\/\/library.brown.edu\/create\/modernlatinamerica\/chapters\/chapter-3-mexico\/primary-documents-with-accompanying-discussion-questions\/document-5-program-of-the-liberal-party-ricardo-flores-magon-1911\/\">&#8220;Program of the Liberal Party,&#8221;<\/a>\u00a0Ricardo Flores Mag\u00f3n (1911)<\/p>\n<p>Document #6:\u00a0<a href=\"http:\/\/library.brown.edu\/create\/modernlatinamerica\/chapters\/chapter-3-mexico\/primary-documents-with-accompanying-discussion-questions\/document-6-plan-de-ayala-emilio-zapata-1911\/\">&#8220;Plan de Ayala,&#8221;<\/a>\u00a0Emilio Zapata (1911)<\/p>\n<p>Document #7:\u00a0<a href=\"http:\/\/library.brown.edu\/create\/modernlatinamerica\/chapters\/chapter-3-mexico\/primary-documents-with-accompanying-discussion-questions\/document-7-nationalization-of-oil-lazaro-cardenas-1938\/\">&#8220;Speech to the Nation,&#8221;<\/a>\u00a0L\u00e1zaro C\u00e1rdenas (1938)<em><br \/>\n<\/em><\/p>\n<p>Document #8:\u00a0<a href=\"http:\/\/library.brown.edu\/create\/modernlatinamerica\/chapters\/chapter-3-mexico\/primary-documents-with-accompanying-discussion-questions\/document-9-first-declaration-from-the-lacandon-jungle-today-we-say-enough-is-enough-ya-basta-ezln-command-1993\/\">&#8220;First Declaration from the Lacandon Jungle, Today We Say &#8216;Enough is Enough!&#8217; (Ya Basta!),&#8221;<\/a>\u00a0EZLN Command (1993)<\/p>\n<h2>Chapter 4<\/h2>\n<p>Document #9:\u00a0<a href=\"http:\/\/library.brown.edu\/create\/modernlatinamerica\/chapters\/chapter-5-central-america\/primary-documents-w-accompanying-discussion-questions\/document-13-introduction-to-the-shark-and-the-sardines-juan-jose-arevalo\/\">\u201cIntroduction to the Shark and the Sardines,\u201d<\/a>\u00a0Juan Jos\u00e9 Ar\u00e9valo (1956)<\/p>\n<p>Document #10:\u00a0<a href=\"http:\/\/library.brown.edu\/create\/modernlatinamerica\/chapters\/chapter-5-central-america\/primary-documents-w-accompanying-discussion-questions\/document-16-human-rights-and-guatemala-rigoberta-menchu\/\">\u201cAcceptance and Nobel Lecture,\u201d<\/a>\u00a0Rigoberta\u00a0Mench\u00fa (1992)<\/p>\n<p>Document #11:\u00a0<a href=\"http:\/\/library.brown.edu\/create\/modernlatinamerica\/chapters\/chapter-5-central-america\/primary-documents-w-accompanying-discussion-questions\/document-11-white-paper-on-el-salvador-alexander-haig-1981\/\">&#8220;Special Report No. 80: Communist Interference in El Salvador,&#8221;\u00a0and &#8220;Response to Stories Published in Wall Street Journal and Washington Post,&#8221;<\/a>\u00a0U.S. Department of State and\u00a0Alexander Haig (1981)<\/p>\n<p>Document #12: \u00a0\u201c<a href=\"http:\/\/library.brown.edu\/create\/modernlatinamerica\/chapters\/chapter-5-central-america\/primary-documents-w-accompanying-discussion-questions\/document-17-testimonies-of-guatemalan-women-patricia-herrera-1980\/\">Testimonies of Guatemalan Women<\/a>,\u201d Luz Alicia Herrera<em>\u00a0<\/em>(1980)<\/p>\n<h2>Chapter 5<\/h2>\n<p>Document #13:\u00a0<a href=\"http:\/\/library.brown.edu\/create\/modernlatinamerica\/chapters\/chapter-4-cuba\/primary-documents-w-accompanying-discussion-questions\/document-8-montecristi-manifesto-jose-marti-and-maximo-gomez-1895\/\">\u201cMontecristi Manifesto,\u201d<\/a>\u00a0Jos\u00e9 Mart\u00ed and M\u00e1ximo G\u00f3mez (1895)<\/p>\n<p>Document #14:\u00a0<a href=\"http:\/\/library.brown.edu\/create\/modernlatinamerica\/chapters\/chapter-4-cuba\/primary-documents-w-accompanying-discussion-questions\/documenet-9-my-race-from-patria-1893-jose-marti\/\">\u201cMy Race,\u201d<\/a>\u00a0Jos\u00e9 Mart\u00ed (1893)<\/p>\n<p>Document #15:\u00a0<a href=\"http:\/\/library.brown.edu\/create\/modernlatinamerica\/chapters\/chapter-4-cuba\/primary-documents-w-accompanying-discussion-questions\/document-no-10-history-will-absolve-me-by-fidel-castro-ruiz\/\">\u201cHistory Will Absolve Me,\u201d<\/a>\u00a0Fidel Castro (1953)<\/p>\n<p>Document #16:\u00a0<a href=\"http:\/\/library.brown.edu\/create\/modernlatinamerica\/chapters\/chapter-4-cuba\/primary-documents-w-accompanying-discussion-questions\/document-13-document-of-a-cuban-dissident-year\/\">&#8220;Statement from Mexico City,&#8221;<\/a>\u00a0Juana Castro (1964)<\/p>\n<p>Document #17:\u00a0<a href=\"http:\/\/library.brown.edu\/create\/modernlatinamerica\/chapters\/chapter-4-cuba\/primary-documents-w-accompanying-discussion-questions\/document-11-cubas-achievements-and-americas-wars-fidel-castro-2003\/\">\u201c<\/a><a href=\"http:\/\/library.brown.edu\/create\/modernlatinamerica\/chapters\/chapter-4-cuba\/primary-documents-w-accompanying-discussion-questions\/document-11-cubas-achievements-and-americas-wars-fidel-castro-2003\/\">What is Cuba&#8217;s Sin?<\/a>,\u201d\u00a0Fidel Castro (2003)<\/p>\n<h2>Chapter 6<\/h2>\n<p>Document #18: \u201c<a href=\"http:\/\/library.brown.edu\/create\/modernlatinamerica\/chapters\/chapter-6-the-andes\/primary-documents-w-accompanying-discussion-questions\/document-18-pulacyo-theses-the-union-federation-of-bolivian-mineworkers-1946\/\">Pulacyo Theses<\/a>,\u201d\u00a0The Union Federation of Bolivian Mineworkers (1946)<\/p>\n<p>Document #19:\u00a0<a href=\"http:\/\/library.brown.edu\/create\/modernlatinamerica\/chapters\/chapter-6-the-andes\/primary-documents-w-accompanying-discussion-questions\/document-19-document-on-recent-andean-history\/\">\u201cLaw of the Rights of Mother Earth,\u201d<\/a>\u00a0Plurinational Legislative Assembly of Bolivia (2010)<\/p>\n<h2>Chapter 7<\/h2>\n<p>Document #20: \u201c<a href=\"http:\/\/library.brown.edu\/create\/modernlatinamerica\/chapters\/chapter-7-colombia\/primary-documents-with-accompanying-discussion-questions\/press-release-from-the-revolutionary-armed-forces-of-colombia-secretariat-of-the-central-general-command-of-the-farc-ep-mountains-of-colombia-2002\/\">Press Release from the Revolutionary Armed Forces of Colombia<\/a>,\u201d Secretariat of the Central General Command of the FARC-EP (2002)<\/p>\n<p>Document #21: \u201c<a href=\"http:\/\/library.brown.edu\/create\/modernlatinamerica\/chapters\/chapter-7-colombia\/primary-documents-with-accompanying-discussion-questions\/document-21-statement-by-humberto-de-la-calle-head-of-the-government-delegation-to-the-conversations-table-humberto-de-la-calle-2013\/\">Statement by Humberto de la Calle, Head of the Government Delegation to the Conversations Table<\/a>,\u201d Humberto de la Calle (2013)<\/p>\n<h2>Chapter 8<\/h2>\n<p>Document #22:\u00a0\u201d<a href=\"http:\/\/library.brown.edu\/create\/modernlatinamerica\/chapters\/chapter-8-venezuela\/primary-documents-with-accompanying-discussion-questions\/document-22-pact-of-punto-fijo-accion-democratica-copei-and-union-republicana-democratica-1958\/\">Pact of Punto Fijo<\/a>,\u201d\u00a0Acci\u00f3n Democr\u00e1tica,\u00a0COPEI\u00a0and\u00a0Uni\u00f3n Republicana Democr\u00e1tica\u00a0(1958)<\/p>\n<p>Document #23: \u201c<a href=\"http:\/\/library.brown.edu\/create\/modernlatinamerica\/chapters\/chapter-8-venezuela\/primary-documents-with-accompanying-discussion-questions\/document-21-address-to-the-united-nations-by-hugo-chavez-2006\/\">Address to the United Nations<\/a>,\u201d Hugo\u00a0Ch\u00e1vez (2006)<\/p>\n<h2>Chapter 9<\/h2>\n<p>Document #24:\u00a0<a href=\"http:\/\/library.brown.edu\/create\/modernlatinamerica\/chapters\/chapter-9-argentina\/primary-documents-w-accompanying-discussion-questions\/what-is-peronism-by-juan-domingo-peron-1948-the-twenty-truths-of-the-peronist-justicialism-juan-domingo-peron-1950\/\">\u201cWhat is Per\u00f3nism?\u201d<\/a>\u00a0(1948) ||\u00a0<a href=\"http:\/\/library.brown.edu\/create\/modernlatinamerica\/chapters\/chapter-9-argentina\/primary-documents-w-accompanying-discussion-questions\/what-is-peronism-by-juan-domingo-peron-1948-the-twenty-truths-of-the-peronist-justicialism-juan-domingo-peron-1950\/\">\u201cThe Twenty Truths of Per\u00f3nist Justicialism,\u201d<\/a>\u00a0Juan Domingo Per\u00f3n (1950)<\/p>\n<p>Document #25:\u00a0<a href=\"http:\/\/library.brown.edu\/create\/modernlatinamerica\/chapters\/chapter-9-argentina\/primary-documents-w-accompanying-discussion-questions\/document-25-statement-by-the-military-upon-taking-power-1976\/\">Statement by the military upon taking power<\/a>\u00a0(1976)<\/p>\n<p>Document #26:\u00a0\u201d<a href=\"http:\/\/library.brown.edu\/create\/modernlatinamerica\/chapters\/chapter-9-argentina\/primary-documents-w-accompanying-discussion-questions\/document-26-nobel-peace-prize-acceptance-speech-adolfo-perez-esquivel-1980\/\">Nobel Peace Prize acceptance speech<\/a>,\u201d\u00a0Adolfo P\u00e9rez Esquivel (1980)<\/p>\n<p>Document #27:\u00a0<a href=\"http:\/\/library.brown.edu\/create\/modernlatinamerica\/chapters\/chapter-9-argentina\/primary-documents-w-accompanying-discussion-questions\/document-27-speech-at-a-dinner-with-the-council-of-americas-in-new-york-nestor-kirchner-2006\/\">\u201cSpeech at a Dinner with the Council of Americas in New York,\u201d<\/a>\u00a0N\u00e9stor Kirchner (2006)<\/p>\n<h2>Chapter 10<\/h2>\n<p>Document #28: \u201c<a href=\"http:\/\/library.brown.edu\/create\/modernlatinamerica\/chapters\/chapter-10-chile\/primary-documents-w-accompanying-discussion-questions\/document-25-final-speech-by-salvador-allende-1973\/\">Final Speech<\/a>,\u201d Salvador Allende (1973)<\/p>\n<p>Document #29: \u201c<a href=\"http:\/\/library.brown.edu\/create\/modernlatinamerica\/chapters\/chapter-10-chile\/primary-documents-w-accompanying-discussion-questions\/document-29-military-decrees-on-seizing-power-augusto-pinochet-1973\/\">Military Decrees on Seizing Power<\/a>,\u201d Augusto Pinochet (1973)<\/p>\n<p>Document #30: \u201c<a href=\"http:\/\/library.brown.edu\/create\/modernlatinamerica\/chapters\/chapter-10-chile\/primary-documents-w-accompanying-discussion-questions\/document-30-inaugural-address-michelle-bachelet-2006\/\">Inaugural Address<\/a>,\u201d Michelle Bachelet (2006)<\/p>\n<h2>Chapter 11<\/h2>\n<p>Document #31: \u201c<a href=\"http:\/\/library.brown.edu\/create\/modernlatinamerica\/chapters\/chapter-11-brazil\/primary-documents-w-accompanying-discussion-questions\/document-26-slavery-in-brazil-by-thomas-ewbank-1856\/\">On Slavery in Brazil<\/a>,\u201d Thomas Ewbank (1856)<\/p>\n<p>Document #32:\u00a0<a href=\"http:\/\/library.brown.edu\/create\/modernlatinamerica\/chapters\/chapter-11-brazil\/primary-documents-w-accompanying-discussion-questions\/document-27-state-department-telegram-to-ambassador-lincoln-gordon-1964\/\">State Department Telegram to Ambassador Lincoln Gordon<\/a>\u00a0(1964)<\/p>\n<p>Document #33:\u00a0<a href=\"http:\/\/library.brown.edu\/create\/modernlatinamerica\/chapters\/chapter-11-brazil\/primary-documents-w-accompanying-discussion-questions\/document-33-letter-to-pope-paul-vi-about-her-sons-imprisonment-lina-sattamni-penna-1970\/\">\u201cLetter to Pope Paul VI<\/a>,\u201d\u00a0Marcos Settamini Pena de Arruda (1971)<\/p>\n<p>Document #34: \u201c<a href=\"http:\/\/library.brown.edu\/create\/modernlatinamerica\/chapters\/chapter-11-brazil\/primary-documents-w-accompanying-discussion-questions\/document-34-discourse-of-the-president-of-the-republic-in-the-ceremony-installing-the-truth-commission-dilma-rousseff-2012\/\">Speech of the President of the Republic\u00a0in the ceremony installing the Truth Commission<\/a>,\u201d Dilma Rousseff (2012)<\/p>\n<h2>Chapter 12<\/h2>\n<p>Document #35:\u00a0<a href=\"http:\/\/library.brown.edu\/create\/modernlatinamerica\/chapters\/chapter-12-strategies-for-economic-developmen\/primary-documents-with-accompanying-discussion-questions\/document-30-testimony-before-congress-on-the-goals-of-nafta-and-preliminary-evaluation-peter-bergson-1997\/\">\u201cTestimony before Congress on the Goals of NAFTA and Preliminary Evaluation,\u201d<\/a>\u00a0C. Fred Bergsten (1997)<\/p>\n<p>Document #36:\u00a0<a href=\"http:\/\/library.brown.edu\/create\/modernlatinamerica\/chapters\/chapter-12-strategies-for-economic-developmen\/primary-documents-with-accompanying-discussion-questions\/document-31-nafta-equals-death-say-peasant-farmers-by-diego-cevalos-ips-4-december-2002\/\">\u201cNAFTA Equals Death, Say Peasant Farmers,\u201d<\/a>\u00a0Diego Cevalos (2002)<\/p>\n<h2>Chapter 15<\/h2>\n<p>Document #37: \u201c<a href=\"http:\/\/library.brown.edu\/create\/modernlatinamerica\/chapters\/chapter-14-the-united-states-and-latin-america\/primary-documents-w-accompanying-discussion-questions\/document-32-monroe-doctrine-1823\/\">Monroe Doctrine<\/a>,\u201d James Monroe\u00a0(1823)<\/p>\n<p>Document #38:\u00a0<a href=\"http:\/\/library.brown.edu\/create\/modernlatinamerica\/chapters\/chapter-14-the-united-states-and-latin-america\/primary-documents-w-accompanying-discussion-questions\/abraham-lincoln-on-the-mexican-american-war-1846-48\/\">\u201cAbraham Lincoln on the Mexican-American War (1848)\u201d<\/a><\/p>\n<p>Document #39: \u201c<a href=\"http:\/\/library.brown.edu\/create\/modernlatinamerica\/chapters\/chapter-14-the-united-states-and-latin-america\/primary-documents-w-accompanying-discussion-questions\/document-33-roosevelt-corollary-1904\/\">Roosevelt Corollary<\/a>,\u201d\u00a0Theodore Roosevelt (1904)<\/p>\n<p>Document #40: \u201c<a href=\"http:\/\/library.brown.edu\/create\/modernlatinamerica\/chapters\/chapter-14-the-united-states-and-latin-america\/primary-documents-w-accompanying-discussion-questions\/document-39-rio-branco-and-the-united-states\/\">Brazil, the United States, and Pan-Americanism<\/a>,\u201d Baron of Rio Branco (1905)\u201d<a href=\"http:\/\/library.brown.edu\/create\/modernlatinamerica\/chapters\/chapter-14-the-united-states-and-latin-america\/primary-documents-w-accompanying-discussion-questions\/document-34-abraham-lincoln-on-the-mexican-american-war-1848\/\"><br \/>\n<\/a><\/p>\n<p>Document #41:\u00a0<a href=\"http:\/\/library.brown.edu\/create\/modernlatinamerica\/chapters\/chapter-14-the-united-states-and-latin-america\/primary-documents-w-accompanying-discussion-questions\/document-36-kennedy-and-the-alliance-for-progress-1961\/\">\u201cAddress at a White House Reception for Members of Congress and for the Diplomatic Corps of the Latin American Republics,\u201d<\/a>\u00a0John F. Kennedy (1961)<\/p>\n<h2>Chapter 16<\/h2>\n<p>Document #42\u00a0<a title=\"Document #42 President Obama\u2019s speech at the 2009 Summit of the Americas\" href=\"http:\/\/library.brown.edu\/create\/modernlatinamerica\/chapters\/chapter-16-latin-america-in-the-world-arena-1990s-present\/primary-documents\/document-42-president-obamas-speech-at-the-2009-summit-of-the-americas\/\">President Obama&#8217;s speech at the 2009 Summit of the Americas<\/a><\/p>\n<p>Document #43\u00a0<a href=\"http:\/\/library.brown.edu\/create\/modernlatinamerica\/chapters\/chapter-16-latin-america-in-the-world-arena-1990s-present\/moments-and-events-in-contemporary-us-latin-american-relations\/testimony-of-joy-olson\/\">A Washington Office on Latin America statement on Honduras<\/a><\/p>\n<p>Document #44\u00a0<a title=\"Document #44: Zelaya\u2019s removal from office was a triumph for the rule of law (2009)\" href=\"http:\/\/library.brown.edu\/create\/modernlatinamerica\/chapters\/chapter-16-latin-america-in-the-world-arena-1990s-present\/primary-documents\/document-42-zelayas-removal-from-office-was-a-triumph-for-the-rule-of-law-44\/\">The Path Forward for Honduras<\/a><\/p>\n<p>Document #45\u00a0<a href=\"http:\/\/library.brown.edu\/create\/modernlatinamerica\/honduras-the-obama-administrations-first-latin-american-waterloo\/\">Honduras: The Obama Administration&#8217;s First Latin American Waterloo<\/a><\/p>\n<p>Document #46\u00a0<a title=\"Interview with Paulo Sergio Pinherio\" href=\"http:\/\/library.brown.edu\/create\/modernlatinamerica\/chapters\/chapter-14-the-united-states-and-latin-america\/moments-in-u-s-latin-american-relations\/interview-with-paulo-sergio-pinherio\/\">Human Rights in Latin America: An interview with Paulo S\u00e9rgio Pinherio<\/a><\/p>\n<p>Document #47\u00a0<a href=\"http:\/\/library.brown.edu\/create\/modernlatinamerica\/document-46-hilary-clintons-speech-on-opportunity-in-the-americas\/\">Hillary Clinton&#8217;s speech on Opportunity in the Americas<\/a><\/p>\n","protected":false},"excerpt":{"rendered":"<p>Chapter 2 Document #1:\u00a0&#8220;Letter from Jamaica,&#8221;\u00a0Sim\u00f3n Bol\u00edvar\u00a0(1815) Document #2:\u00a0&#8220;Address at the Congress of Angostura,&#8221;\u00a0Sim\u00f3n Bol\u00edvar\u00a0(1819) Chapter 3 Document #3:\u00a0\u201cPresident Diaz: Hero of the Americas,\u201d\u00a0James Creelman (1908) Document #4:\u00a0&#8220;Plan de San Luis de Potos\u00ed,&#8221;\u00a0Francisco Madero (1910) Document #5:\u00a0&#8220;Program of the Liberal &hellip; <a href=\"https:\/\/library.brown.edu\/create\/modernlatinamerica\/chapters\/a-list-of-all-primary-documents\/\">Continue reading <span class=\"meta-nav\">&rarr;<\/span><\/a><\/p>\n","protected":false},"author":6,"featured_media":0,"parent":236,"menu_order":17,"comment_status":"closed","ping_status":"closed","template":"sidebar-page.php","meta":{"footnotes":""},"class_list":["post-4708","page","type-page","status-publish","hentry"],"_links":{"self":[{"href":"https:\/\/library.brown.edu\/create\/modernlatinamerica\/wp-json\/wp\/v2\/pages\/4708","targetHints":{"allow":["GET"]}}],"collection":[{"href":"https:\/\/library.brown.edu\/create\/modernlatinamerica\/wp-json\/wp\/v2\/pages"}],"about":[{"href":"https:\/\/library.brown.edu\/create\/modernlatinamerica\/wp-json\/wp\/v2\/types\/page"}],"author":[{"embeddable":true,"href":"https:\/\/library.brown.edu\/create\/modernlatinamerica\/wp-json\/wp\/v2\/users\/6"}],"replies":[{"embeddable":true,"href":"https:\/\/library.brown.edu\/create\/modernlatinamerica\/wp-json\/wp\/v2\/comments?post=4708"}],"version-history":[{"count":2,"href":"https:\/\/library.brown.edu\/create\/modernlatinamerica\/wp-json\/wp\/v2\/pages\/4708\/revisions"}],"predecessor-version":[{"id":5142,"href":"https:\/\/library.brown.edu\/create\/modernlatinamerica\/wp-json\/wp\/v2\/pages\/4708\/revisions\/5142"}],"up":[{"embeddable":true,"href":"https:\/\/library.brown.edu\/create\/modernlatinamerica\/wp-json\/wp\/v2\/pages\/236"}],"wp:attachment":[{"href":"https:\/\/library.brown.edu\/create\/modernlatinamerica\/wp-json\/wp\/v2\/media?parent=4708"}],"curies":[{"name":"wp","href":"https:\/\/api.w.org\/{rel}","templated":true}]}}