{"id":79,"date":"2012-07-30T13:51:29","date_gmt":"2012-07-30T18:51:29","guid":{"rendered":"http:\/\/library.brown.edu\/modernlatinamerica\/?page_id=79"},"modified":"2016-07-05T18:49:23","modified_gmt":"2016-07-05T18:49:23","slug":"chapter-4-cuba","status":"publish","type":"page","link":"https:\/\/library.brown.edu\/create\/modernlatinamerica\/chapters\/chapter-4-cuba\/","title":{"rendered":"Chapter 5. Cuba: Key Colony, Socialist State"},"content":{"rendered":"<div id=\"attachment_1865\" style=\"width: 1623px\" class=\"wp-caption alignright\"><a href=\"https:\/\/library.brown.edu\/create\/modernlatinamerica\/wp-content\/uploads\/sites\/42\/2012\/07\/islandofcuba00humb_0006.jpg\"><img loading=\"lazy\" decoding=\"async\" aria-describedby=\"caption-attachment-1865\" class=\"size-full wp-image-1865\" alt=\"1856 - Map of Cuba from &quot;The Island of Cuba&quot; by Alexander von Humboldt\" src=\"https:\/\/library.brown.edu\/create\/modernlatinamerica\/wp-content\/uploads\/sites\/42\/2012\/07\/islandofcuba00humb_0006.jpg\" width=\"1613\" height=\"947\" srcset=\"https:\/\/library.brown.edu\/create\/modernlatinamerica\/wp-content\/uploads\/sites\/42\/2012\/07\/islandofcuba00humb_0006.jpg 1613w, https:\/\/library.brown.edu\/create\/modernlatinamerica\/wp-content\/uploads\/sites\/42\/2012\/07\/islandofcuba00humb_0006-300x176.jpg 300w, https:\/\/library.brown.edu\/create\/modernlatinamerica\/wp-content\/uploads\/sites\/42\/2012\/07\/islandofcuba00humb_0006-768x451.jpg 768w, https:\/\/library.brown.edu\/create\/modernlatinamerica\/wp-content\/uploads\/sites\/42\/2012\/07\/islandofcuba00humb_0006-1024x601.jpg 1024w, https:\/\/library.brown.edu\/create\/modernlatinamerica\/wp-content\/uploads\/sites\/42\/2012\/07\/islandofcuba00humb_0006-500x294.jpg 500w\" sizes=\"auto, (max-width: 1613px) 100vw, 1613px\" \/><\/a><p id=\"caption-attachment-1865\" class=\"wp-caption-text\">1856 &#8211; Map of Cuba from &#8220;The Island of Cuba&#8221; by Alexander von Humboldt<\/p><\/div>\n<ol>\n<li><a href=\"http:\/\/library.brown.edu\/create\/modernlatinamerica\/chapters\/chapter-4-cuba\/chapter-4-timeline\/\"><span style=\"text-decoration: underline\"><span style=\"text-decoration: underline\">Timeline for Cuba, 1492-Present<\/span><\/span>\u00a0<\/a><\/li>\n<li><a href=\"http:\/\/library.brown.edu\/create\/modernlatinamerica\/chapters\/chapter-4-cuba\/cuban-heads-of-state\/\"><span style=\"text-decoration: underline\"><span style=\"text-decoration: underline\">List of Cuban Heads of State<\/span><\/span><\/a><\/li>\n<li><a href=\"http:\/\/library.brown.edu\/create\/modernlatinamerica\/chapters\/chapter-4-cuba\/figures-in-cuban-history\/\"><span style=\"text-decoration: underline\">Cuban Profiles and Personalities:<\/span><\/a>\n<ol>\n<li>Antonio Maceo<\/li>\n<li>Jos\u00e9 Mart\u00ed<\/li>\n<li>M\u00e1ximo Gomez<\/li>\n<li>Gerardo Machado<\/li>\n<li>Fulgencio Batista<\/li>\n<li>Che Guevara<\/li>\n<li>Fidel Castro<\/li>\n<li>Ra\u00fal Castro<\/li>\n<\/ol>\n<\/li>\n<li><span style=\"text-decoration: underline\"><a href=\"http:\/\/library.brown.edu\/create\/modernlatinamerica\/chapters\/chapter-4-cuba\/moments-in-cuban-history\/\">Moments and Events in Cuban History:<\/a><\/span>\n<ol>\n<li>Essay #8: \u201cFrom Haciendas to the Pearl of the Antilles: Cuba\u2019s Colonial Rise to Economic Prosperity,\u201d by Ben Vila<\/li>\n<li>Essay #9: &#8220;The Castro Touch,&#8221; by Jennie Mazzucco<\/li>\n<li>Essay #10: \u201cRadio Wars: Havana and Miami,\u201d by Julia Longoria<\/li>\n<\/ol>\n<\/li>\n<li><a href=\"http:\/\/library.brown.edu\/create\/modernlatinamerica\/chapters\/chapter-4-cuba\/travels-in-cuba\/\"><span style=\"text-decoration: underline\">Travels in Cuba:<\/span><\/a>\n<ol>\n<li>Travelogue #8: Alexander Von Humboldt.\u00a0<span style=\"text-decoration: underline\">The Island of Cuba<\/span>\u00a0 (1850)\n<ol>\n<li><em>Accompanying Analysis:<\/em> &#8220;Humboldt&#8217;s Cuba,&#8221; by Ben Vila<\/li>\n<\/ol>\n<\/li>\n<li>Travelogue #9: William Archer.\u00a0<span style=\"text-decoration: underline\">Through Afro-America<\/span>\u00a0(1856)\n<ol>\n<li><em>Accompanying Analysis:<\/em>\u00a0&#8220;Race Relations in Post-Independence Cuba,&#8221; \u00a0by Mika Zachs<\/li>\n<\/ol>\n<\/li>\n<\/ol>\n<\/li>\n<li><span style=\"text-decoration: underline\"><a href=\"http:\/\/library.brown.edu\/create\/modernlatinamerica\/chapters\/chapter-4-cuba\/primary-documents-w-accompanying-discussion-questions\/\">Primary Documents<\/a>:<\/span>\n<ol>\n<li>Document #13: &#8220;Montecristi Manifesto,&#8221; Jos\u00e9 Mart\u00ed and M\u00e1ximo G\u00f3mez (1895)<\/li>\n<li>Document #14: \u201cMy Race,\u201d Jos\u00e9 Mart\u00ed (1893)<\/li>\n<li>Document #15: \u201cHistory Will Absolve Me,\u201d Fidel Castro (1953)<\/li>\n<li>Document #16: &#8220;Statement from Mexico City,&#8221; Juana Castro (1964)<\/li>\n<li>Document #17:\u00a0\u201cWhat is Cuba&#8217;s Sin?,\u201d Fidel Castro (2003)<\/li>\n<\/ol>\n<\/li>\n<li><a href=\"http:\/\/library.brown.edu\/create\/modernlatinamerica\/chapters\/chapter-4-cuba\/chapter-discussion-questions\/\"><span style=\"text-decoration: underline\">Discussion Questions<\/span><\/a><em><br \/>\n<\/em><\/li>\n<li><a href=\"http:\/\/library.brown.edu\/create\/modernlatinamerica\/chapters\/chapter-4-cuba\/further-reading\/\"><span style=\"text-decoration: underline\">Further Reading<\/span><\/a><span style=\"text-decoration: underline\"><br \/>\n<\/span><\/li>\n<li><a href=\"http:\/\/library.brown.edu\/create\/modernlatinamerica\/chapters\/chapter-4-cuba\/elements-of-caribbean-history\/\">Supplement: Elements of Caribbean History<\/a><\/li>\n<\/ol>\n","protected":false},"excerpt":{"rendered":"<p>Timeline for Cuba, 1492-Present\u00a0 List of Cuban Heads of State Cuban Profiles and Personalities: Antonio Maceo Jos\u00e9 Mart\u00ed M\u00e1ximo Gomez Gerardo Machado Fulgencio Batista Che Guevara Fidel Castro Ra\u00fal Castro Moments and Events in Cuban History: Essay #8: \u201cFrom Haciendas &hellip; <a href=\"https:\/\/library.brown.edu\/create\/modernlatinamerica\/chapters\/chapter-4-cuba\/\">Continue reading <span class=\"meta-nav\">&rarr;<\/span><\/a><\/p>\n","protected":false},"author":37,"featured_media":0,"parent":236,"menu_order":6,"comment_status":"closed","ping_status":"closed","template":"sidebar-page.php","meta":{"footnotes":""},"class_list":["post-79","page","type-page","status-publish","hentry"],"_links":{"self":[{"href":"https:\/\/library.brown.edu\/create\/modernlatinamerica\/wp-json\/wp\/v2\/pages\/79","targetHints":{"allow":["GET"]}}],"collection":[{"href":"https:\/\/library.brown.edu\/create\/modernlatinamerica\/wp-json\/wp\/v2\/pages"}],"about":[{"href":"https:\/\/library.brown.edu\/create\/modernlatinamerica\/wp-json\/wp\/v2\/types\/page"}],"author":[{"embeddable":true,"href":"https:\/\/library.brown.edu\/create\/modernlatinamerica\/wp-json\/wp\/v2\/users\/37"}],"replies":[{"embeddable":true,"href":"https:\/\/library.brown.edu\/create\/modernlatinamerica\/wp-json\/wp\/v2\/comments?post=79"}],"version-history":[{"count":2,"href":"https:\/\/library.brown.edu\/create\/modernlatinamerica\/wp-json\/wp\/v2\/pages\/79\/revisions"}],"predecessor-version":[{"id":5078,"href":"https:\/\/library.brown.edu\/create\/modernlatinamerica\/wp-json\/wp\/v2\/pages\/79\/revisions\/5078"}],"up":[{"embeddable":true,"href":"https:\/\/library.brown.edu\/create\/modernlatinamerica\/wp-json\/wp\/v2\/pages\/236"}],"wp:attachment":[{"href":"https:\/\/library.brown.edu\/create\/modernlatinamerica\/wp-json\/wp\/v2\/media?parent=79"}],"curies":[{"name":"wp","href":"https:\/\/api.w.org\/{rel}","templated":true}]}}