{"id":225,"date":"2014-03-27T19:21:02","date_gmt":"2014-03-27T19:21:02","guid":{"rendered":"http:\/\/library.brown.edu\/openingthearchives\/?page_id=225"},"modified":"2026-04-01T19:03:10","modified_gmt":"2026-04-01T19:03:10","slug":"pesquisadores-participantes","status":"publish","type":"page","link":"https:\/\/library.brown.edu\/create\/openingthearchives\/pt\/pesquisadores-participantes\/","title":{"rendered":"Pesquisadores Participantes"},"content":{"rendered":"<div class=\"wp-block-image\">\n<figure class=\"alignleft is-resized\"><a href=\"http:\/\/library.brown.edu\/create\/openingthearchives\/wp-content\/uploads\/sites\/19\/2013\/07\/IMG_1221.jpg\"><img decoding=\"async\" src=\"http:\/\/library.brown.edu\/create\/openingthearchives\/wp-content\/uploads\/sites\/19\/2013\/07\/IMG_1221.jpg\" alt=\"IMG_1221\" style=\"width:300px\"\/><\/a><\/figure>\n<\/div>\n\n\n<p><strong>Adam Waters<\/strong>, <strong>Brown University \u201815,<\/strong>&nbsp;foi o estudante coordenador do projeto <em>Opening the Archives<\/em>. Estudante de Hist\u00f3ria com interesse voltado ao s\u00e9culo XX na Am\u00e9rica Latina. Na Brown, Adam tamb\u00e9m est\u00e1 envolvido no Model United Nations, do departamento de Hist\u00f3ria. No projeto de ver\u00e3o anterior ao Opening Archives, Adam era integrante de um grupo de estudantes que desenvolveu um website para a oitava edi\u00e7\u00e3o do Modern Latin America por Thomas Skidmore, Peter Smith, and James Green.<\/p>\n\n\n\n<hr class=\"wp-block-separator has-alpha-channel-opacity\"\/>\n\n\n<div class=\"wp-block-image\">\n<figure class=\"alignleft is-resized\"><a href=\"http:\/\/library.brown.edu\/create\/openingthearchives\/wp-content\/uploads\/sites\/19\/2013\/07\/pic.jpg\"><img decoding=\"async\" src=\"http:\/\/library.brown.edu\/create\/openingthearchives\/wp-content\/uploads\/sites\/19\/2013\/07\/pic.jpg\" alt=\"pic\" style=\"width:300px\"\/><\/a><\/figure>\n<\/div>\n\n\n<p><strong><\/strong><br>\n<strong>Andre Pagliarini, P\u00f3s-Graduando da Brown University,&nbsp;<\/strong>cursa um PhD em Hist\u00f3ria Moderna da Am\u00e9rica Latina com foco no s\u00e9culo XX no Brasil. Formou-se em 2012 pela Universidade de Maryland, depois de ter sido criado no Brasil e nos Estados Unidos. Trabalha com o Professor James Green e est\u00e1 interessado em pesquisar sobre redes de comunica\u00e7\u00e3o durante o&nbsp;regime militar brasileiro (1964-85) e, ainda, sobre membros da elite industrial e comercial em S\u00e3o Paulo.<\/p>\n\n\n\n<p><\/p>\n\n\n\n<p><\/p>\n\n\n\n<hr class=\"wp-block-separator has-alpha-channel-opacity\"\/>\n\n\n\n<hr class=\"wp-block-separator has-alpha-channel-opacity\"\/>\n\n\n<div class=\"wp-block-image\">\n<figure class=\"alignleft is-resized\"><img decoding=\"async\" src=\"http:\/\/library.brown.edu\/create\/openingthearchives\/wp-content\/uploads\/sites\/19\/2013\/07\/IMG_1213.jpg\" alt=\"IMG_1213\" style=\"width:300px\"\/><\/figure>\n<\/div>\n\n\n<p><br>\n<strong>Antonio B. Bianchet Jr., Mestrando da Universidade Federal do Rio de&nbsp;Janeiro<\/strong>, formou-se em Hist\u00f3ria pela Universidade Estadual de Maring\u00e1&nbsp;em 2012. \u00c9 originalmente de Santa Catarina, Brasil e seu foco de&nbsp;estudo s\u00e3o as rela\u00e7\u00f5es entre Brasil e Estados Unidos entre 1961 e&nbsp;1964<\/p>\n\n\n\n<hr class=\"wp-block-separator has-alpha-channel-opacity\"\/>\n\n\n<div class=\"wp-block-image\">\n<figure class=\"alignleft is-resized\"><a href=\"http:\/\/library.brown.edu\/create\/openingthearchives\/wp-content\/uploads\/sites\/19\/2013\/07\/IMG_1220.jpg\"><img decoding=\"async\" src=\"http:\/\/library.brown.edu\/create\/openingthearchives\/wp-content\/uploads\/sites\/19\/2013\/07\/IMG_1220.jpg\" alt=\"IMG_1220\" style=\"width:300px\"\/><\/a><\/figure>\n<\/div>\n\n\n<p><strong>Camila McHugh, Brown University \u201815,&nbsp;<\/strong>\u00e9 de Palo Alto, Calif\u00f3rnia. Estuda literatura comparada com concentra\u00e7\u00e3o em l\u00ednguas Portuguesa, francesa e inglesa. Al\u00e9m disso, estudou portugu\u00eas e hist\u00f3ria do Brasil na Brown. \u00c9 editora do website do projeto <em>Brazil: Five Centuries of Change<\/em> por Thomas E. Skidmore.<\/p>\n\n\n\n<p><\/p>\n\n\n\n<p><\/p>\n\n\n\n<hr class=\"wp-block-separator has-alpha-channel-opacity\"\/>\n\n\n<div class=\"wp-block-image\">\n<figure class=\"alignleft is-resized\"><a href=\"http:\/\/library.brown.edu\/create\/openingthearchives\/wp-content\/uploads\/sites\/19\/2013\/07\/IMG_1215.jpg\"><img decoding=\"async\" src=\"http:\/\/library.brown.edu\/create\/openingthearchives\/wp-content\/uploads\/sites\/19\/2013\/07\/IMG_1215.jpg\" alt=\"IMG_1215\" style=\"width:300px\"\/><\/a><\/figure>\n<\/div>\n\n\n<p><strong>Ben Vila, Brown University \u201815,<\/strong>\u00e9 de Berwyn, na Pensilv\u00e2nia. Estudante de Rela\u00e7\u00f5es Internacionais com concentra\u00e7\u00e3o em pol\u00edtica econ\u00f4mica com foco na Am\u00e9rica Latina. Ben trabalhou em diversos projetos da Universidade, dentre eles o website <em>Modern Latin America<\/em> de Thomas E. Skidmore. Atualmente, estuda em Havana, Cuba, onde pesquisa sobre reforma pol\u00edtica e econ\u00f4mica sob o regime de Raul Castro.<\/p>\n\n\n\n<p><\/p>\n\n\n\n<hr class=\"wp-block-separator has-alpha-channel-opacity\"\/>\n\n\n<div class=\"wp-block-image\">\n<figure class=\"alignleft is-resized\"><a href=\"http:\/\/library.brown.edu\/create\/openingthearchives\/wp-content\/uploads\/sites\/19\/2013\/07\/IMG_1219.jpg\"><img decoding=\"async\" src=\"http:\/\/library.brown.edu\/create\/openingthearchives\/wp-content\/uploads\/sites\/19\/2013\/07\/IMG_1219.jpg\" alt=\"IMG_1219\" style=\"width:300px\"\/><\/a><\/figure>\n<\/div>\n\n\n<p><strong>Emma Wohl,&nbsp;Brown University \u201814,<\/strong>&nbsp;\u00e9 original de Tucson, no Arizona. Ela estuda hist\u00f3ria na Brown com foco na Am\u00e9rica Latina e Caribe. Tamb\u00e9m se dedica aos idiomas espanhol e portugu\u00eas. No outono anterior ao projeto<i> Opening the Archives<\/i>, Emma foi ao Brasil, Rio de Janeiro, para pesquisar Justi\u00e7a da Transi\u00e7\u00e3o, que sera o tema para seu trabalho de p\u00f3s-gradua\u00e7\u00e3o. Foi integrante e editora do grupo que elaborou o website para o projeto <i>Brazil: Five Centuries of Change<\/i>, pelo qual recebeu o pr\u00eamio Undergraduate Research and Teaching Award da Brown no ver\u00e3o de 2012.<\/p>\n\n\n\n<hr class=\"wp-block-separator has-alpha-channel-opacity\"\/>\n\n\n<div class=\"wp-block-image\">\n<figure class=\"alignleft is-resized\"><a href=\"http:\/\/library.brown.edu\/create\/openingthearchives\/wp-content\/uploads\/sites\/19\/2013\/07\/IMG_1218.jpg\"><img decoding=\"async\" src=\"http:\/\/library.brown.edu\/create\/openingthearchives\/wp-content\/uploads\/sites\/19\/2013\/07\/IMG_1218.jpg\" alt=\"IMG_1218\" style=\"width:300px\"\/><\/a><\/figure>\n<\/div>\n\n\n<p><strong>Erika Manouselis, Brown University \u201815, <\/strong>\u00e9&nbsp;nascida em Nova Iorque e filha de uma brasileira que cresceu nos tempos do regime militar. Sua m\u00e3e s\u00f3 migrou aos Estados Unidos ap\u00f3s a restaura\u00e7\u00e3o da democracia e, por isso, Erika sente-se extremamente conectada a hist\u00f3ria e cultura do pa\u00eds. Sua concentra\u00e7\u00e3o se d\u00e1 em Ci\u00eancia Pol\u00edtica. Manouselis acredita que s\u00f3 atrav\u00e9s do estudo da hist\u00f3ria \u00e9 poss\u00edvel compreender o presente. Seu interesse pelo projeto se d\u00e1 porque acredita que ele \u00e9 importante para que o Brasil entre em contato com aspectos sombrios da sua hist\u00f3ria para que ent\u00e3o progrida a um futuro onde os direitos humanos s\u00e3o inteiramente assegurados. Erika tamb\u00e9m auxilia o Professor Green com a tradu\u00e7\u00e3o de Brazilian Reader, uma cole\u00e7\u00e3o de fontes hist\u00f3ricas brasileiras.<\/p>\n\n\n\n<hr class=\"wp-block-separator has-alpha-channel-opacity\"\/>\n\n\n<div class=\"wp-block-image\">\n<figure class=\"alignleft is-resized\"><a href=\"http:\/\/library.brown.edu\/create\/openingthearchives\/wp-content\/uploads\/sites\/19\/2014\/03\/foto1.png\"><img loading=\"lazy\" decoding=\"async\" width=\"500\" height=\"683\" src=\"http:\/\/library.brown.edu\/create\/openingthearchives\/wp-content\/uploads\/sites\/19\/2014\/03\/foto1.png\" alt=\"foto\" class=\"wp-image-269\" style=\"width:300px\" srcset=\"https:\/\/library.brown.edu\/create\/openingthearchives\/wp-content\/uploads\/sites\/19\/2014\/03\/foto1.png 500w, https:\/\/library.brown.edu\/create\/openingthearchives\/wp-content\/uploads\/sites\/19\/2014\/03\/foto1-220x300.png 220w, https:\/\/library.brown.edu\/create\/openingthearchives\/wp-content\/uploads\/sites\/19\/2014\/03\/foto1-100x137.png 100w, https:\/\/library.brown.edu\/create\/openingthearchives\/wp-content\/uploads\/sites\/19\/2014\/03\/foto1-150x205.png 150w, https:\/\/library.brown.edu\/create\/openingthearchives\/wp-content\/uploads\/sites\/19\/2014\/03\/foto1-200x273.png 200w, https:\/\/library.brown.edu\/create\/openingthearchives\/wp-content\/uploads\/sites\/19\/2014\/03\/foto1-300x410.png 300w, https:\/\/library.brown.edu\/create\/openingthearchives\/wp-content\/uploads\/sites\/19\/2014\/03\/foto1-450x615.png 450w\" sizes=\"auto, (max-width: 500px) 100vw, 500px\" \/><\/a><\/figure>\n<\/div>\n\n\n<p><strong>J. Ford Beckett, Brown University \u201814<\/strong>,&nbsp;estudante de Hist\u00f3ria com foco na Am\u00e9rica Latina e Caribe. Proveniente de Nova Iorque, vivia em Newport, Rhode Island, antes de ingressar na Universide em Princeton. Ford tamb\u00e9m estuda Portugu\u00eas na Brown e estudou o idioma enquanto movarava no Rio de Janeiro, onde cursou escola de l\u00ednguas na Pontif\u00edcia Universidade Cat\u00f3lica do Rio de Janeiro (PUC-Rio), pelo programa da Universidade de Col\u00fambia em meados de 2012. Com outros colegas, foi editor do website, para o projeto <em>Brazil: Five Centuries of Change<\/em> de Thomas E. Skidmore.<\/p>\n\n\n\n<hr class=\"wp-block-separator has-alpha-channel-opacity\"\/>\n\n\n\n<p><strong>Kevin Leitao, Brown University \u201814<\/strong>,&nbsp;estuda Hist\u00f3ria na Brown com foco em hist\u00f3ria medieval do Mediterr\u00e2nio. Leitao cresceu e viveu em New Canaan, CT antes de ingressar na Brown. Kevin tomou interesse pelo projeto ap\u00f3s cursar aulas de Hist\u00f3ria do Brasil com o professor James Green na Brown.<br>\n<strong>Mateus Baptista, Brown University \u201814<\/strong>, \u00e9&nbsp;um Brazileiro\/Estadunidense criado em New Jersey. Estuda Rela\u00e7\u00f5es Internacionais com foco na Am\u00e9rica Latina. Pretende escrever seu trabalho de p\u00f3s-gradua\u00e7\u00e3o sobre pol\u00edtica neoliberal nas Am\u00e9ricas. Baptista est\u00e1 interessado em como a ditadura \u00e9 lembrada no Brasil e especificamente como brasileiros estudam e interpretam esse per\u00edodo hist\u00f3rico.<\/p>\n\n\n\n<hr class=\"wp-block-separator has-alpha-channel-opacity\"\/>\n\n\n<div class=\"wp-block-image\">\n<figure class=\"alignleft is-resized\"><img loading=\"lazy\" decoding=\"async\" width=\"277\" height=\"361\" src=\"http:\/\/library.brown.edu\/create\/openingthearchives\/wp-content\/uploads\/sites\/19\/2014\/03\/scan0003.jpg\" alt=\"scan0003\" class=\"wp-image-264\" style=\"width:282px\" srcset=\"https:\/\/library.brown.edu\/create\/openingthearchives\/wp-content\/uploads\/sites\/19\/2014\/03\/scan0003.jpg 277w, https:\/\/library.brown.edu\/create\/openingthearchives\/wp-content\/uploads\/sites\/19\/2014\/03\/scan0003-230x300.jpg 230w, https:\/\/library.brown.edu\/create\/openingthearchives\/wp-content\/uploads\/sites\/19\/2014\/03\/scan0003-100x130.jpg 100w, https:\/\/library.brown.edu\/create\/openingthearchives\/wp-content\/uploads\/sites\/19\/2014\/03\/scan0003-150x195.jpg 150w, https:\/\/library.brown.edu\/create\/openingthearchives\/wp-content\/uploads\/sites\/19\/2014\/03\/scan0003-200x261.jpg 200w\" sizes=\"auto, (max-width: 277px) 100vw, 277px\" \/><\/figure>\n<\/div>\n\n\n<p><br>\n<strong style=\"line-height: 1.714285714;font-size: 1rem\">Michael Hoffmann, Brown University \u201915<\/strong><span style=\"line-height: 1.714285714;font-size: 1rem\">,&nbsp;estuda Rela\u00e7\u00f5es&nbsp;Internacionais com foco na Am\u00e9rica Latina. Original de Milwaukee, Wisconsin, estudou portugu\u00eas e Hist\u00f3ria do Brasil na Brown. Estudou no Brasil na Pontif\u00edcia Universidade Cat\u00f3lica do Rio de Janeiro (PUC-Rio) em 2013 e vai fazer pesquisa da preven\u00e7\u00e3o de HIV em Salvador este ver\u00e3o.&nbsp;<\/span><\/p>\n\n\n\n<hr class=\"wp-block-separator has-alpha-channel-opacity\"\/>\n\n\n\n<p><strong>Nicole Cacozza, Brown University \u201814<\/strong>, nasceu e foi criada em Washington, DC. Estuda Hist\u00f3ria na Brown e seu foco \u00e9 Am\u00e9rica Moderna. Estudou hist\u00f3ria da Am\u00e9rica Latina e Brasil na Brown. Nicole tamb\u00e9m trabalha com a Brown Language Society and Brown Student Language Exchange. Sua inten\u00e7\u00e3o em p\u00f3s-gradua\u00e7\u00e3o \u00e9 trabalhar com a 23\u00aa&nbsp;Emenda e a expans\u00e3o dos direitos de voto nos Estados Unidos.<\/p>\n\n\n\n<hr class=\"wp-block-separator has-alpha-channel-opacity\"\/>\n\n\n<div class=\"wp-block-image\">\n<figure class=\"alignleft is-resized\"><a href=\"http:\/\/library.brown.edu\/create\/openingthearchives\/wp-content\/uploads\/sites\/19\/2014\/03\/Perfil-Priscila.jpg\"><img loading=\"lazy\" decoding=\"async\" width=\"746\" height=\"924\" src=\"http:\/\/library.brown.edu\/create\/openingthearchives\/wp-content\/uploads\/sites\/19\/2014\/03\/Perfil-Priscila.jpg\" alt=\"Perfil Priscila\" class=\"wp-image-226\" style=\"width:300px\" srcset=\"https:\/\/library.brown.edu\/create\/openingthearchives\/wp-content\/uploads\/sites\/19\/2014\/03\/Perfil-Priscila.jpg 746w, https:\/\/library.brown.edu\/create\/openingthearchives\/wp-content\/uploads\/sites\/19\/2014\/03\/Perfil-Priscila-242x300.jpg 242w, https:\/\/library.brown.edu\/create\/openingthearchives\/wp-content\/uploads\/sites\/19\/2014\/03\/Perfil-Priscila-100x124.jpg 100w, https:\/\/library.brown.edu\/create\/openingthearchives\/wp-content\/uploads\/sites\/19\/2014\/03\/Perfil-Priscila-150x186.jpg 150w, https:\/\/library.brown.edu\/create\/openingthearchives\/wp-content\/uploads\/sites\/19\/2014\/03\/Perfil-Priscila-200x248.jpg 200w, https:\/\/library.brown.edu\/create\/openingthearchives\/wp-content\/uploads\/sites\/19\/2014\/03\/Perfil-Priscila-300x372.jpg 300w, https:\/\/library.brown.edu\/create\/openingthearchives\/wp-content\/uploads\/sites\/19\/2014\/03\/Perfil-Priscila-450x557.jpg 450w, https:\/\/library.brown.edu\/create\/openingthearchives\/wp-content\/uploads\/sites\/19\/2014\/03\/Perfil-Priscila-600x743.jpg 600w\" sizes=\"auto, (max-width: 746px) 100vw, 746px\" \/><\/a><\/figure>\n<\/div>\n\n\n<p><strong>Priscila Borba, Mestre pela Universidade Estadual de Maring\u00e1 &#8217;14<\/strong>, estuda&nbsp;a pol\u00edtica externa estadunidense&nbsp;no per\u00edodo do p\u00f3s-Guerra Fria. Em sua pesquisa, Priscila analisa o&nbsp;papel das empresas militares privadas nas ocupa\u00e7\u00f5es do Iraque e&nbsp;Afeganist\u00e3o, pa\u00edses ocupados pelos Estados Unidos no in\u00edcio do&nbsp;s\u00e9culo XXI. Priscila nasceu em Curitiba, formou-se em Maring\u00e1&nbsp;e mora atualmente em S\u00e3o Paulo-SP. Estudou l\u00edngua inglesa em&nbsp;Londres na London Institute of Technology and English em 2008,&nbsp;onde obteve seus certificados de Cambridge no idioma.<\/p>\n","protected":false},"excerpt":{"rendered":"<p>Adam Waters, Brown University \u201815,&nbsp;foi o estudante coordenador do projeto Opening the Archives. Estudante de Hist\u00f3ria com interesse voltado ao s\u00e9culo XX na Am\u00e9rica Latina. Na Brown, Adam tamb\u00e9m est\u00e1 envolvido no Model United Nations, do departamento de Hist\u00f3ria. No projeto de ver\u00e3o anterior ao Opening Archives, Adam era integrante de um grupo de estudantes <a href=\"https:\/\/library.brown.edu\/create\/openingthearchives\/pt\/pesquisadores-participantes\/\" class=\"more-link\">&#8230;<span class=\"screen-reader-text\">  Pesquisadores Participantes<\/span><\/a><\/p>\n","protected":false},"author":6,"featured_media":0,"parent":0,"menu_order":0,"comment_status":"closed","ping_status":"closed","template":"","meta":{"footnotes":""},"class_list":["post-225","page","type-page","status-publish","hentry"],"_links":{"self":[{"href":"https:\/\/library.brown.edu\/create\/openingthearchives\/wp-json\/wp\/v2\/pages\/225","targetHints":{"allow":["GET"]}}],"collection":[{"href":"https:\/\/library.brown.edu\/create\/openingthearchives\/wp-json\/wp\/v2\/pages"}],"about":[{"href":"https:\/\/library.brown.edu\/create\/openingthearchives\/wp-json\/wp\/v2\/types\/page"}],"author":[{"embeddable":true,"href":"https:\/\/library.brown.edu\/create\/openingthearchives\/wp-json\/wp\/v2\/users\/6"}],"replies":[{"embeddable":true,"href":"https:\/\/library.brown.edu\/create\/openingthearchives\/wp-json\/wp\/v2\/comments?post=225"}],"version-history":[{"count":5,"href":"https:\/\/library.brown.edu\/create\/openingthearchives\/wp-json\/wp\/v2\/pages\/225\/revisions"}],"predecessor-version":[{"id":1135,"href":"https:\/\/library.brown.edu\/create\/openingthearchives\/wp-json\/wp\/v2\/pages\/225\/revisions\/1135"}],"wp:attachment":[{"href":"https:\/\/library.brown.edu\/create\/openingthearchives\/wp-json\/wp\/v2\/media?parent=225"}],"curies":[{"name":"wp","href":"https:\/\/api.w.org\/{rel}","templated":true}]}}