{"id":235,"date":"2014-03-28T00:40:14","date_gmt":"2014-03-28T00:40:14","guid":{"rendered":"http:\/\/library.brown.edu\/openingthearchives\/?page_id=235"},"modified":"2026-04-01T18:49:08","modified_gmt":"2026-04-01T18:49:08","slug":"entrevista-com-james-n-green","status":"publish","type":"page","link":"https:\/\/library.brown.edu\/create\/openingthearchives\/pt\/parceiros-do-projeto\/entrevista-com-james-n-green\/","title":{"rendered":"Entrevista com James Green"},"content":{"rendered":"<div class=\"wp-block-image\">\n<figure class=\"alignleft\"><a href=\"http:\/\/library.brown.edu\/create\/openingthearchives\/wp-content\/uploads\/sites\/19\/2013\/07\/10086.jpg\"><img decoding=\"async\" src=\"http:\/\/library.brown.edu\/create\/openingthearchives\/wp-content\/uploads\/sites\/19\/2013\/07\/10086.jpg\" alt=\"James N. Green\"\/><\/a><\/figure>\n<\/div>\n\n\n<p><\/p>\n\n\n\n<p><strong>James N. Green \u00e9 Professor de Hist\u00f3ria e Cultura Brasileira na Universidade Brown.<\/strong>&nbsp;Ele \u00e9 autor dos livros premiados&nbsp;<em>Al\u00e9m do carnaval:&nbsp;a homossexualidade masculina no Brasil do s\u00e9culo XX&nbsp;<\/em>(Editora de UNESP, 2000)<i>&nbsp;<\/i>e&nbsp;<em>Apesar de voc\u00eas: Oposi\u00e7\u00e3o \u00e0 ditadura brasileira nos Estados Unidos, 1964-1985<\/em>&nbsp;(Companhia das Letras, 2009) entre muitas outras publica\u00e7\u00f5es e ensaios. Green \u00e9 o ex-diretor do Centro para Estudos da Am\u00e9rica Latina e Caribe na Universidade Brown e atualmente est\u00e1 afiliado com o Watson Institute para Estudos Internacionais. Sua pesquisa foca na hist\u00f3ria de g\u00eanero e sexualidade no Brasil e a ditadura militar (1964-1985). No momento est\u00e1 escrevendo uma biografia de Herbert Daniel, um estudante de medicina que tornou guerrilheiro nos anos 60, exilados nos anos 70, e depois um ativista contra AIDS. Green \u00e9 membro da Comiss\u00e3o de Estudos Avan\u00e7ados de <em>M<\/em><i>em\u00f3rias Reveveladas,&nbsp;<\/i>projeto do Arquivo Nacional do Brasil e \u00e9 um assessor para a Comiss\u00e3o Nacional da Verdade que est\u00e1 investigando viola\u00e7\u00f5es de direitos humanos cometidos durante a ditadura militar.<\/p>\n\n\n\n<p>Na entrevista abaixo, ele conversa sobre o projeto no Arquivo Nacional dos Estados Unidos e o papel deste projeto no contexto de pesquisa hist\u00f3rica.<\/p>\n\n\n\n<p><strong>Como originou a id\u00e9ia deste projeto?<\/strong><\/p>\n\n\n\n<p>Quando estava pesquisando para meu livro <em>Apesar de voc\u00eas:&nbsp;<em>Oposi\u00e7\u00e3o \u00e0 ditadura brasileira nos Estados Unidos, 1964-1985<\/em>&nbsp;<\/em>no Arquivo Nacional dos Estados Unidos em&nbsp;College Park, Maryland, encontrei muitos documentos sobre a rela\u00e7\u00e3o Brasil-EUA que me interessavam mas que n\u00e3o estavam diretamente relacionados com meu tema. Mesmo assim, continuei fazendo c\u00f3pias pois me fascinavam tanto. V\u00e1rios dos meus alunos na Universidade Brown usaram esses documentos em trabalhos sobre a ditadura e comecei a pensar na necessidade de ter todo este material dispon\u00edvel online para pesquisadores aqui e no Brasil. Originalmente eu fiz uma proposta para uma pequena bolsa de pesquisa com intuito de trabalhar num projeto piloto com dois alunos da Brown em Washington DC de junho para agosto escaneando e organizando documentos. S\u00f3 depois disso \u00e9 que ir\u00edamos tentar arrecadar financiamento para um projeto bem mais ambicioso.<\/p>\n\n\n\n<p><strong>Como o projeto evoluiu desde sua concep\u00e7\u00e3o?&nbsp;<\/strong><\/p>\n\n\n\n<p>Depois que fiz a proposta para receber financiamento, contatei Sidnei Munhoz na Universidade Estadual de Maring\u00e1. Ele tinha me pedido para contribuir um artigo para um livro que ele estava organizando sobre as rela\u00e7\u00f5es Brasil-EUA durante a Guerra Fria. Ele tamb\u00e9m serve em num sub-comit\u00ea do Mem\u00f3rias Reveladas, projeto do Arquivo Nacional do Brasil, cuja miss\u00e3o \u00e9 identificar acervos fora do Brasil relacionados com o per\u00edodo da ditadura. Eu sabia que ele j\u00e1 estava adquirindo microfilmes de documentos do Departamento de Estado dos Estados Unidos produzidos antes do per\u00edodo militar e disponibilizando-os no site de sua universidade. Eu queria compartilhar com ele minha id\u00e9ia para o projeto. Ele me perguntou quanto iria custar para completar o projeto e eu falei um n\u00famero qualquer e ele imediatamente prometeu arrecadar esse dinheiro da universidade. Da\u00ed eu fiz uma proposta para a Brown contribuir metade do investimento oferecido pela UEM. Subsequentemente recebi financiamento do Office of International Affairs e do reitor da faculdade para custear a participa\u00e7\u00e3o de seis alunos da Brown.<\/p>\n\n\n\n<p><strong>Como o projeto continuar\u00e1 a expandir e progredir?<\/strong><\/p>\n\n\n\n<p>Com uma carta do Arquivo Nacional do Brasil contatamos o Arquivo Nacional dos Estados Unidos e eles felizmente conclu\u00edram que o projeto merecia apoio e colabora\u00e7\u00e3o oficial. Nossa meta \u00e9 escanear e indexar tantos documentos quanto poss\u00edvel nesta primeira fase e depois arrecadar fundos adicionais para completar a segunda fase do projeto em 2014. Este tamb\u00e9m ser\u00e1 um momento importante para a nossa colabora\u00e7\u00e3o com a Comiss\u00e3o Nacional da Verdade porque eles estar\u00e3o escrevendo seu relat\u00f3rio final para entregar em dezembro de 2014.<\/p>\n\n\n\n<p><strong>Quem usar\u00e1 os documentos do Departamento de Estado escaneados e indexados neste projeto?<\/strong><\/p>\n\n\n\n<p>Pode parecer exagero, mas antevejo milhares de alunos brasileiros acessando o site da UEM ou da Brown na pr\u00f3xima d\u00e9cada para efetuar pesquisas sobre o per\u00edodo da ditadura militar no Brasil. Este \u00e9 um assunto que gera\u00e7\u00f5es mais novas est\u00e3o ansiosas para entender melhor e h\u00e1 tamb\u00e9m um interesse especial na rela\u00e7\u00e3o Brasil-EUA. Al\u00e9m do mais, espero que dezenas de pesquisadores nos Estados Unidos e outros pa\u00edses tamb\u00e9m acessar\u00e3o o material pois vai ser um espelho completo do acervo verdadeiro. Assim pessoas poder\u00e3o fazer pesquisas sistem\u00e1ticas sem precisar ir at\u00e9 College Park, Maryland.<\/p>\n\n\n\n<p><strong>Qual o aspecto desse projeto mais interessante para voc\u00ea pessoalmente e num contexto mais amplo?<\/strong><\/p>\n\n\n\n<p><strong><\/strong>Quando tivemos uma reuni\u00e3o com funcion\u00e1rios do National Archive and Records Administration (NARA) percebi que hav\u00edamos proposto um novo modelo de colabora\u00e7\u00e3o entre universidades, acad\u00eamicos, alunos, e arquivos. Estamos providenciando um servi\u00e7o important\u00edssimo para a preserva\u00e7\u00e3o de documentos e uma grande expans\u00e3o de acesso a este material. Significa que muito mais brasileiros ter\u00e3o acesso aos documentos produzido pelo Departamento de Estado dos Estados Unidos que facilitar\u00e1 o entendimento das complexas rela\u00e7\u00f5es entre os dois pa\u00edses.<\/p>\n\n\n\n<p>Ao mesmo tempo, o nosso trabalho com a Comiss\u00e3o Nacional de Verdade \u00e9 extremamente importante para mim. Tenho amigos que foram presos e torturados durante o regime militar. Uma das miss\u00f5es da Comiss\u00e3o Nacional da Verdade \u00e9 buscar informa\u00e7\u00f5es sobre o paradeiro dos que foram mortos ou desapareceram. A Comiss\u00e3o tamb\u00e9m foi encarregado de esclarecer v\u00e1rias outras quest\u00f5es importantes. Espero que a nossa pesquisa nos Estados Unidos, juntamente com os esfor\u00e7os de muitos outros, venha a contribuir para uma compreens\u00e3o muito mais abrangente do processo que levou a 21 anos de regime autorit\u00e1rio, bem como as raz\u00f5es pelas quais o regime permaneceu no poder por duas d\u00e9cadas.<\/p>\n","protected":false},"excerpt":{"rendered":"<p>James N. Green \u00e9 Professor de Hist\u00f3ria e Cultura Brasileira na Universidade Brown.&nbsp;Ele \u00e9 autor dos livros premiados&nbsp;Al\u00e9m do carnaval:&nbsp;a homossexualidade masculina no Brasil do s\u00e9culo XX&nbsp;(Editora de UNESP, 2000)&nbsp;e&nbsp;Apesar de voc\u00eas: Oposi\u00e7\u00e3o \u00e0 ditadura brasileira nos Estados Unidos, 1964-1985&nbsp;(Companhia das Letras, 2009) entre muitas outras publica\u00e7\u00f5es e ensaios. Green \u00e9 o ex-diretor do Centro <a href=\"https:\/\/library.brown.edu\/create\/openingthearchives\/pt\/parceiros-do-projeto\/entrevista-com-james-n-green\/\" class=\"more-link\">&#8230;<span class=\"screen-reader-text\">  Entrevista com James Green<\/span><\/a><\/p>\n","protected":false},"author":6,"featured_media":0,"parent":217,"menu_order":0,"comment_status":"closed","ping_status":"closed","template":"","meta":{"footnotes":""},"class_list":["post-235","page","type-page","status-publish","hentry"],"_links":{"self":[{"href":"https:\/\/library.brown.edu\/create\/openingthearchives\/wp-json\/wp\/v2\/pages\/235","targetHints":{"allow":["GET"]}}],"collection":[{"href":"https:\/\/library.brown.edu\/create\/openingthearchives\/wp-json\/wp\/v2\/pages"}],"about":[{"href":"https:\/\/library.brown.edu\/create\/openingthearchives\/wp-json\/wp\/v2\/types\/page"}],"author":[{"embeddable":true,"href":"https:\/\/library.brown.edu\/create\/openingthearchives\/wp-json\/wp\/v2\/users\/6"}],"replies":[{"embeddable":true,"href":"https:\/\/library.brown.edu\/create\/openingthearchives\/wp-json\/wp\/v2\/comments?post=235"}],"version-history":[{"count":2,"href":"https:\/\/library.brown.edu\/create\/openingthearchives\/wp-json\/wp\/v2\/pages\/235\/revisions"}],"predecessor-version":[{"id":1128,"href":"https:\/\/library.brown.edu\/create\/openingthearchives\/wp-json\/wp\/v2\/pages\/235\/revisions\/1128"}],"up":[{"embeddable":true,"href":"https:\/\/library.brown.edu\/create\/openingthearchives\/wp-json\/wp\/v2\/pages\/217"}],"wp:attachment":[{"href":"https:\/\/library.brown.edu\/create\/openingthearchives\/wp-json\/wp\/v2\/media?parent=235"}],"curies":[{"name":"wp","href":"https:\/\/api.w.org\/{rel}","templated":true}]}}