{"id":321,"date":"2015-10-06T18:12:37","date_gmt":"2015-10-06T18:12:37","guid":{"rendered":"http:\/\/library.brown.edu\/create\/openingthearchives\/?page_id=321"},"modified":"2026-04-01T15:37:07","modified_gmt":"2026-04-01T15:37:07","slug":"home-page-portugues","status":"publish","type":"page","link":"https:\/\/library.brown.edu\/create\/openingthearchives\/pt\/","title":{"rendered":"Home Page (Portugues)"},"content":{"rendered":"\n<h3 class=\"wp-block-heading\">DOCUMENTADO RELA\u00c7\u00d5ES EUA-BRASIL DOS ANOS 1960 A 1980<\/h3>\n\n\n\n<h3 class=\"wp-block-heading\"><strong>Documenting United States-Brazil relations from the 1960s-1980s<\/strong><\/h3>\n\n\n\n<p>Dedicado \u00e0 digitaliza\u00e7\u00e3o e indexa\u00e7\u00e3o de documentos oficiais dos EUA relacionados ao Brasil entre os anos 1960 e 1980,&nbsp;<em>Opening the Archives<\/em>&nbsp;prop\u00f5e fornecer fontes prim\u00e1rias importantes ao p\u00fablico. Pesquisadores estudantis, sob a lideran\u00e7a do professor James N. Green, escanearam milhares de registros das bibliotecas presidenciais de John F. Kennedy, Lyndon Johnson, Richard M. Nixon, Gerald Ford, Jimmy Carter e Ronald Reagan, bem como do Departamento de Estado, USAID, o Peace Corps, entre outras institui\u00e7\u00f5es e organiza\u00e7\u00f5es. Com o objetivo de publicar 50.000 documentos, o projeto reflete o compromisso profundo da Brown University de se tornar o melhor lugar para estudar o Brasil nos Estados Unidos.<\/p>\n\n\n\n<hr class=\"wp-block-separator has-alpha-channel-opacity\"\/>\n\n\n\n<h3 class=\"wp-block-heading has-text-align-center\"><strong>&nbsp;<\/strong><a href=\"https:\/\/repository.library.brown.edu\/studio\/collections\/id_644\/\">Clique Aqui para Iniciar sua Pesquisa<\/a><\/h3>\n\n\n\n<hr class=\"wp-block-separator has-alpha-channel-opacity\"\/>\n\n\n\n<figure class=\"wp-block-image size-full\"><a href=\"http:\/\/library.brown.edu\/create\/openingthearchives\/wp-content\/uploads\/sites\/19\/2018\/01\/EvandroTeixeira1968.jpeg\"><img loading=\"lazy\" decoding=\"async\" width=\"1000\" height=\"649\" src=\"http:\/\/library.brown.edu\/create\/openingthearchives\/wp-content\/uploads\/sites\/19\/2018\/01\/EvandroTeixeira1968.jpeg\" alt=\"police running after a protester\" class=\"wp-image-544\"\/><\/a><figcaption class=\"wp-element-caption\">Protestos dos sindicatos e dos estudantes, bem como a cont\u00ednua cr\u00edtica de jornalistas e pol\u00edticos da oposi\u00e7\u00e3o, levaram o regime a endurecer em 1968.<\/figcaption><\/figure>\n\n\n\n<h3 class=\"wp-block-heading\"><strong>Contexto Hist\u00f3rico<\/strong><\/h3>\n\n\n\n<p>Em 1964, um grupo de generais com o apoio de civis e dos Estados Unidos derrubaram o governo leg\u00edtimo do Brasil e iniciaram vinte e um anos de governo autorit\u00e1rio. No contexto da Guerra Fria, o governo americano e militares brasileiros temiam os apelos reformistas e os supostos la\u00e7os comunistas do presidente Jo\u00e3o Goulart. O governo Lyndon B. Johnson apoiou o golpe de estado, oferecendo apoio diplom\u00e1tico e financeiro ao novo regime.<\/p>\n\n\n\n<p><strong>Opening the Archives&nbsp;<\/strong>cont\u00e9m centenas de documentos das bibliotecas presidenciais de John F. Kennedy e Johnson com uma grande quantidade de informa\u00e7\u00f5es sobre as avalia\u00e7\u00f5es dos EUA sobre Goulart, a situa\u00e7\u00e3o no Brasil a partir do in\u00edcio da d\u00e9cada de 1960, e as delibera\u00e7\u00f5es sobre um poss\u00edvel golpe contra Goulart, bem como a sua remo\u00e7\u00e3o definitiva em 1964. Juntos, essas fontes servem para ilustrar a perda de confian\u00e7a dos EUA em Goulart ao longo do tempo. Goulart chegou a ser visto como confuso, conivente, conspirador e incompetente entre observadores Americanos em Washington e no Brasil. Com o sucesso da revolu\u00e7\u00e3o cubana em 1 de janeiro de 1959, os Estados Unidos se preocuparam com o destino do Brasil, o pa\u00eds mais importante e influente da Am\u00e9rica Latina. A agenda reformista de Goulart custou-lhe o apoio dos militares e alarmou conservadores que j\u00e1 desconfiavam dele. O apoio americano ao golpe foi importante, mas n\u00e3o decisivo. A queda de Goulart foi assegurado por atores brasileiros.<\/p>\n\n\n<div class=\"wp-block-image\">\n<figure class=\"aligncenter size-full\"><a href=\"http:\/\/library.brown.edu\/create\/openingthearchives\/wp-content\/uploads\/sites\/19\/2018\/01\/11111-1.jpg\"><img loading=\"lazy\" decoding=\"async\" width=\"536\" height=\"357\" src=\"http:\/\/library.brown.edu\/create\/openingthearchives\/wp-content\/uploads\/sites\/19\/2018\/01\/11111-1.jpg\" alt=\"Humberto de Alencar Castelo Branco \" class=\"wp-image-546\"\/><\/a><figcaption class=\"wp-element-caption\">Humberto de Alencar Castelo Branco foi o primeiro de cinco generais a ser presidente do Brasil durante a ditadura.<\/figcaption><\/figure>\n<\/div>\n\n\n<p><strong>Opening the Archives&nbsp;<\/strong>cont\u00e9m milhares de documentos sobre os primeiros anos do governo militar, incluindo an\u00e1lises sobre o car\u00e1ter do novo regime, seu potencial como aliado dos EUA na Guerra Fria, sua capacidade de promover a estabilidade pol\u00edtica e o desenvolvimento econ\u00f4mico. O regime foi autorit\u00e1rio desde o in\u00edcio mas buscou manter um ar de legitimidade democr\u00e1tica para evitar a reputa\u00e7\u00e3o pejorativa de uma ditadura militar. No final de 1968, o surgimento de for\u00e7as de oposi\u00e7\u00e3o legais e radicais levou o regime a intensificar a repress\u00e3o, a censura, e a tortura para silenciar cr\u00edticas ao regime. No in\u00edcio da d\u00e9cada de 1970, o Brasil tornou-se conhecido internacionalmente pela viola\u00e7\u00e3o flagrante dos direitos humanos.&nbsp;<strong>Opening the Archives<\/strong>&nbsp;\u00e9 um fundo rico para quem procura entender como o governo dos Estados Unidos lidou com a imagem p\u00fablica do regime militar brasileiro. A cole\u00e7\u00e3o cont\u00e9m milhares de documentos sobre a tortura, desenvolvimento econ\u00f4mico, resist\u00eancia armada, repress\u00e3o pol\u00edtica, assist\u00eancia dos EUA, entre outros assuntos.<\/p>\n\n\n<div class=\"wp-block-image\">\n<figure class=\"aligncenter size-full\"><a href=\"http:\/\/library.brown.edu\/create\/openingthearchives\/wp-content\/uploads\/sites\/19\/2018\/01\/111111.jpg\"><img loading=\"lazy\" decoding=\"async\" width=\"740\" height=\"440\" src=\"http:\/\/library.brown.edu\/create\/openingthearchives\/wp-content\/uploads\/sites\/19\/2018\/01\/111111.jpg\" alt=\"Jimmy Carter with Ernesto Geisel in March 1978.\" class=\"wp-image-547\"\/><\/a><figcaption class=\"wp-element-caption\">Jimmy Carter com Ernesto Geisel em mar\u00e7o de 1978.<\/figcaption><\/figure>\n<\/div>\n\n\n<p>Como revelam os documentos contidos nesta cole\u00e7\u00e3o, algumas figuras do governo americano expressaram resalvas sobre a natureza autorit\u00e1ria do regime militar brasileiro. No entanto, Washington geralmente apoiou a ditadura durante a d\u00e9cada de 1960 e no in\u00edcio da d\u00e9cada de 1970.<\/p>\n\n\n\n<p><strong>Opening the Archives&nbsp;<\/strong>\u00e9 especialmente valioso para entender os c\u00e1lculos pol\u00edticos e diplom\u00e1ticos que determinaram a posi\u00e7\u00e3o americana em rela\u00e7\u00e3o \u00e0 situa\u00e7\u00e3o do Brasil. A cole\u00e7\u00e3o tamb\u00e9m permite que pesquisadores observem a mudan\u00e7a na pol\u00edtica dos EUA em rela\u00e7\u00e3o ao Brasil no final da d\u00e9cada de 1970, quando o governo americano passou a usar os direitos humanos como um crit\u00e9rio para determinar se apoiaria ou n\u00e3o os regimes militares em todo o mundo. Esta nova abordagem produziu tens\u00f5es entre o governo Jimmy Carter (1977-1981) e General Ernesto Geisel (1974-1979).<\/p>\n\n\n<div class=\"wp-block-image\">\n<figure class=\"aligncenter size-full\"><a href=\"http:\/\/library.brown.edu\/create\/openingthearchives\/wp-content\/uploads\/sites\/19\/2018\/01\/11111-2.jpg\"><img loading=\"lazy\" decoding=\"async\" width=\"646\" height=\"432\" src=\"http:\/\/library.brown.edu\/create\/openingthearchives\/wp-content\/uploads\/sites\/19\/2018\/01\/11111-2.jpg\" alt=\"Diretas Ja! campaign of 1984\" class=\"wp-image-549\"\/><\/a><figcaption class=\"wp-element-caption\">L\u00edderes pol\u00edticos exigindo elei\u00e7\u00f5es diretas em 1984.<\/figcaption><\/figure>\n<\/div>\n\n\n<p>Como parte do retorno lento para a democracia no final da d\u00e9cada de 1970, o regime brasileiro aprovou uma Lei de Anistia que libertou os presos pol\u00edticos mas tamb\u00e9m protegeu as autoridades envolvidos na tortura de qualquer responsabilidade.&nbsp;<strong>Opening the Archives<\/strong>&nbsp;apresenta centenas de documentos contendo avalia\u00e7\u00f5es do governo americano sobre o sistema pol\u00edtico p\u00f3s-ditadura no Brasil, problemas econ\u00f4micos, e movimentos sociais. Durante o governo de Fernando Henrique Cardoso (1995-2003), o estado brasileiro come\u00e7ou a oferecer indeniza\u00e7\u00f5es monet\u00e1rias a indiv\u00edduos que podiam provar a responsabilidade do regime militar em sua pris\u00e3o e tortura ou sua perda de emprego durante a ditadura. No entanto, ningu\u00e9m envolvido na morte de 400 indiv\u00edduos por agentes do Estado ou na pris\u00e3o e tortura de cerca de 30 mil dissidentes foi responsabilizado criminalmente por suas a\u00e7\u00f5es.<\/p>\n\n\n\n<figure class=\"wp-block-image size-full\"><a href=\"http:\/\/library.brown.edu\/create\/openingthearchives\/wp-content\/uploads\/sites\/19\/2018\/01\/1111.jpg\"><img loading=\"lazy\" decoding=\"async\" width=\"2221\" height=\"1577\" src=\"http:\/\/library.brown.edu\/create\/openingthearchives\/wp-content\/uploads\/sites\/19\/2018\/01\/1111.jpg\" alt=\"Millions of protestors\" class=\"wp-image-550\"\/><\/a><figcaption class=\"wp-element-caption\">Milh\u00f5es de pessoas foram \u00e0s ruas em 1984 para protestar contra o regime e exigir elei\u00e7\u00f5es diretas. No fim, a campanha falhou.<\/figcaption><\/figure>\n\n\n\n<hr class=\"wp-block-separator has-alpha-channel-opacity\"\/>\n","protected":false},"excerpt":{"rendered":"<p>DOCUMENTADO RELA\u00c7\u00d5ES EUA-BRASIL DOS ANOS 1960 A 1980 Documenting United States-Brazil relations from the 1960s-1980s Dedicado \u00e0 digitaliza\u00e7\u00e3o e indexa\u00e7\u00e3o de documentos oficiais dos EUA relacionados ao Brasil entre os anos 1960 e 1980,&nbsp;Opening the Archives&nbsp;prop\u00f5e fornecer fontes prim\u00e1rias importantes ao p\u00fablico. Pesquisadores estudantis, sob a lideran\u00e7a do professor James N. Green, escanearam milhares de <a href=\"https:\/\/library.brown.edu\/create\/openingthearchives\/pt\/\" class=\"more-link\">&#8230;<span class=\"screen-reader-text\">  Home Page (Portugues)<\/span><\/a><\/p>\n","protected":false},"author":6,"featured_media":329,"parent":0,"menu_order":0,"comment_status":"closed","ping_status":"closed","template":"","meta":{"footnotes":""},"class_list":["post-321","page","type-page","status-publish","has-post-thumbnail","hentry"],"_links":{"self":[{"href":"https:\/\/library.brown.edu\/create\/openingthearchives\/wp-json\/wp\/v2\/pages\/321","targetHints":{"allow":["GET"]}}],"collection":[{"href":"https:\/\/library.brown.edu\/create\/openingthearchives\/wp-json\/wp\/v2\/pages"}],"about":[{"href":"https:\/\/library.brown.edu\/create\/openingthearchives\/wp-json\/wp\/v2\/types\/page"}],"author":[{"embeddable":true,"href":"https:\/\/library.brown.edu\/create\/openingthearchives\/wp-json\/wp\/v2\/users\/6"}],"replies":[{"embeddable":true,"href":"https:\/\/library.brown.edu\/create\/openingthearchives\/wp-json\/wp\/v2\/comments?post=321"}],"version-history":[{"count":17,"href":"https:\/\/library.brown.edu\/create\/openingthearchives\/wp-json\/wp\/v2\/pages\/321\/revisions"}],"predecessor-version":[{"id":1111,"href":"https:\/\/library.brown.edu\/create\/openingthearchives\/wp-json\/wp\/v2\/pages\/321\/revisions\/1111"}],"wp:featuredmedia":[{"embeddable":true,"href":"https:\/\/library.brown.edu\/create\/openingthearchives\/wp-json\/wp\/v2\/media\/329"}],"wp:attachment":[{"href":"https:\/\/library.brown.edu\/create\/openingthearchives\/wp-json\/wp\/v2\/media?parent=321"}],"curies":[{"name":"wp","href":"https:\/\/api.w.org\/{rel}","templated":true}]}}