{"id":462,"date":"2017-06-15T13:46:36","date_gmt":"2017-06-15T13:46:36","guid":{"rendered":"http:\/\/library.brown.edu\/create\/openingthearchives\/?page_id=462"},"modified":"2026-04-01T18:15:24","modified_gmt":"2026-04-01T18:15:24","slug":"advisory-board","status":"publish","type":"page","link":"https:\/\/library.brown.edu\/create\/openingthearchives\/en\/advisory-board\/","title":{"rendered":"Advisory Board"},"content":{"rendered":"\n<p><strong>James N. Green, Project Director, Brown University<\/strong><\/p>\n\n\n\n<p>Benjamin Cowan, George Mason University<\/p>\n\n\n\n<p>Carlos Fico, Federal University of Rio de Janeiro<\/p>\n\n\n\n<p>Daria Jaremtchuk, University of S\u00e3o Paulo<\/p>\n\n\n\n<p>Felipe Loureiro, University of S\u00e3o Paulo<\/p>\n\n\n\n<p>Inez Terezinha Stampa, Brazilian National Archive<\/p>\n\n\n\n<p>Jo\u00e3o Roberto Martins Filho, Federal University of S\u00e3o Carlos<\/p>\n\n\n\n<p>Larissa Rosa Correa, Pontificate Catholic University, Rio de Janeiro<\/p>\n\n\n\n<p>Lauro Pereira \u00c1vila, Pontificate Catholic University, S\u00e3o Paulo<\/p>\n\n\n\n<p>Mariana Joffily, State University of Santa Catarina<\/p>\n\n\n\n<p>Mariana Moreau, Bem-Te-Vi, Diversidade<\/p>\n\n\n\n<p>Marlon Alberto Weichert, Brazilian Federal Prosecutor<\/p>\n\n\n\n<p>Maud Chirio, University of Paris-Est Marine-la-Vall\u00e9e<\/p>\n\n\n\n<p>Paulo Abr\u00e3o, Executive Secretary, Inter-American Commission on Human Rights<\/p>\n\n\n\n<p>Paulo Fontes, Get\u00falio Vargas Foundation, Rio de Janeiro<\/p>\n\n\n\n<p>Sidnei Munhoz, State University of Maring\u00e1<\/p>\n\n\n\n<p>Vera Paiva, University of S\u00e3o Paulo<\/p>\n\n\n\n<p>Vincente Arruda Camara Rodrigues, Brazilian National Archive<\/p>\n\n\n\n<h3 class=\"wp-block-heading\"><strong>Project Associates<\/strong><\/h3>\n\n\n\n<p>Adam Waters<\/p>\n\n\n\n<p>Andre Pagliarini<\/p>\n\n\n\n<p>Carlos Guimar\u00e3es<\/p>\n\n\n\n<p>Christine Keating<\/p>\n\n\n\n<p>Daniel McDonald<\/p>\n\n\n\n<p>Thamyris Almeida<\/p>\n\n\n\n<h3 class=\"wp-block-heading\"><strong>Project Participants<\/strong><\/h3>\n\n\n\n<p><strong>2019<\/strong><\/p>\n\n\n\n<p>Marina&nbsp;Dias Lucena Adams, Project Coordinator<\/p>\n\n\n\n<p>Angelo Andrade<\/p>\n\n\n\n<p>Ifeoma Anyoku<\/p>\n\n\n\n<p>Isabela Bartczak<\/p>\n\n\n\n<p>Mara Cavallaro<\/p>\n\n\n\n<p>Jorge Sanchez Garcia<\/p>\n\n\n\n<p>Jinette Jimenez<\/p>\n\n\n\n<p>Iman Musa<\/p>\n\n\n\n<p>Reda Semlani<\/p>\n\n\n\n<p>Mia Stone-Molloy<\/p>\n\n\n\n<p><strong>2018<\/strong><\/p>\n\n\n\n<p>Iman Musa, Project Coordinator<\/p>\n\n\n\n<p>Tathyana Amaral<\/p>\n\n\n\n<p>Angelo Andrade<\/p>\n\n\n\n<p>Ifeoma Anyoku<\/p>\n\n\n\n<p>Nomin&nbsp; Baatarkhuu<\/p>\n\n\n\n<p>Sawyer Balint<\/p>\n\n\n\n<p>Isabela Bartczak<\/p>\n\n\n\n<p>Mara Cavallaro<\/p>\n\n\n\n<p>Lucy Chen<\/p>\n\n\n\n<p>Jorge Sanchez Garcia<\/p>\n\n\n\n<p>Jinette Jimenez<\/p>\n\n\n\n<p>Selene Luna<\/p>\n\n\n\n<p>Ben Martel<\/p>\n\n\n\n<p>Andr\u00e9s O\u2019Sullivan-Compar\u00e1n<\/p>\n\n\n\n<p>Ulises Perez Costa<\/p>\n\n\n\n<p>Mariela Pichardo<\/p>\n\n\n\n<p>Nicaurys Rodriguez<\/p>\n\n\n\n<p>Reda Semlani<\/p>\n\n\n\n<p>Ari Snider<\/p>\n\n\n\n<p>Mia Stone-Molloy<\/p>\n\n\n\n<p><strong>2017&nbsp;<\/strong><\/p>\n\n\n\n<p>Maria Bugan\u00e9, Project Coordinator<\/p>\n\n\n\n<p>Ben Martel<\/p>\n\n\n\n<p>Justine Tice<\/p>\n\n\n\n<p>Ilana Brandes-Krug<\/p>\n\n\n\n<p>Karyn Mota<\/p>\n\n\n\n<p>Noah Chamberlain<\/p>\n\n\n\n<p>Viva Sandoval<\/p>\n\n\n\n<p>Ulisis Perez-Acosta<\/p>\n\n\n\n<p><strong>2016&nbsp;<\/strong><\/p>\n\n\n\n<p>Fernando Guimar\u00e3es, Project Coordinator<\/p>\n\n\n\n<p>Ari Snider<\/p>\n\n\n\n<p>Beatriz Vilela dos Reis Vianna<\/p>\n\n\n\n<p>Gabriela Naigeborin<\/p>\n\n\n\n<p>Jessica Pinkney<\/p>\n\n\n\n<p>Keiner Oliveira<\/p>\n\n\n\n<p>Patricia Paulino<\/p>\n\n\n\n<p>Pedro Paulo Maia de Freitas<\/p>\n\n\n\n<p>Perla Montas<\/p>\n\n\n\n<p><strong>2015&nbsp;<\/strong><\/p>\n\n\n\n<p>Emma Storbeck, Coordinator, Washington, D.C.<\/p>\n\n\n\n<p>Thamyris, Almeida, Coordinator, Austin, Texas<\/p>\n\n\n\n<p>Antonia Picconi<\/p>\n\n\n\n<p>Daniel McDonald<\/p>\n\n\n\n<p>Elizabeth A. Linfield<\/p>\n\n\n\n<p>Lydia Chim<\/p>\n\n\n\n<p>Mathew de la Cruz<\/p>\n\n\n\n<p>Michele Merthens<\/p>\n\n\n\n<p>Seb Pihan<\/p>\n\n\n\n<p><strong>2014<\/strong><\/p>\n\n\n\n<p>Andre Pagliarini, Co-Coordinator<\/p>\n\n\n\n<p>Emma Storbeck, Co-Coorinador<\/p>\n\n\n\n<p>Adam Waters<\/p>\n\n\n\n<p>Annie Sholar<\/p>\n\n\n\n<p>Antonia Piccone<\/p>\n\n\n\n<p>Blair Cameron<\/p>\n\n\n\n<p>Daniel Wilhite<\/p>\n\n\n\n<p>Kari Malkki<\/p>\n\n\n\n<p>Jessica Sawadago<\/p>\n\n\n\n<p>Kathryn Addonizio<\/p>\n\n\n\n<p>Liz Linfield<\/p>\n\n\n\n<p>Logan Bonney<\/p>\n\n\n\n<p>Michelle Mehrtens<\/p>\n\n\n\n<p>Thomas Culver<\/p>\n\n\n\n<p><strong>2013&nbsp;<\/strong><\/p>\n\n\n\n<p>Adam Waters, Project Coordinator<\/p>\n\n\n\n<p>Andr\u00e9 Pagliarini<\/p>\n\n\n\n<p>Antonio Bianchett<\/p>\n\n\n\n<p>Benjamin Clemente Villa<\/p>\n\n\n\n<p>Camila McHugh<\/p>\n\n\n\n<p>Emma Wohl<\/p>\n\n\n\n<p>Erika Manouselis<\/p>\n\n\n\n<p>Ford Beckett<\/p>\n\n\n\n<p>Kevin Leit\u00e3o<\/p>\n\n\n\n<p>Mateus Baptista<\/p>\n\n\n\n<p>Michael Hoffmann<\/p>\n\n\n\n<p>Nicole Cacozza<\/p>\n\n\n\n<p>Priscilla Borba<\/p>\n","protected":false},"excerpt":{"rendered":"<p>James N. Green, Project Director, Brown University Benjamin Cowan, George Mason University Carlos Fico, Federal University of Rio de Janeiro Daria Jaremtchuk, University of S\u00e3o Paulo Felipe Loureiro, University of S\u00e3o Paulo Inez Terezinha Stampa, Brazilian National Archive Jo\u00e3o Roberto Martins Filho, Federal University of S\u00e3o Carlos Larissa Rosa Correa, Pontificate Catholic University, Rio de <a href=\"https:\/\/library.brown.edu\/create\/openingthearchives\/en\/advisory-board\/\" class=\"more-link\">&#8230;<span class=\"screen-reader-text\">  Advisory Board<\/span><\/a><\/p>\n","protected":false},"author":26,"featured_media":0,"parent":0,"menu_order":0,"comment_status":"closed","ping_status":"closed","template":"","meta":{"footnotes":""},"class_list":["post-462","page","type-page","status-publish","hentry"],"_links":{"self":[{"href":"https:\/\/library.brown.edu\/create\/openingthearchives\/wp-json\/wp\/v2\/pages\/462","targetHints":{"allow":["GET"]}}],"collection":[{"href":"https:\/\/library.brown.edu\/create\/openingthearchives\/wp-json\/wp\/v2\/pages"}],"about":[{"href":"https:\/\/library.brown.edu\/create\/openingthearchives\/wp-json\/wp\/v2\/types\/page"}],"author":[{"embeddable":true,"href":"https:\/\/library.brown.edu\/create\/openingthearchives\/wp-json\/wp\/v2\/users\/26"}],"replies":[{"embeddable":true,"href":"https:\/\/library.brown.edu\/create\/openingthearchives\/wp-json\/wp\/v2\/comments?post=462"}],"version-history":[{"count":10,"href":"https:\/\/library.brown.edu\/create\/openingthearchives\/wp-json\/wp\/v2\/pages\/462\/revisions"}],"predecessor-version":[{"id":1114,"href":"https:\/\/library.brown.edu\/create\/openingthearchives\/wp-json\/wp\/v2\/pages\/462\/revisions\/1114"}],"wp:attachment":[{"href":"https:\/\/library.brown.edu\/create\/openingthearchives\/wp-json\/wp\/v2\/media?parent=462"}],"curies":[{"name":"wp","href":"https:\/\/api.w.org\/{rel}","templated":true}]}}