{"id":90,"date":"2017-07-20T16:02:27","date_gmt":"2017-07-20T16:02:27","guid":{"rendered":"http:\/\/library.brown.edu\/create\/potosi\/?page_id=90"},"modified":"2025-03-04T16:27:19","modified_gmt":"2025-03-04T21:27:19","slug":"transcription","status":"publish","type":"page","link":"https:\/\/library.brown.edu\/create\/potosi\/home\/transcription\/","title":{"rendered":"Transcription"},"content":{"rendered":"\n<div style=\"height:15px\" aria-hidden=\"true\" class=\"wp-block-spacer\"><\/div>\n\n\n<div class=\"wp-block-image\">\n<figure class=\"alignleft\"><a href=\"http:\/\/scua.library.umass.edu\/umarmot\/hanke-lewis\/\" rel=\"noopener\"><img loading=\"lazy\" decoding=\"async\" width=\"209\" height=\"300\" src=\"http:\/\/library.brown.edu\/create\/potosi\/wp-content\/uploads\/sites\/12\/2017\/07\/lewishanke-209x300.jpg\" alt=\"\" class=\"wp-image-99\" srcset=\"https:\/\/library.brown.edu\/create\/potosi\/wp-content\/uploads\/sites\/12\/2017\/07\/lewishanke-209x300.jpg 209w, https:\/\/library.brown.edu\/create\/potosi\/wp-content\/uploads\/sites\/12\/2017\/07\/lewishanke-100x144.jpg 100w, https:\/\/library.brown.edu\/create\/potosi\/wp-content\/uploads\/sites\/12\/2017\/07\/lewishanke-150x215.jpg 150w, https:\/\/library.brown.edu\/create\/potosi\/wp-content\/uploads\/sites\/12\/2017\/07\/lewishanke-200x287.jpg 200w, https:\/\/library.brown.edu\/create\/potosi\/wp-content\/uploads\/sites\/12\/2017\/07\/lewishanke-300x431.jpg 300w, https:\/\/library.brown.edu\/create\/potosi\/wp-content\/uploads\/sites\/12\/2017\/07\/lewishanke.jpg 448w\" sizes=\"auto, (max-width: 209px) 100vw, 209px\" \/><\/a><figcaption class=\"wp-element-caption\">Lewis Hanke. <a href=\"http:\/\/scua.library.umass.edu\/umarmot\/hanke-lewis\/\" target=\"_blank\" rel=\"noopener\">Lewis Hanke Papers, 1939-1992<\/a>. Special Collections and University Archives. University of Massachusetts, Amherst.<\/figcaption><\/figure>\n<\/div>\n\n\n<p>In 1965, in celebration of the bicentennial anniversary of the University, and thanks to the indefatigable work of <a href=\"https:\/\/en.wikipedia.org\/wiki\/Lewis_Hanke\" target=\"_blank\" rel=\"noopener\">Lewis Hanke<\/a> and <a href=\"http:\/\/www.revistasbolivianas.org.bo\/scielo.php?pid=S1997-44852014000400004&amp;script=sci_arttext\" target=\"_blank\" rel=\"noopener\">Gunnar Mendoza<\/a>, the 1,200 page manuscript was transcribed and <a href=\"http:\/\/josiah.brown.edu\/record=b1850455~S7\" target=\"_blank\" rel=\"noopener\">published<\/a> for the first time in its entirety and in the original Spanish. The three-volume transcription, now digitized and accessible through the <a href=\"https:\/\/repository.library.brown.edu\/studio\/\" target=\"_blank\" rel=\"noopener\">Brown Digital Repository (BDR)<\/a>, includes the texts of the <em>Primera Parte<\/em> held at the <a href=\"http:\/\/library.brown.edu\/hay\/\" target=\"_blank\" rel=\"noopener\">John Hay Library<\/a> and the <em>Segunda Parte<\/em> held at the <a href=\"http:\/\/www.realbiblioteca.es\/es\" target=\"_blank\" rel=\"noopener\">Biblioteca Real<\/a> in Madrid, Spain. <sup>[1]<\/sup><\/p>\n\n\n\n<p><a href=\"https:\/\/archive.org\/stream\/historiadelavill01arzn#page\/n15\/mode\/2up\" target=\"_blank\" rel=\"noopener\"><strong>Table of contents<\/strong><\/a>, volumes I-III.<\/p>\n\n\n\n<p><strong>Volume I<\/strong>. Tabla de los cap\u00edtulos de la Historia, tomos I-III; Bartolom\u00e9 Arz\u00e1ns de Ors\u00faa y Vela: su vida y su obra por Lewis Hanke y Gunnar Mendoza; Historia de la villa imperial de Potos\u00ed: pr\u00f3logo al lector; primera parte, libros I-VII. <a href=\"https:\/\/repository.library.brown.edu\/studio\/item\/bdr:712650\/\" target=\"_blank\" rel=\"noopener\">BDR view<\/a>. <a href=\"https:\/\/archive.org\/details\/historiadelavill01arzn\" target=\"_blank\" rel=\"noopener\">Internet Archive view<\/a>.<\/p>\n\n\n<div class=\"wp-block-image size-medium wp-image-150\">\n<figure class=\"alignright\"><img loading=\"lazy\" decoding=\"async\" width=\"259\" height=\"300\" src=\"http:\/\/library.brown.edu\/create\/potosi\/wp-content\/uploads\/sites\/12\/2017\/07\/gunnarmendoza-259x300.jpg\" alt=\"\" class=\"wp-image-150\" srcset=\"https:\/\/library.brown.edu\/create\/potosi\/wp-content\/uploads\/sites\/12\/2017\/07\/gunnarmendoza-259x300.jpg 259w, https:\/\/library.brown.edu\/create\/potosi\/wp-content\/uploads\/sites\/12\/2017\/07\/gunnarmendoza-100x116.jpg 100w, https:\/\/library.brown.edu\/create\/potosi\/wp-content\/uploads\/sites\/12\/2017\/07\/gunnarmendoza-150x174.jpg 150w, https:\/\/library.brown.edu\/create\/potosi\/wp-content\/uploads\/sites\/12\/2017\/07\/gunnarmendoza-200x232.jpg 200w, https:\/\/library.brown.edu\/create\/potosi\/wp-content\/uploads\/sites\/12\/2017\/07\/gunnarmendoza-300x348.jpg 300w, https:\/\/library.brown.edu\/create\/potosi\/wp-content\/uploads\/sites\/12\/2017\/07\/gunnarmendoza-450x522.jpg 450w, https:\/\/library.brown.edu\/create\/potosi\/wp-content\/uploads\/sites\/12\/2017\/07\/gunnarmendoza.jpg 501w\" sizes=\"auto, (max-width: 259px) 100vw, 259px\" \/><figcaption class=\"wp-element-caption\">Gunnar Mendoza Loza. <a href=\"http:\/\/www.culturabcb.org.bo\/\" target=\"_blank\" rel=\"noopener\">Fundaci\u00f3n Cultural del Banco Central de Bolivia<\/a>.<\/figcaption><\/figure>\n<\/div>\n\n\n<p><strong>Volume II<\/strong>. Historia de la villa imperial de Potos\u00ed: primera parte, libros VIII-X (cap\u00edtulos 1-33). <a href=\"https:\/\/repository.library.brown.edu\/studio\/item\/bdr:712651\/\" target=\"_blank\" rel=\"noopener\">BDR view<\/a>. <a href=\"https:\/\/archive.org\/details\/historiadelavill02arzn\" target=\"_blank\" rel=\"noopener\">Internet Archive view<\/a>.<\/p>\n\n\n\n<p><strong>Volume III<\/strong>. Historia de la villa imperial de Potos\u00ed: primera parte, libro X (cap\u00edtulos 34-50); segunda parte, libros I-III; Noticias de arte en la obra de Bartolom\u00e9 Arz\u00e1ns de Ors\u00faa y Vela por Jos\u00e9 de Mesa y Teresa Gisbert; An\u00e1lisis de los manuscritos de la Historia utilizados para esta edici\u00f3n por Gunnar Mendoza; Una nota sobre la vida y las publicaciones del Coronel George Earl Church por Lewis Hanke; Lista preliminar de gobernadores de Potos\u00ed, 1545-1738 por Gunnar Mendoza; Los virreyes del Per\u00fa, 1544-1745 por Guillermo Lohmann Villena; Producci\u00f3n de plata en Potos\u00ed por Lewis Hanke; Fuentes in\u00e9ditas para la historia de Potos\u00ed por Gunnar Mendoza. <a href=\"https:\/\/repository.library.brown.edu\/studio\/item\/bdr:712652\/\" target=\"_blank\" rel=\"noopener\">BDR view<\/a>. <a href=\"https:\/\/archive.org\/details\/historiadelavill03arzn\" target=\"_blank\" rel=\"noopener\">Internet Archive view<\/a>.<\/p>\n\n\n\n<p><span>1. &#8220;El lector deber\u00e1 tener presentes estas circunstancias: La edici\u00f3n se ha hecho usando el manuscrito de Brown para la primera parte (aunque tambi\u00e9n el de Madrid como testigo). El manuscrito de Brown s\u00f3lo tiene la primera parte. El manuscrito de Madrid es el \u00fanico que tiene las dos partes. En consecuencia para la segunda parte la edici\u00f3n se ha hecho exclusivamente seg\u00fan el manuscrito de Madrid.&#8221;<br>Gunnar Mendoza, &#8220;An\u00e1lisis de los manuscritos de la historia de Potos\u00ed utilizados para esta edici\u00f3n&#8221;. <em>Historia de la Villa Imperial de Potosi<\/em>. Vol. 3, <a href=\"https:\/\/archive.org\/stream\/historiadelavill03arzn#page\/461\/mode\/1up\" target=\"_blank\" rel=\"noopener\">p. 461<\/a>.<\/span><\/p>\n","protected":false},"excerpt":{"rendered":"<p>In 1965, in celebration of the bicentennial anniversary of the University, and thanks to the indefatigable work of Lewis Hanke and Gunnar Mendoza, the 1,200 page manuscript was transcribed and published for the first time in its entirety and in the original Spanish. The three-volume transcription, now digitized and accessible through the Brown Digital Repository <a href=\"https:\/\/library.brown.edu\/create\/potosi\/home\/transcription\/\" class=\"more-link\">&#8230;<span class=\"screen-reader-text\">  Transcription<\/span><\/a><\/p>\n","protected":false},"author":25,"featured_media":0,"parent":7,"menu_order":0,"comment_status":"closed","ping_status":"closed","template":"template-full-width.php","meta":{"footnotes":""},"class_list":["post-90","page","type-page","status-publish","hentry"],"_links":{"self":[{"href":"https:\/\/library.brown.edu\/create\/potosi\/wp-json\/wp\/v2\/pages\/90","targetHints":{"allow":["GET"]}}],"collection":[{"href":"https:\/\/library.brown.edu\/create\/potosi\/wp-json\/wp\/v2\/pages"}],"about":[{"href":"https:\/\/library.brown.edu\/create\/potosi\/wp-json\/wp\/v2\/types\/page"}],"author":[{"embeddable":true,"href":"https:\/\/library.brown.edu\/create\/potosi\/wp-json\/wp\/v2\/users\/25"}],"replies":[{"embeddable":true,"href":"https:\/\/library.brown.edu\/create\/potosi\/wp-json\/wp\/v2\/comments?post=90"}],"version-history":[{"count":70,"href":"https:\/\/library.brown.edu\/create\/potosi\/wp-json\/wp\/v2\/pages\/90\/revisions"}],"predecessor-version":[{"id":324,"href":"https:\/\/library.brown.edu\/create\/potosi\/wp-json\/wp\/v2\/pages\/90\/revisions\/324"}],"up":[{"embeddable":true,"href":"https:\/\/library.brown.edu\/create\/potosi\/wp-json\/wp\/v2\/pages\/7"}],"wp:attachment":[{"href":"https:\/\/library.brown.edu\/create\/potosi\/wp-json\/wp\/v2\/media?parent=90"}],"curies":[{"name":"wp","href":"https:\/\/api.w.org\/{rel}","templated":true}]}}