{"id":16,"date":"2016-04-26T22:46:42","date_gmt":"2016-04-26T17:46:42","guid":{"rendered":"https:\/\/library.brown.edu\/create\/vocesmovida\/?page_id=16"},"modified":"2025-04-18T00:43:38","modified_gmt":"2025-04-17T19:43:38","slug":"madriz","status":"publish","type":"page","link":"https:\/\/library.brown.edu\/create\/vocesmovida\/madriz\/","title":{"rendered":"Madriz"},"content":{"rendered":"<div style=\"margin-top: 20px;text-align: left\"><em><img loading=\"lazy\" decoding=\"async\" class=\" wp-image-53 alignright\" src=\"https:\/\/library.brown.edu\/create\/vocesmovida\/wp-content\/uploads\/sites\/37\/2016\/04\/madriz32-221x300.jpg\" alt=\"madriz32\" width=\"274\" height=\"372\" srcset=\"https:\/\/library.brown.edu\/create\/vocesmovida\/wp-content\/uploads\/sites\/37\/2016\/04\/madriz32-221x300.jpg 221w, https:\/\/library.brown.edu\/create\/vocesmovida\/wp-content\/uploads\/sites\/37\/2016\/04\/madriz32-768x1041.jpg 768w, https:\/\/library.brown.edu\/create\/vocesmovida\/wp-content\/uploads\/sites\/37\/2016\/04\/madriz32-756x1024.jpg 756w, https:\/\/library.brown.edu\/create\/vocesmovida\/wp-content\/uploads\/sites\/37\/2016\/04\/madriz32-100x136.jpg 100w, https:\/\/library.brown.edu\/create\/vocesmovida\/wp-content\/uploads\/sites\/37\/2016\/04\/madriz32-150x203.jpg 150w, https:\/\/library.brown.edu\/create\/vocesmovida\/wp-content\/uploads\/sites\/37\/2016\/04\/madriz32-200x271.jpg 200w, https:\/\/library.brown.edu\/create\/vocesmovida\/wp-content\/uploads\/sites\/37\/2016\/04\/madriz32-300x407.jpg 300w, https:\/\/library.brown.edu\/create\/vocesmovida\/wp-content\/uploads\/sites\/37\/2016\/04\/madriz32-450x610.jpg 450w, https:\/\/library.brown.edu\/create\/vocesmovida\/wp-content\/uploads\/sites\/37\/2016\/04\/madriz32-600x813.jpg 600w, https:\/\/library.brown.edu\/create\/vocesmovida\/wp-content\/uploads\/sites\/37\/2016\/04\/madriz32.jpg 769w\" sizes=\"auto, (max-width: 274px) 100vw, 274px\" \/>Madriz<\/em> fue una revista publicada por la Concejal\u00eda de Juventud del Ayuntamiento de Madrid durante los a\u00f1os 1984-1987. Figur\u00f3 entre las principales revistas del llamado \u201cBoom del c\u00f3mic adulto en Espa\u00f1a\u201d y fue considerada como una de las m\u00e1s influyentes de la\u00a0Movida. Estuvo dirigida por Carlos Otero, aunque la direcci\u00f3n art\u00edstica y tem\u00e1tica la llev\u00f3 a cabo\u00a0Felipe Hern\u00e1ndez Cava, tambi\u00e9n conocido por su participaci\u00f3n en el colectivo El Cubri. Se publicaron\u00a033 n\u00fameros en total, con una tirada de 25.000 ejemplares. Entre sus contribuyentes iniciales se inclu\u00edan artistas como Ceesepe, Ops, El Cubri, Juan Jim\u00e9nez, LPO, F. del Barrio, Carlos Gim\u00e9nez y Rub\u00e9n.<\/div>\n<div style=\"margin-top: 20px;text-align: left\">Uno de los rasgos que distingui\u00f3 <em>Madriz<\/em> de los otros proyectos de la Movida fue su compromiso con la ciudad de\u00a0Madrid en sus\u00a0historietas, logrando as\u00ed el objetivo del Ayuntamiento de <span style=\"font-weight: 400\">consolidar y proyectar hacia dentro y hacia fuera una imagen nueva de la capital que reemplazara la ciudad gris, burocr\u00e1tica y provinciana del franquismo, por el Madrid democr\u00e1tico, festivo, moderno y\u00a0joven del gobierno socialista.<\/span><\/div>\n<div style=\"margin-top: 20px;text-align: left\"><em>Madriz<\/em>\u00a0tuvo que lidiar entre su estado de revista de vanguardia y su subvenci\u00f3n del gobierno, que en principio deb\u00eda cesar cuando pudiera autofinanciarse, una meta fiscal que nunca alcanz\u00f3. Como resultado de ese contraste, se le critic\u00f3 por su lenguaje y contenido, especialmente por sus mensajes relativos a las drogas. Un cr\u00edtico calific\u00f3 a <em>Madriz<\/em> de \u201cporquer\u00eda repugnante y blasfema\u201d mientras otros defendieron el contenido de la revista como una representaci\u00f3n realista del lenguaje de la calle y de un sector importante de la juventud. Despu\u00e9s de su cierre en 1987, los contribuyentes y directores principales de la revista prometieron continuar la revista sin subvenciones, y esto se realiz\u00f3 con la publicaci\u00f3n en 1987 de la nueva revista\u00a0<em>Medios revueltos<\/em>.<\/div>\n<div style=\"margin-top: 20px;text-align: left\"><img loading=\"lazy\" decoding=\"async\" class=\" wp-image-48 alignleft\" src=\"https:\/\/library.brown.edu\/create\/vocesmovida\/wp-content\/uploads\/sites\/37\/2016\/04\/madriz1-219x300.jpg\" alt=\"madriz1\" width=\"236\" height=\"323\" srcset=\"https:\/\/library.brown.edu\/create\/vocesmovida\/wp-content\/uploads\/sites\/37\/2016\/04\/madriz1-219x300.jpg 219w, https:\/\/library.brown.edu\/create\/vocesmovida\/wp-content\/uploads\/sites\/37\/2016\/04\/madriz1-768x1054.jpg 768w, https:\/\/library.brown.edu\/create\/vocesmovida\/wp-content\/uploads\/sites\/37\/2016\/04\/madriz1-746x1024.jpg 746w, https:\/\/library.brown.edu\/create\/vocesmovida\/wp-content\/uploads\/sites\/37\/2016\/04\/madriz1-100x137.jpg 100w, https:\/\/library.brown.edu\/create\/vocesmovida\/wp-content\/uploads\/sites\/37\/2016\/04\/madriz1-150x206.jpg 150w, https:\/\/library.brown.edu\/create\/vocesmovida\/wp-content\/uploads\/sites\/37\/2016\/04\/madriz1-200x274.jpg 200w, https:\/\/library.brown.edu\/create\/vocesmovida\/wp-content\/uploads\/sites\/37\/2016\/04\/madriz1-300x412.jpg 300w, https:\/\/library.brown.edu\/create\/vocesmovida\/wp-content\/uploads\/sites\/37\/2016\/04\/madriz1-450x618.jpg 450w, https:\/\/library.brown.edu\/create\/vocesmovida\/wp-content\/uploads\/sites\/37\/2016\/04\/madriz1-600x823.jpg 600w, https:\/\/library.brown.edu\/create\/vocesmovida\/wp-content\/uploads\/sites\/37\/2016\/04\/madriz1-900x1235.jpg 900w, https:\/\/library.brown.edu\/create\/vocesmovida\/wp-content\/uploads\/sites\/37\/2016\/04\/madriz1.jpg 905w\" sizes=\"auto, (max-width: 236px) 100vw, 236px\" \/><strong>Bibliograf\u00eda<\/strong><\/div>\n<div style=\"margin-top: 20px;text-align: left\">Gonz\u00e1lez-Vega, Mar\u00eda. \u201cEl Ayuntamiento invierte seiscientas mil pesetas en editar un c\u00f3mic chabacano\u201d. <i><span style=\"font-weight: 400\">ABC<\/span><\/i><span style=\"font-weight: 400\">, 14 de abril, 1984. <a href=\"http:\/\/hemeroteca.abc.es\/nav\/Navigate.exe\/hemeroteca\/madrid\/abc\/1984\/04\/14\/035.html\">http:\/\/hemeroteca.abc.es\/nav\/Navigate.exe\/hemeroteca\/madrid\/abc\/1984\/04\/14\/035.html<\/a><\/span><\/div>\n<div style=\"margin-top: 20px;text-align: left\">Llad\u00f3 Pol, Francesca. <i><span style=\"font-weight: 400\">Los c\u00f3mics de la Transici\u00f3n<\/span><\/i><span style=\"font-weight: 400\">. Barcelona: Ediciones Gl\u00e9nat, 2001.<\/span><\/div>\n<div style=\"margin-top: 20px;text-align: left\">L\u00f3pez-Gonz\u00e1lez, Mario. \u201cJoy Transition. Consensual Fun in La Movida\u2019s Madriz Magazine\u201d. <i><span style=\"font-weight: 400\">Bulletin of Hispanic Studies<\/span><\/i><span style=\"font-weight: 400\"> 92.2 (2015): 153-169.\u00a0<\/span><\/div>\n<div style=\"margin-top: 20px;text-align: left\">\u201c\u2018Madriz\u2019, un ensayo de historieta urbana\u201d. <em>El Pa\u00eds<\/em>. 3 de enero, 1984. <a href=\"http:\/\/elpais.com\/diario\/1984\/01\/03\/cultura\/441932403_850215.html\"><span style=\"font-weight: 400\">http:\/\/elpais.com\/diario\/1984\/01\/03\/cultura\/441932403_850215.html<\/span><\/a><\/div>\n<div style=\"margin-top: 20px;text-align: left\">P\u00e9rez de Solar, Pedro. <i><span style=\"font-weight: 400\">Im\u00e1genes del desencanto: Nueva historieta espa\u00f1ola, 1980-1986.<\/span><\/i><span style=\"font-weight: 400\"> Madrid\/Frankfurt: Iberoamericana\/Vervuert, 2013. <\/span><\/div>\n<div style=\"margin-top: 20px;text-align: left\">P\u00e9rez-S\u00e1nchez, Gema. &#8220;Drawing Difference: The Women Artists of Madriz and the cultural renovations of the 1980s.&#8221; In <i>Women&#8217;s Narrative and Film in Twentieth-Century Spain: A World of Differences.<\/i> New York, NY: Routledge, 2002. 114-135<\/div>\n","protected":false},"excerpt":{"rendered":"<p>Madriz fue una revista publicada por la Concejal\u00eda de Juventud del Ayuntamiento de Madrid durante los a\u00f1os 1984-1987. Figur\u00f3 entre las principales revistas del llamado \u201cBoom del c\u00f3mic adulto en Espa\u00f1a\u201d y fue considerada como una de las m\u00e1s influyentes de la\u00a0Movida. Estuvo dirigida por Carlos Otero, aunque la direcci\u00f3n art\u00edstica y tem\u00e1tica la llev\u00f3 <a href=\"https:\/\/library.brown.edu\/create\/vocesmovida\/madriz\/\" class=\"more-link\">&#8230;<span class=\"screen-reader-text\">  Madriz<\/span><\/a><\/p>\n","protected":false},"author":25,"featured_media":10,"parent":0,"menu_order":0,"comment_status":"closed","ping_status":"closed","template":"template-full-width.php","meta":{"footnotes":""},"class_list":["post-16","page","type-page","status-publish","has-post-thumbnail","hentry"],"_links":{"self":[{"href":"https:\/\/library.brown.edu\/create\/vocesmovida\/wp-json\/wp\/v2\/pages\/16","targetHints":{"allow":["GET"]}}],"collection":[{"href":"https:\/\/library.brown.edu\/create\/vocesmovida\/wp-json\/wp\/v2\/pages"}],"about":[{"href":"https:\/\/library.brown.edu\/create\/vocesmovida\/wp-json\/wp\/v2\/types\/page"}],"author":[{"embeddable":true,"href":"https:\/\/library.brown.edu\/create\/vocesmovida\/wp-json\/wp\/v2\/users\/25"}],"replies":[{"embeddable":true,"href":"https:\/\/library.brown.edu\/create\/vocesmovida\/wp-json\/wp\/v2\/comments?post=16"}],"version-history":[{"count":26,"href":"https:\/\/library.brown.edu\/create\/vocesmovida\/wp-json\/wp\/v2\/pages\/16\/revisions"}],"predecessor-version":[{"id":161,"href":"https:\/\/library.brown.edu\/create\/vocesmovida\/wp-json\/wp\/v2\/pages\/16\/revisions\/161"}],"wp:featuredmedia":[{"embeddable":true,"href":"https:\/\/library.brown.edu\/create\/vocesmovida\/wp-json\/wp\/v2\/media\/10"}],"wp:attachment":[{"href":"https:\/\/library.brown.edu\/create\/vocesmovida\/wp-json\/wp\/v2\/media?parent=16"}],"curies":[{"name":"wp","href":"https:\/\/api.w.org\/{rel}","templated":true}]}}