{"id":1368,"date":"2014-03-06T03:47:46","date_gmt":"2014-03-06T03:47:46","guid":{"rendered":"http:\/\/library.brown.edu\/wecannotremainsilent\/?page_id=1368"},"modified":"2020-05-08T20:48:55","modified_gmt":"2020-05-08T20:48:55","slug":"dulce-muniz","status":"publish","type":"page","link":"https:\/\/library.brown.edu\/create\/wecannotremainsilent\/biographies\/dulce-muniz\/","title":{"rendered":"Dulce Muniz"},"content":{"rendered":"<p><img loading=\"lazy\" decoding=\"async\" class=\"alignleft\" src=\"https:\/\/library.brown.edu\/create\/wecannotremainsilent\/wp-content\/uploads\/sites\/43\/2014\/04\/fg122028.jpg\" alt=\"\" width=\"259\" height=\"173\" \/>Dulce Muniz was from the outskirts of S\u00e3o Paulo and a member of Partido Oper\u00e1rio Revolucion\u00e1rio (Trotskista) &#8212; Revolutionary Workers Party or POR(T). She was one of 18 people arrested at a May Day celebration at Vila Maria Z\u00e9lia Stadium in S\u00e3o Paulo for distributing subversive flyers saying &#8216;Long Live May First.&#8217;<\/p>\n","protected":false},"excerpt":{"rendered":"<p>Dulce Muniz was from the outskirts of S\u00e3o Paulo and a member of Partido Oper\u00e1rio Revolucion\u00e1rio (Trotskista) &#8212; Revolutionary Workers Party or POR(T). She was one of 18 people arrested at a May Day celebration at Vila Maria Z\u00e9lia Stadium &hellip; <a href=\"https:\/\/library.brown.edu\/create\/wecannotremainsilent\/biographies\/dulce-muniz\/\">Continue reading <span class=\"meta-nav\">&rarr;<\/span><\/a><\/p>\n","protected":false},"author":43,"featured_media":0,"parent":397,"menu_order":0,"comment_status":"closed","ping_status":"closed","template":"","meta":{"footnotes":""},"class_list":["post-1368","page","type-page","status-publish","hentry"],"_links":{"self":[{"href":"https:\/\/library.brown.edu\/create\/wecannotremainsilent\/wp-json\/wp\/v2\/pages\/1368","targetHints":{"allow":["GET"]}}],"collection":[{"href":"https:\/\/library.brown.edu\/create\/wecannotremainsilent\/wp-json\/wp\/v2\/pages"}],"about":[{"href":"https:\/\/library.brown.edu\/create\/wecannotremainsilent\/wp-json\/wp\/v2\/types\/page"}],"author":[{"embeddable":true,"href":"https:\/\/library.brown.edu\/create\/wecannotremainsilent\/wp-json\/wp\/v2\/users\/43"}],"replies":[{"embeddable":true,"href":"https:\/\/library.brown.edu\/create\/wecannotremainsilent\/wp-json\/wp\/v2\/comments?post=1368"}],"version-history":[{"count":1,"href":"https:\/\/library.brown.edu\/create\/wecannotremainsilent\/wp-json\/wp\/v2\/pages\/1368\/revisions"}],"predecessor-version":[{"id":2568,"href":"https:\/\/library.brown.edu\/create\/wecannotremainsilent\/wp-json\/wp\/v2\/pages\/1368\/revisions\/2568"}],"up":[{"embeddable":true,"href":"https:\/\/library.brown.edu\/create\/wecannotremainsilent\/wp-json\/wp\/v2\/pages\/397"}],"wp:attachment":[{"href":"https:\/\/library.brown.edu\/create\/wecannotremainsilent\/wp-json\/wp\/v2\/media?parent=1368"}],"curies":[{"name":"wp","href":"https:\/\/api.w.org\/{rel}","templated":true}]}}