{"id":1415,"date":"2014-03-06T19:58:51","date_gmt":"2014-03-06T19:58:51","guid":{"rendered":"http:\/\/library.brown.edu\/wecannotremainsilent\/?page_id=1415"},"modified":"2022-03-18T14:31:00","modified_gmt":"2022-03-18T18:31:00","slug":"capitulo-vii-fado-tropical","status":"publish","type":"page","link":"https:\/\/library.brown.edu\/create\/wecannotremainsilent\/capitulos\/capitulo-vii-fado-tropical\/","title":{"rendered":"Cap\u00edtulo VII: \u201cFado Tropical\u201d"},"content":{"rendered":"<p>&#8220;At some point this country is going to fulfill its destiny&#8221; &#8211; Chico Buarque, Ruy Guerra, &#8220;Fado tropical,&#8221; 1972-73<\/p>\n<p>Read about&nbsp;<a title=\"Anivaldo Padilha\" href=\"http:\/\/library.brown.edu\/wecannotremainsilent\/?page_id=1408\">Anivaldo Padilha<\/a><\/p>\n\n\n<p>Lyrics: <\/p>\n\n\n\n<p>Oh, musa do meu fado<br>Oh, minha m\u00e3e gentil<br>Te deixo consternado<br>No primeiro abril<\/p>\n\n\n\n<p>Mas n\u00e3o s\u00ea t\u00e3o ingrata!<br>N\u00e3o esquece quem te amou<br>E em tua densa mata<br>Se perdeu e se encontrou<br>Ai, esta terra ainda vai cumprir seu ideal<br>Ainda vai tornar-se um imenso Portugal!<\/p>\n\n\n\n<p>Sabe, no fundo eu sou um sentimental. Todos n\u00f3s herdamos no sangue lusitano uma boa dosagem de lirismo (al\u00e9m da s\u00edfilis, \u00e9 claro). Mesmo quando as minhas m\u00e3os est\u00e3o ocupadas em torturar, esganar, trucidar, o meu cora\u00e7\u00e3o fecha os olhos e sinceramente chora.<\/p>\n\n\n\n<p>Com avencas na caatinga<br>Alecrins no canavial<br>Licores na moringa<br>Um vinho tropical<br>E a linda mulata<br>Com rendas do alentejo<br>De quem numa bravata<br>Arrebato um beijo<br>Ai, esta terra ainda vai cumprir seu ideal<br>Ainda vai tornar-se um imenso Portugal!<\/p>\n\n\n\n<p>Meu cora\u00e7\u00e3o tem um sereno jeito<br>E as minhas m\u00e3os o golpe duro e presto<br>De tal maneira que, depois de feito<br>Desencontrado, eu mesmo me contesto<\/p>\n\n\n\n<p>Se trago as m\u00e3os distantes do meu peito<br>\u00c9 que h\u00e1 dist\u00e2ncia entre inten\u00e7\u00e3o e gesto<br>E se o meu cora\u00e7\u00e3o nas m\u00e3os estreito<br>Me assombra a s\u00fabita impress\u00e3o de incesto<\/p>\n\n\n\n<p>Quando me encontro no calor da luta<br>Ostento a aguda empunhadora \u00e0 proa<br>Mas meu peito se desabotoa<\/p>\n\n\n\n<p>E se a senten\u00e7a se anuncia bruta<br>Mais que depressa a m\u00e3o cega executa<br>Pois que sen\u00e3o o cora\u00e7\u00e3o perdoa<\/p>\n\n\n\n<p>Guitarras e sanfonas<br>Jasmins, coqueiros, fontes<br>Sardinhas, mandioca<br>Num suave azulejo<br>E o rio Amazonas<br>Que corre tr\u00e1s-os-montes<br>E numa pororoca<br>Des\u00e1gua no Tejo<br>Ai, esta terra ainda vai cumprir seu ideal<br>Ainda vai tornar-se um imp\u00e9rio colonial!<br>Ai, esta terra ainda vai cumprir seu ideal<br>Ainda vai tornar-se um imp\u00e9rio colonial!<\/p>\n\n\n\n<figure class=\"wp-block-embed is-type-video is-provider-youtube wp-block-embed-youtube wp-embed-aspect-4-3 wp-has-aspect-ratio\"><div class=\"wp-block-embed__wrapper\">\n<iframe loading=\"lazy\" title=\"Fado Tropical - Chico Buarque\" width=\"584\" height=\"438\" src=\"https:\/\/www.youtube.com\/embed\/HiN5AqGaSM8?feature=oembed\" frameborder=\"0\" allow=\"accelerometer; autoplay; clipboard-write; encrypted-media; gyroscope; picture-in-picture; web-share\" referrerpolicy=\"strict-origin-when-cross-origin\" allowfullscreen><\/iframe>\n<\/div><\/figure>\n","protected":false},"excerpt":{"rendered":"<p>&#8220;At some point this country is going to fulfill its destiny&#8221; &#8211; Chico Buarque, Ruy Guerra, &#8220;Fado tropical,&#8221; 1972-73 Read about&nbsp;Anivaldo Padilha Lyrics: Oh, musa do meu fadoOh, minha m\u00e3e gentilTe deixo consternadoNo primeiro abril Mas n\u00e3o s\u00ea t\u00e3o ingrata!N\u00e3o &hellip; <a href=\"https:\/\/library.brown.edu\/create\/wecannotremainsilent\/capitulos\/capitulo-vii-fado-tropical\/\">Continue reading <span class=\"meta-nav\">&rarr;<\/span><\/a><\/p>\n","protected":false},"author":43,"featured_media":0,"parent":547,"menu_order":0,"comment_status":"closed","ping_status":"closed","template":"","meta":{"footnotes":""},"class_list":["post-1415","page","type-page","status-publish","hentry"],"_links":{"self":[{"href":"https:\/\/library.brown.edu\/create\/wecannotremainsilent\/wp-json\/wp\/v2\/pages\/1415","targetHints":{"allow":["GET"]}}],"collection":[{"href":"https:\/\/library.brown.edu\/create\/wecannotremainsilent\/wp-json\/wp\/v2\/pages"}],"about":[{"href":"https:\/\/library.brown.edu\/create\/wecannotremainsilent\/wp-json\/wp\/v2\/types\/page"}],"author":[{"embeddable":true,"href":"https:\/\/library.brown.edu\/create\/wecannotremainsilent\/wp-json\/wp\/v2\/users\/43"}],"replies":[{"embeddable":true,"href":"https:\/\/library.brown.edu\/create\/wecannotremainsilent\/wp-json\/wp\/v2\/comments?post=1415"}],"version-history":[{"count":4,"href":"https:\/\/library.brown.edu\/create\/wecannotremainsilent\/wp-json\/wp\/v2\/pages\/1415\/revisions"}],"predecessor-version":[{"id":3346,"href":"https:\/\/library.brown.edu\/create\/wecannotremainsilent\/wp-json\/wp\/v2\/pages\/1415\/revisions\/3346"}],"up":[{"embeddable":true,"href":"https:\/\/library.brown.edu\/create\/wecannotremainsilent\/wp-json\/wp\/v2\/pages\/547"}],"wp:attachment":[{"href":"https:\/\/library.brown.edu\/create\/wecannotremainsilent\/wp-json\/wp\/v2\/media?parent=1415"}],"curies":[{"name":"wp","href":"https:\/\/api.w.org\/{rel}","templated":true}]}}