{"id":1451,"date":"2014-03-06T21:29:05","date_gmt":"2014-03-06T21:29:05","guid":{"rendered":"http:\/\/library.brown.edu\/wecannotremainsilent\/?page_id=1451"},"modified":"2021-10-21T20:37:23","modified_gmt":"2021-10-22T00:37:23","slug":"capitulo-xi-amanha-ha-de-ser-outro-dia","status":"publish","type":"page","link":"https:\/\/library.brown.edu\/create\/wecannotremainsilent\/capitulos\/capitulo-xi-amanha-ha-de-ser-outro-dia\/","title":{"rendered":"Cap\u00edtulo XI: \u201cAmanh\u00e3 h\u00e3 de ser outro dia\u201d"},"content":{"rendered":"\n<p><\/p>\n\n\n\n<p>&#8220;Tomorrow will be another day&#8221; &#8211; Chico Buarque, &#8220;Apesar de voc\u00ea,&#8221; 1970<\/p>\n\n\n\n<p>Amanh\u00e3 vai ser outro dia<br>Amanh\u00e3 vai ser outro dia<br>Amanh\u00e3 vai ser outro dia<\/p>\n\n\n\n<p>Hoje voc\u00ea \u00e9 quem manda, falou, t\u00e1 falado<br>N\u00e3o tem discuss\u00e3o, n\u00e3o<br>A minha gente hoje anda<br>Falando de lado e olhando pro ch\u00e3o, viu?<\/p>\n\n\n\n<p>Voc\u00ea que inventou esse estado<br>Que inventou de inventar toda a escurid\u00e3o<br>Voc\u00ea que inventou o pecado<br>Esqueceu-se de inventar o perd\u00e3o<\/p>\n\n\n\n<p>Apesar de voc\u00ea amanh\u00e3 h\u00e1 de ser outro dia<br>Eu pergunto a voc\u00ea<br>Onde vai se esconder da enorme euforia?<\/p>\n\n\n\n<p>Como vai proibir<br>Quando o galo insistir em cantar?<br>\u00c1gua nova brotando<br>E a gente se amando sem parar<\/p>\n\n\n\n<p>Quando chegar o momento, esse meu sofrimento<br>Vou cobrar com juros, juro<br>Todo esse amor reprimido, esse grito contido<br>Este samba no escuro<\/p>\n\n\n\n<p>Voc\u00ea que inventou a tristeza<br>Ora, tenha a fineza de desinventar<br>Voc\u00ea vai pagar e \u00e9 dobrado<br>Cada l\u00e1grima rolada nesse meu penar<\/p>\n\n\n\n<p>Apesar de voc\u00ea amanh\u00e3 h\u00e1 de ser outro dia<br>Inda pago pra ver o jardim florescer<br>Qual voc\u00ea n\u00e3o queria<\/p>\n\n\n\n<p>Voc\u00ea vai se amargar<br>Vendo o dia raiar sem lhe pedir licen\u00e7a<br>E eu vou morrer de rir<br>Que esse dia h\u00e1 de vir antes do que voc\u00ea pensa<\/p>\n\n\n\n<p>Apesar de voc\u00ea<br>Apesar de voc\u00ea amanh\u00e3 h\u00e1 de ser outro dia<br>Voc\u00ea vai ter que ver a manh\u00e3 renascer<br>E esbanjar poesia<\/p>\n\n\n\n<p>Como vai se explicar vendo o c\u00e9u clarear<br>De repente, impunemente?<br>Como vai abafar<br>Nosso coro a cantar na sua frente?<\/p>\n\n\n\n<p>Apesar de voc\u00ea<br>Apesar de voc\u00ea amanh\u00e3 h\u00e1 de ser outro dia<br>Voc\u00ea vai se dar mal, etcetera e tal<br>Larai\u00e1 larai\u00e1 l\u00e1<\/p>\n\n\n\n<p>Larai\u00e1 larai\u00e1, larai\u00e1 larai\u00e1<br>L\u00e1 lai\u00e1 l\u00e1<br>Larai\u00e1 larai\u00e1, larai\u00e1 larai\u00e1<br>Lararar\u00e1<\/p>\n\n\n\n<p>Apesar de voc\u00ea&#8230;<\/p>\n\n\n\n<figure class=\"wp-block-embed is-type-video is-provider-youtube wp-block-embed-youtube wp-embed-aspect-16-9 wp-has-aspect-ratio\"><div class=\"wp-block-embed__wrapper\">\n<iframe loading=\"lazy\" title=\"Chico Buarque - Apesar de Voc\u00ea\" width=\"584\" height=\"329\" src=\"https:\/\/www.youtube.com\/embed\/bGAJlOwUgHY?feature=oembed\" frameborder=\"0\" allow=\"accelerometer; autoplay; clipboard-write; encrypted-media; gyroscope; picture-in-picture; web-share\" referrerpolicy=\"strict-origin-when-cross-origin\" allowfullscreen><\/iframe>\n<\/div><\/figure>\n","protected":false},"excerpt":{"rendered":"<p>&#8220;Tomorrow will be another day&#8221; &#8211; Chico Buarque, &#8220;Apesar de voc\u00ea,&#8221; 1970 Amanh\u00e3 vai ser outro diaAmanh\u00e3 vai ser outro diaAmanh\u00e3 vai ser outro dia Hoje voc\u00ea \u00e9 quem manda, falou, t\u00e1 faladoN\u00e3o tem discuss\u00e3o, n\u00e3oA minha gente hoje andaFalando &hellip; <a href=\"https:\/\/library.brown.edu\/create\/wecannotremainsilent\/capitulos\/capitulo-xi-amanha-ha-de-ser-outro-dia\/\">Continue reading <span class=\"meta-nav\">&rarr;<\/span><\/a><\/p>\n","protected":false},"author":43,"featured_media":0,"parent":547,"menu_order":0,"comment_status":"closed","ping_status":"closed","template":"","meta":{"footnotes":""},"class_list":["post-1451","page","type-page","status-publish","hentry"],"_links":{"self":[{"href":"https:\/\/library.brown.edu\/create\/wecannotremainsilent\/wp-json\/wp\/v2\/pages\/1451","targetHints":{"allow":["GET"]}}],"collection":[{"href":"https:\/\/library.brown.edu\/create\/wecannotremainsilent\/wp-json\/wp\/v2\/pages"}],"about":[{"href":"https:\/\/library.brown.edu\/create\/wecannotremainsilent\/wp-json\/wp\/v2\/types\/page"}],"author":[{"embeddable":true,"href":"https:\/\/library.brown.edu\/create\/wecannotremainsilent\/wp-json\/wp\/v2\/users\/43"}],"replies":[{"embeddable":true,"href":"https:\/\/library.brown.edu\/create\/wecannotremainsilent\/wp-json\/wp\/v2\/comments?post=1451"}],"version-history":[{"count":4,"href":"https:\/\/library.brown.edu\/create\/wecannotremainsilent\/wp-json\/wp\/v2\/pages\/1451\/revisions"}],"predecessor-version":[{"id":3140,"href":"https:\/\/library.brown.edu\/create\/wecannotremainsilent\/wp-json\/wp\/v2\/pages\/1451\/revisions\/3140"}],"up":[{"embeddable":true,"href":"https:\/\/library.brown.edu\/create\/wecannotremainsilent\/wp-json\/wp\/v2\/pages\/547"}],"wp:attachment":[{"href":"https:\/\/library.brown.edu\/create\/wecannotremainsilent\/wp-json\/wp\/v2\/media?parent=1451"}],"curies":[{"name":"wp","href":"https:\/\/api.w.org\/{rel}","templated":true}]}}