{"id":1453,"date":"2014-03-06T21:29:18","date_gmt":"2014-03-06T21:29:18","guid":{"rendered":"http:\/\/library.brown.edu\/wecannotremainsilent\/?page_id=1453"},"modified":"2022-03-18T13:57:32","modified_gmt":"2022-03-18T17:57:32","slug":"capitulo-v-vai-meu-irmao","status":"publish","type":"page","link":"https:\/\/library.brown.edu\/create\/wecannotremainsilent\/capitulos\/capitulo-v-vai-meu-irmao\/","title":{"rendered":"Cap\u00edtulo V: \u201cVai meu irm\u00e3o\u201d"},"content":{"rendered":"<p>&#8220;<em>Go my brother<\/em>, catch the plane, you&#8217;re right, to run away from the cold&#8221; &#8211; Vinicius de Moraes, Toquinho, Chico Buarque, &#8220;Samba de Orly,&#8221; 1970<\/p>\n<p>Vai meu irm\u00e3o<br>\nPegue esse avi\u00e3o<br>\nVoc\u00ea tem raz\u00e3o<br>\nDe correr assim<br>\nDesse frio, mas beija<br>\nO meu Rio de Janeiro<br>\nAntes que um aventureiro<br>\nLance m\u00e3o&#8230;<\/p>\n<p>Pede perd\u00e3o pela dura\u00e7\u00e3o<br>\nDessa temporada<br>\nMas n\u00e3o diga nada<br>\nQue me viu chorando<br>\nE pr&#8217;os da pesada<br>\nDiz que eu vou levando&#8230;<\/p>\n<p>V\u00ea como \u00e9 que anda<br>\nAquela vida \u00e0 t\u00f4a<br>\nE se puder me manda<br>\nUma not\u00edcia boa&#8230;<\/p>\n<p>Vai meu irm\u00e3o<br>\nPegue esse avi\u00e3o<br>\nVoc\u00ea tem raz\u00e3o<br>\nDe correr assim<br>\nDesse frio, mas beija<br>\nO meu Rio de Janeiro<br>\nAntes que um aventureiro<br>\nLance m\u00e3o&#8230;<\/p>\n<p>Pede perd\u00e3o pela dura\u00e7\u00e3o<br>\nDessa temporada<br>\nMas n\u00e3o diga nada<br>\nQue me viu chorando<br>\nE pr&#8217;os da pesada<br>\nDiz que eu vou levando&#8230;<\/p>\n<p>V\u00ea como \u00e9 que anda<br>\nAquela vida \u00e0 t\u00f4a<br>\nE se puder me manda<br>\nUma not\u00edcia boa&#8230;<\/p>\n<p>Vai meu irm\u00e3o<br>\nPegue esse avi\u00e3o<br>\nVoc\u00ea tem raz\u00e3o<br>\nMas n\u00e3o diga nada<br>\nQue me viu chorando<br>\nE pr&#8217;os da pesada<br>\nDiz que eu vou levando&#8230;<\/p>\n<p>Pede perd\u00e3o pela dura\u00e7\u00e3o<br>\nDessa temporada<br>\nV\u00ea como \u00e9 que anda<br>\nAquela vida \u00e0 t\u00f4a<br>\nE se puder me manda<br>\nUma not\u00edcia boa&#8230;<\/p>\n\n\n<figure class=\"wp-block-embed is-type-video is-provider-youtube wp-block-embed-youtube wp-embed-aspect-4-3 wp-has-aspect-ratio\"><div class=\"wp-block-embed__wrapper\">\n<iframe loading=\"lazy\" title=\"Samba De Orly\" width=\"584\" height=\"438\" src=\"https:\/\/www.youtube.com\/embed\/6OoyRyePx6o?feature=oembed\" frameborder=\"0\" allow=\"accelerometer; autoplay; clipboard-write; encrypted-media; gyroscope; picture-in-picture; web-share\" referrerpolicy=\"strict-origin-when-cross-origin\" allowfullscreen><\/iframe>\n<\/div><\/figure>\n","protected":false},"excerpt":{"rendered":"<p>&#8220;Go my brother, catch the plane, you&#8217;re right, to run away from the cold&#8221; &#8211; Vinicius de Moraes, Toquinho, Chico Buarque, &#8220;Samba de Orly,&#8221; 1970 Vai meu irm\u00e3o Pegue esse avi\u00e3o Voc\u00ea tem raz\u00e3o De correr assim Desse frio, mas &hellip; <a href=\"https:\/\/library.brown.edu\/create\/wecannotremainsilent\/capitulos\/capitulo-v-vai-meu-irmao\/\">Continue reading <span class=\"meta-nav\">&rarr;<\/span><\/a><\/p>\n","protected":false},"author":43,"featured_media":0,"parent":547,"menu_order":0,"comment_status":"closed","ping_status":"closed","template":"","meta":{"footnotes":""},"class_list":["post-1453","page","type-page","status-publish","hentry"],"_links":{"self":[{"href":"https:\/\/library.brown.edu\/create\/wecannotremainsilent\/wp-json\/wp\/v2\/pages\/1453","targetHints":{"allow":["GET"]}}],"collection":[{"href":"https:\/\/library.brown.edu\/create\/wecannotremainsilent\/wp-json\/wp\/v2\/pages"}],"about":[{"href":"https:\/\/library.brown.edu\/create\/wecannotremainsilent\/wp-json\/wp\/v2\/types\/page"}],"author":[{"embeddable":true,"href":"https:\/\/library.brown.edu\/create\/wecannotremainsilent\/wp-json\/wp\/v2\/users\/43"}],"replies":[{"embeddable":true,"href":"https:\/\/library.brown.edu\/create\/wecannotremainsilent\/wp-json\/wp\/v2\/comments?post=1453"}],"version-history":[{"count":3,"href":"https:\/\/library.brown.edu\/create\/wecannotremainsilent\/wp-json\/wp\/v2\/pages\/1453\/revisions"}],"predecessor-version":[{"id":3327,"href":"https:\/\/library.brown.edu\/create\/wecannotremainsilent\/wp-json\/wp\/v2\/pages\/1453\/revisions\/3327"}],"up":[{"embeddable":true,"href":"https:\/\/library.brown.edu\/create\/wecannotremainsilent\/wp-json\/wp\/v2\/pages\/547"}],"wp:attachment":[{"href":"https:\/\/library.brown.edu\/create\/wecannotremainsilent\/wp-json\/wp\/v2\/media?parent=1453"}],"curies":[{"name":"wp","href":"https:\/\/api.w.org\/{rel}","templated":true}]}}