{"id":1456,"date":"2014-03-06T21:29:29","date_gmt":"2014-03-06T21:29:29","guid":{"rendered":"http:\/\/library.brown.edu\/wecannotremainsilent\/?page_id=1456"},"modified":"2022-03-18T13:49:50","modified_gmt":"2022-03-18T17:49:50","slug":"capitulo-iv-acorda-amor","status":"publish","type":"page","link":"https:\/\/library.brown.edu\/create\/wecannotremainsilent\/capitulos\/capitulo-iv-acorda-amor\/","title":{"rendered":"Cap\u00edtulo IV: \u201cAcorda amor\u201d"},"content":{"rendered":"<p>&#8220;<em>Wake up my love,<\/em>&nbsp;I just had a nightmare. I dreamt that someone was outside, knocking at the door&#8221; &#8211; Leonel Paiva, Julinho de Adelaida (Chico Buarque), &#8220;Acorda amor&#8221;<\/p>\n<p>Acorda amor<br>\nEu tive um pesadelo agora<br>\nSonhei que tinha gente l\u00e1 fora<br>\nBatendo no port\u00e3o, que afli\u00e7\u00e3o<br>\nEra a dura, numa muito escura viatura<br>\nMinha nossa santa criatura<br>\nChame, chame, chame l\u00e1<br>\nChame, chame o ladr\u00e3o, chame o ladr\u00e3o<\/p>\n<p>Acorda amor<br>\nN\u00e3o \u00e9 mais pesadelo nada<br>\nTem gente j\u00e1 no v\u00e3o de escada<br>\nFazendo confus\u00e3o, que afli\u00e7\u00e3o<br>\nS\u00e3o os homens<br>\nE eu aqui parado de pijama<br>\nEu n\u00e3o gosto de passar vexame<br>\nChame, chame, chame<br>\nChame o ladr\u00e3o, chame o ladr\u00e3o<\/p>\n<p>Se eu demorar uns meses<br>\nConv\u00e9m, \u00e0s vezes, voc\u00ea sofrer<br>\nMas depois de um ano eu n\u00e3o vindo<br>\nPonha a roupa de domingo<br>\nE pode me esquecer<\/p>\n<p>Acorda amor<br>\nQue o bicho \u00e9 brabo e n\u00e3o sossega<br>\nSe voc\u00ea corre o bicho pega<br>\nSe fica n\u00e3o sei n\u00e3o<br>\nAten\u00e7\u00e3o<br>\nN\u00e3o demora<br>\nDia desses chega a sua hora<br>\nN\u00e3o discuta \u00e0 toa n\u00e3o reclame<br>\nClame, chame l\u00e1, chame, chame<br>\nChame o ladr\u00e3o, chame o ladr\u00e3o, chame o ladr\u00e3o<br>\n(N\u00e3o esque\u00e7a a escova, o sabonete e o viol\u00e3o)<\/p>\n<p>&nbsp;<\/p>\n\n\n<figure class=\"wp-block-embed is-type-video is-provider-youtube wp-block-embed-youtube wp-embed-aspect-4-3 wp-has-aspect-ratio\"><div class=\"wp-block-embed__wrapper\">\n<iframe loading=\"lazy\" title=\"Acorda Amor\" width=\"584\" height=\"438\" src=\"https:\/\/www.youtube.com\/embed\/2fGXPgVoV7A?feature=oembed\" frameborder=\"0\" allow=\"accelerometer; autoplay; clipboard-write; encrypted-media; gyroscope; picture-in-picture; web-share\" referrerpolicy=\"strict-origin-when-cross-origin\" allowfullscreen><\/iframe>\n<\/div><\/figure>\n","protected":false},"excerpt":{"rendered":"<p>&#8220;Wake up my love,&nbsp;I just had a nightmare. I dreamt that someone was outside, knocking at the door&#8221; &#8211; Leonel Paiva, Julinho de Adelaida (Chico Buarque), &#8220;Acorda amor&#8221; Acorda amor Eu tive um pesadelo agora Sonhei que tinha gente l\u00e1 &hellip; <a href=\"https:\/\/library.brown.edu\/create\/wecannotremainsilent\/capitulos\/capitulo-iv-acorda-amor\/\">Continue reading <span class=\"meta-nav\">&rarr;<\/span><\/a><\/p>\n","protected":false},"author":43,"featured_media":0,"parent":547,"menu_order":0,"comment_status":"closed","ping_status":"closed","template":"","meta":{"footnotes":""},"class_list":["post-1456","page","type-page","status-publish","hentry"],"_links":{"self":[{"href":"https:\/\/library.brown.edu\/create\/wecannotremainsilent\/wp-json\/wp\/v2\/pages\/1456","targetHints":{"allow":["GET"]}}],"collection":[{"href":"https:\/\/library.brown.edu\/create\/wecannotremainsilent\/wp-json\/wp\/v2\/pages"}],"about":[{"href":"https:\/\/library.brown.edu\/create\/wecannotremainsilent\/wp-json\/wp\/v2\/types\/page"}],"author":[{"embeddable":true,"href":"https:\/\/library.brown.edu\/create\/wecannotremainsilent\/wp-json\/wp\/v2\/users\/43"}],"replies":[{"embeddable":true,"href":"https:\/\/library.brown.edu\/create\/wecannotremainsilent\/wp-json\/wp\/v2\/comments?post=1456"}],"version-history":[{"count":2,"href":"https:\/\/library.brown.edu\/create\/wecannotremainsilent\/wp-json\/wp\/v2\/pages\/1456\/revisions"}],"predecessor-version":[{"id":3325,"href":"https:\/\/library.brown.edu\/create\/wecannotremainsilent\/wp-json\/wp\/v2\/pages\/1456\/revisions\/3325"}],"up":[{"embeddable":true,"href":"https:\/\/library.brown.edu\/create\/wecannotremainsilent\/wp-json\/wp\/v2\/pages\/547"}],"wp:attachment":[{"href":"https:\/\/library.brown.edu\/create\/wecannotremainsilent\/wp-json\/wp\/v2\/media?parent=1456"}],"curies":[{"name":"wp","href":"https:\/\/api.w.org\/{rel}","templated":true}]}}