{"id":3056,"date":"2021-09-29T14:22:44","date_gmt":"2021-09-29T18:22:44","guid":{"rendered":"https:\/\/library.brown.edu\/create\/wecannotremainsilent\/?page_id=3056"},"modified":"2021-09-29T14:26:56","modified_gmt":"2021-09-29T18:26:56","slug":"capitulo-vii-fado-tropical","status":"publish","type":"page","link":"https:\/\/library.brown.edu\/create\/wecannotremainsilent\/capitulo-vii-fado-tropical\/","title":{"rendered":"Cap\u00edtulo VII: &#8220;Fado Tropical&#8221;"},"content":{"rendered":"\n<p>In 1974, a military coup against the authoritarian Estado Novo (1933-1974) in Portugal was suddenly followed by a mass popular resistance campaign known as the Revolu\u00e7\u00e3o dos Cravos (Carnation Revolution). In 1973, Chico Buarque debuted his song &#8220;Fado Tropical,&#8221; which criticized Portugal&#8217;s dictatorship and contributed to a rising anti-authoritarian movement on both sides of the Atlantic.<\/p>\n\n\n\n<p>&#8220;At some point this country is going to fulfill its destiny&#8221; &#8211; Chico Buarque, Ruy Guerra, &#8220;Fado tropical,&#8221; 1972\u201373<\/p>\n\n\n\n<p>Oh, musa do meu fado<br>Oh, minha m\u00e3e gentil<br>Deixo-te consternado<br>No primeiro Abril<br>N\u00e3o seja t\u00e3o ingrata<br>N\u00e3o esque\u00e7as quem te amou<br>E em tua densa mata<br>Se perdeu e se encontrou<\/p>\n\n\n\n<p>Ai, esta terra ainda vai cumprir o seu ideal<br>Ainda vai tornar-se um imenso Portugal<\/p>\n\n\n\n<p>Sabes, no fundo eu sou um sentimental<br>Todos n\u00f3s herdamos no sangue lusitano<br>Uma boa dose de lir\u00edsmo, al\u00e9m da s\u00edfilis, \u00e9 claro<br>Mesmo quando as minhas m\u00e3os est\u00e3o ocupadas<br>Em torturar, esganar, trucidar<br>Meu cora\u00e7\u00e3o fecha os olhos e sinceramente chora<\/p>\n\n\n\n<p>Com avencas na catinga<br>Alecrins no canavial<br>Licores na moringa<br>Um vinho tropical<br>E a linda mulata<br>Com rendas do Alentejo<br>De quem numa bravata<br>Arrebata um beijo<\/p>\n\n\n\n<p>Ai, esta terra ainda vai cumprir o seu ideal<br>Ainda vai tornar-se um imenso Portugal<\/p>\n\n\n\n<p>Meu cora\u00e7\u00e3o tem um sereno jeito<br>E as minhas m\u00e3os o golpe duro e presto<br>De tal maneira que, depois de feito<br>Desencontrado, eu mesmo me contesto<br>Se trago as m\u00e3os distantes do meu peito<br>\u00c9 que h\u00e1 dist\u00e2ncia entre inten\u00e7\u00e3o e gesto<br>E se o meu cora\u00e7\u00e3o nas m\u00e3os estreito<br>Assombra-me a s\u00fabita impress\u00e3o de incesto<br>Quando me encontro no calor da luta<br>Ostento a agulha empunhadora \u00e0 proa<br>Mas o meu peito se desabotoa<br>E se a senten\u00e7a se an\u00fancia bruta<br>Mais que depressa a m\u00e3o cega executa<br>Pois que sen\u00e3o o cora\u00e7\u00e3o perdoa<\/p>\n\n\n\n<p>Guitarras e sanfonas<br>Jasmins, coqueiros, fontes<br>Sardinhas, mandioca<br>Num suave azulejo<br>E o rio Amazonas<br>Que corre Tr\u00e1s-Os-Montes<br>E numa pororoca<br>Des\u00e1gua no Tejo<\/p>\n\n\n\n<p>Ai, esta terra ainda vai cumprir o seu ideal<br>Ainda vai tornar-se o imenso Portugal<br>Ai, esta terra ainda vai cumprir o seu ideal<br>Ainda vai tornar-se um imenso Portugal<\/p>\n\n\n\n<p>Ai, esta terra ainda vai cumprir o seu ideal<br>Ainda vai tornar-se o Imp\u00e9rio Colonial<\/p>\n\n\n\n<p>Click <strong><a href=\"https:\/\/library.brown.edu\/create\/wecannotremainsilent\/biographies\/anivaldo-padilha\/\" data-type=\"URL\" data-id=\"https:\/\/library.brown.edu\/create\/wecannotremainsilent\/biographies\/anivaldo-padilha\/\">here <\/a><\/strong>to read more about Anivaldo Padilha.<\/p>\n","protected":false},"excerpt":{"rendered":"<p>In 1974, a military coup against the authoritarian Estado Novo (1933-1974) in Portugal was suddenly followed by a mass popular resistance campaign known as the Revolu\u00e7\u00e3o dos Cravos (Carnation Revolution). In 1973, Chico Buarque debuted his song &#8220;Fado Tropical,&#8221; which &hellip; <a href=\"https:\/\/library.brown.edu\/create\/wecannotremainsilent\/capitulo-vii-fado-tropical\/\">Continue reading <span class=\"meta-nav\">&rarr;<\/span><\/a><\/p>\n","protected":false},"author":121,"featured_media":0,"parent":0,"menu_order":0,"comment_status":"closed","ping_status":"closed","template":"","meta":{"footnotes":""},"class_list":["post-3056","page","type-page","status-publish","hentry"],"_links":{"self":[{"href":"https:\/\/library.brown.edu\/create\/wecannotremainsilent\/wp-json\/wp\/v2\/pages\/3056","targetHints":{"allow":["GET"]}}],"collection":[{"href":"https:\/\/library.brown.edu\/create\/wecannotremainsilent\/wp-json\/wp\/v2\/pages"}],"about":[{"href":"https:\/\/library.brown.edu\/create\/wecannotremainsilent\/wp-json\/wp\/v2\/types\/page"}],"author":[{"embeddable":true,"href":"https:\/\/library.brown.edu\/create\/wecannotremainsilent\/wp-json\/wp\/v2\/users\/121"}],"replies":[{"embeddable":true,"href":"https:\/\/library.brown.edu\/create\/wecannotremainsilent\/wp-json\/wp\/v2\/comments?post=3056"}],"version-history":[{"count":5,"href":"https:\/\/library.brown.edu\/create\/wecannotremainsilent\/wp-json\/wp\/v2\/pages\/3056\/revisions"}],"predecessor-version":[{"id":3062,"href":"https:\/\/library.brown.edu\/create\/wecannotremainsilent\/wp-json\/wp\/v2\/pages\/3056\/revisions\/3062"}],"wp:attachment":[{"href":"https:\/\/library.brown.edu\/create\/wecannotremainsilent\/wp-json\/wp\/v2\/media?parent=3056"}],"curies":[{"name":"wp","href":"https:\/\/api.w.org\/{rel}","templated":true}]}}