{"id":547,"date":"2012-10-11T13:52:06","date_gmt":"2012-10-11T13:52:06","guid":{"rendered":"http:\/\/library.brown.edu\/wecannotremainsilent\/?page_id=547"},"modified":"2022-03-18T14:56:31","modified_gmt":"2022-03-18T18:56:31","slug":"capitulos","status":"publish","type":"page","link":"https:\/\/library.brown.edu\/create\/wecannotremainsilent\/capitulos\/","title":{"rendered":"Cap\u00edtulos"},"content":{"rendered":"<p><strong><a title=\"Pr\u00f3logo: Era um pa\u00eds subdesenvolvido\" href=\"http:\/\/library.brown.edu\/create\/wecannotremainsilent\/?page_id=1460\"><img loading=\"lazy\" decoding=\"async\" class=\"alignnone  wp-image-3197\" src=\"https:\/\/library.brown.edu\/create\/wecannotremainsilent\/wp-content\/uploads\/sites\/43\/2021\/10\/Prologo-Tile-295x300.jpg\" alt=\"\" width=\"100\" height=\"101\" srcset=\"https:\/\/library.brown.edu\/create\/wecannotremainsilent\/wp-content\/uploads\/sites\/43\/2021\/10\/Prologo-Tile-295x300.jpg 295w, https:\/\/library.brown.edu\/create\/wecannotremainsilent\/wp-content\/uploads\/sites\/43\/2021\/10\/Prologo-Tile-1007x1024.jpg 1007w, https:\/\/library.brown.edu\/create\/wecannotremainsilent\/wp-content\/uploads\/sites\/43\/2021\/10\/Prologo-Tile-150x150.jpg 150w, https:\/\/library.brown.edu\/create\/wecannotremainsilent\/wp-content\/uploads\/sites\/43\/2021\/10\/Prologo-Tile-768x781.jpg 768w, https:\/\/library.brown.edu\/create\/wecannotremainsilent\/wp-content\/uploads\/sites\/43\/2021\/10\/Prologo-Tile.jpg 1216w\" sizes=\"auto, (max-width: 100px) 100vw, 100px\" \/> Pr\u00f3logo: Era um pa\u00eds subdesenvolvido<\/a><\/strong><\/p>\n<p><a title=\"Cap\u00edtulo I: A gente quer ter voz ativa\" href=\"http:\/\/library.brown.edu\/create\/wecannotremainsilent\/?page_id=556\"><strong><img loading=\"lazy\" decoding=\"async\" class=\"alignnone  wp-image-3198\" src=\"https:\/\/library.brown.edu\/create\/wecannotremainsilent\/wp-content\/uploads\/sites\/43\/2021\/10\/Cap-I-Tile-235x300.jpg\" alt=\"\" width=\"98\" height=\"122\" \/> Cap\u00edtulo I: &#8220;A Gente quer voz ativa&#8221;<\/strong><\/a><\/p>\n<p><a title=\"Cap\u00edtulo II\" href=\"http:\/\/library.brown.edu\/create\/wecannotremainsilent\/?page_id=617\"><strong><img loading=\"lazy\" decoding=\"async\" class=\"alignnone  wp-image-3200\" src=\"https:\/\/library.brown.edu\/create\/wecannotremainsilent\/wp-content\/uploads\/sites\/43\/2021\/10\/Cap-II-Tile-300x221.jpg\" alt=\"\" width=\"124\" height=\"94\" \/> Cap\u00edtulo II: &#8220;Caminanho e cantando e seguindo a can\u00e7\u00e3o&#8221;<\/strong><\/a><\/p>\n<p><strong><a title=\"Cap\u00edtulo III: Agora Falando Serio\" href=\"http:\/\/library.brown.edu\/create\/wecannotremainsilent\/?page_id=597\"><img loading=\"lazy\" decoding=\"async\" class=\"alignnone  wp-image-3201\" src=\"https:\/\/library.brown.edu\/create\/wecannotremainsilent\/wp-content\/uploads\/sites\/43\/2021\/10\/Cap-III-TIle-300x220.jpg\" alt=\"\" width=\"129\" height=\"96\" \/>\u00a0Cap\u00edtulo III: &#8220;Agora falando s\u00e9rio&#8221;<\/a><\/strong><\/p>\n<p><strong><a title=\"Cap\u00edtulo IV: \u201cAcorda amor\u201d\" href=\"http:\/\/library.brown.edu\/create\/wecannotremainsilent\/?page_id=1456\"><img loading=\"lazy\" decoding=\"async\" class=\"alignnone  wp-image-3202\" src=\"https:\/\/library.brown.edu\/create\/wecannotremainsilent\/wp-content\/uploads\/sites\/43\/2021\/10\/Cap-IV-Tile-219x300.jpg\" alt=\"\" width=\"90\" height=\"118\" \/>\u00a0Cap\u00edtulo IV: &#8220;Acorda amor&#8221;<\/a><\/strong><\/p>\n<p><strong><a title=\"Cap\u00edtulo V: \u201cVai meu irm\u00e3o\u201d\" href=\"http:\/\/library.brown.edu\/create\/wecannotremainsilent\/?page_id=1453\"><img loading=\"lazy\" decoding=\"async\" class=\"alignnone  wp-image-3203\" src=\"https:\/\/library.brown.edu\/create\/wecannotremainsilent\/wp-content\/uploads\/sites\/43\/2021\/10\/Cap-V-Tile-223x300.jpg\" alt=\"\" width=\"96\" height=\"125\" \/>\u00a0Cap\u00edtulo V: &#8220;Vai meu irm\u00e3o&#8221;<\/a><\/strong><\/p>\n<p><strong><a title=\"Cap\u00edtulo VI: \u201cPode me prender, pode me bater\u201d\" href=\"http:\/\/library.brown.edu\/create\/wecannotremainsilent\/?page_id=1366\"><img loading=\"lazy\" decoding=\"async\" class=\"alignnone  wp-image-3204\" src=\"https:\/\/library.brown.edu\/create\/wecannotremainsilent\/wp-content\/uploads\/sites\/43\/2021\/10\/Cap-VI-Tile-237x300.jpg\" alt=\"\" width=\"104\" height=\"130\" srcset=\"https:\/\/library.brown.edu\/create\/wecannotremainsilent\/wp-content\/uploads\/sites\/43\/2021\/10\/Cap-VI-Tile-810x1024.jpg 810w, https:\/\/library.brown.edu\/create\/wecannotremainsilent\/wp-content\/uploads\/sites\/43\/2021\/10\/Cap-VI-Tile-768x971.jpg 768w, https:\/\/library.brown.edu\/create\/wecannotremainsilent\/wp-content\/uploads\/sites\/43\/2021\/10\/Cap-VI-Tile-1215x1536.jpg 1215w\" sizes=\"auto, (max-width: 104px) 100vw, 104px\" \/>\u00a0Cap\u00edtulo VI: &#8220;Pode me prender, pode me bater&#8221;<\/a><\/strong><\/p>\n<p><strong><a title=\"Cap\u00edtulo VII: &quot;Fado Tropical&quot;\" href=\"https:\/\/library.brown.edu\/create\/wecannotremainsilent\/capitulo-vii-fado-tropical\/\"><img loading=\"lazy\" decoding=\"async\" class=\"alignnone  wp-image-3205\" src=\"https:\/\/library.brown.edu\/create\/wecannotremainsilent\/wp-content\/uploads\/sites\/43\/2021\/10\/Cap-VII-Tile-201x300.jpg\" alt=\"\" width=\"92\" height=\"131\" \/>\u00a0Cap\u00edtulo VII: &#8220;Fado Tropical&#8221;<\/a><\/strong><\/p>\n<p><strong><a title=\"Cap\u00edtulo VIII: \u201cWhile my eyes go looking for flying saucers in the sky\u201d\" href=\"http:\/\/library.brown.edu\/create\/wecannotremainsilent\/?page_id=2086\"><img loading=\"lazy\" decoding=\"async\" class=\"alignnone  wp-image-3206\" src=\"https:\/\/library.brown.edu\/create\/wecannotremainsilent\/wp-content\/uploads\/sites\/43\/2021\/10\/Cap-VIII-Tile-204x300.jpg\" alt=\"\" width=\"91\" height=\"128\" \/>\u00a0Cap\u00edtulo VIII: &#8220;While my eyes go looking for flying saucers in the sky&#8221;<\/a><\/strong><\/p>\n<p><strong><a title=\"Cap\u00edtulo IX: \u201cNavegar \u00e9 preciso\u201d\" href=\"http:\/\/library.brown.edu\/create\/wecannotremainsilent\/?page_id=1449\"><img loading=\"lazy\" decoding=\"async\" class=\"alignnone  wp-image-3207\" src=\"https:\/\/library.brown.edu\/create\/wecannotremainsilent\/wp-content\/uploads\/sites\/43\/2021\/10\/Cap-IX-Tile-234x300.jpg\" alt=\"\" width=\"93\" height=\"115\" \/>\u00a0Cap\u00edtulo IX: &#8220;Navegar \u00e9 preciso&#8221;<\/a><\/strong><\/p>\n<p><strong><a title=\"Cap\u00edtulo X: \u201cQuem \u00e9 essa Mulher?\u201d Zuzu Angel and Chico Buarque\" href=\"http:\/\/library.brown.edu\/create\/wecannotremainsilent\/?page_id=298\"><img loading=\"lazy\" decoding=\"async\" class=\"alignnone  wp-image-3208\" src=\"https:\/\/library.brown.edu\/create\/wecannotremainsilent\/wp-content\/uploads\/sites\/43\/2021\/10\/Cap-X-Tile-211x300.jpg\" alt=\"\" width=\"93\" height=\"126\" \/>\u00a0Cap\u00edtulo X: &#8220;Quem \u00e9 essa mulher?&#8221;<\/a><\/strong><\/p>\n<p><strong><a title=\"Cap\u00edtulo XI: \u201cAmanh\u00e3 h\u00e3 de ser outro dia\u201d\" href=\"http:\/\/library.brown.edu\/create\/wecannotremainsilent\/?page_id=1451\"><img loading=\"lazy\" decoding=\"async\" class=\"alignnone  wp-image-3209\" src=\"https:\/\/library.brown.edu\/create\/wecannotremainsilent\/wp-content\/uploads\/sites\/43\/2021\/10\/Cap-XI-Tile-194x300.jpg\" alt=\"\" width=\"84\" height=\"124\" \/>\u00a0Cap\u00edtulo XI: &#8220;Amanh\u00e3 h\u00e3 de ser outro dia.&#8221;<\/a><\/strong><\/p>\n\n\n<p><\/p>\n","protected":false},"excerpt":{"rendered":"<p>Pr\u00f3logo: Era um pa\u00eds subdesenvolvido Cap\u00edtulo I: &#8220;A Gente quer voz ativa&#8221; Cap\u00edtulo II: &#8220;Caminanho e cantando e seguindo a can\u00e7\u00e3o&#8221; \u00a0Cap\u00edtulo III: &#8220;Agora falando s\u00e9rio&#8221; \u00a0Cap\u00edtulo IV: &#8220;Acorda amor&#8221; \u00a0Cap\u00edtulo V: &#8220;Vai meu irm\u00e3o&#8221; \u00a0Cap\u00edtulo VI: &#8220;Pode me prender, &hellip; <a href=\"https:\/\/library.brown.edu\/create\/wecannotremainsilent\/capitulos\/\">Continue reading <span class=\"meta-nav\">&rarr;<\/span><\/a><\/p>\n","protected":false},"author":40,"featured_media":0,"parent":0,"menu_order":0,"comment_status":"closed","ping_status":"closed","template":"","meta":{"footnotes":""},"class_list":["post-547","page","type-page","status-publish","hentry"],"_links":{"self":[{"href":"https:\/\/library.brown.edu\/create\/wecannotremainsilent\/wp-json\/wp\/v2\/pages\/547","targetHints":{"allow":["GET"]}}],"collection":[{"href":"https:\/\/library.brown.edu\/create\/wecannotremainsilent\/wp-json\/wp\/v2\/pages"}],"about":[{"href":"https:\/\/library.brown.edu\/create\/wecannotremainsilent\/wp-json\/wp\/v2\/types\/page"}],"author":[{"embeddable":true,"href":"https:\/\/library.brown.edu\/create\/wecannotremainsilent\/wp-json\/wp\/v2\/users\/40"}],"replies":[{"embeddable":true,"href":"https:\/\/library.brown.edu\/create\/wecannotremainsilent\/wp-json\/wp\/v2\/comments?post=547"}],"version-history":[{"count":10,"href":"https:\/\/library.brown.edu\/create\/wecannotremainsilent\/wp-json\/wp\/v2\/pages\/547\/revisions"}],"predecessor-version":[{"id":3360,"href":"https:\/\/library.brown.edu\/create\/wecannotremainsilent\/wp-json\/wp\/v2\/pages\/547\/revisions\/3360"}],"wp:attachment":[{"href":"https:\/\/library.brown.edu\/create\/wecannotremainsilent\/wp-json\/wp\/v2\/media?parent=547"}],"curies":[{"name":"wp","href":"https:\/\/api.w.org\/{rel}","templated":true}]}}