{"id":597,"date":"2012-10-17T21:33:33","date_gmt":"2012-10-17T21:33:33","guid":{"rendered":"http:\/\/library.brown.edu\/wecannotremainsilent\/?page_id=597"},"modified":"2022-03-18T13:48:41","modified_gmt":"2022-03-18T17:48:41","slug":"capitulo-iii-agora-falando-serio","status":"publish","type":"page","link":"https:\/\/library.brown.edu\/create\/wecannotremainsilent\/capitulos\/capitulo-iii-agora-falando-serio\/","title":{"rendered":"Cap\u00edtulo III: Agora Falando S\u00e9rio"},"content":{"rendered":"<div>&#8220;Now speaking seriously, I do not want to lie&#8230;&#8221; &#8211; Chico Buarque, &#8220;Agora falando s\u00e9rio,&#8221; 1969<\/div>\n<div>\u00a0<\/div>\n\n\n<p>Agora falando s\u00e9rio<br>Eu queria n\u00e3o cantar<br>A cantiga bonita<br>Que se acredita<br>Que o mal espanta<br>Dou um chute no lirismo<br>Um pega no cachorro<br>E um tiro no sabi\u00e1<br>Dou um fora no violino<br>Fa\u00e7o a mala e corro<br>Pra n\u00e3o ver a banda passar<\/p>\n\n\n\n<p>Agora falando s\u00e9rio<br>Eu queria n\u00e3o mentir<br>N\u00e3o queria enganar<br>Driblar, iludir<br>Tanto desencanto<br>E voc\u00ea que est\u00e1 me ouvindo<br>Quer saber o que est\u00e1 havendo<br>Com as flores do meu quintal?<br>O amor-perfeito, traindo<br>A sempre-viva, morrendo<br>E a rosa, cheirando mal<\/p>\n\n\n\n<p>Agora falando s\u00e9rio<br>Preferia n\u00e3o falar<br>Nada que distra\u00edsse<br>O sono dif\u00edcil<br>Como acalanto<br>Eu quero fazer sil\u00eancio<br>Um sil\u00eancio t\u00e3o doente<br>Do vizinho reclamar<br>E chamar pol\u00edcia e m\u00e9dico<br>E o s\u00edndico do meu t\u00e9dio<br>Pedindo pra eu cantar<\/p>\n\n\n\n<p>Agora falando s\u00e9rio<br>Eu queria n\u00e3o cantar<br>Falando s\u00e9rio<\/p>\n\n\n\n<p>Agora falando s\u00e9rio<br>Eu queria n\u00e3o falar<br>Falando s\u00e9rio<\/p>\n\n\n\n<figure class=\"wp-block-embed is-type-video is-provider-youtube wp-block-embed-youtube wp-embed-aspect-4-3 wp-has-aspect-ratio\"><div class=\"wp-block-embed__wrapper\">\n<iframe loading=\"lazy\" title=\"Agora Falando S\u00e9rio\" width=\"584\" height=\"438\" src=\"https:\/\/www.youtube.com\/embed\/fo7Iks6wpy4?feature=oembed\" frameborder=\"0\" allow=\"accelerometer; autoplay; clipboard-write; encrypted-media; gyroscope; picture-in-picture; web-share\" referrerpolicy=\"strict-origin-when-cross-origin\" allowfullscreen><\/iframe>\n<\/div><\/figure>\n","protected":false},"excerpt":{"rendered":"<p>&#8220;Now speaking seriously, I do not want to lie&#8230;&#8221; &#8211; Chico Buarque, &#8220;Agora falando s\u00e9rio,&#8221; 1969 \u00a0 Agora falando s\u00e9rioEu queria n\u00e3o cantarA cantiga bonitaQue se acreditaQue o mal espantaDou um chute no lirismoUm pega no cachorroE um tiro no &hellip; <a href=\"https:\/\/library.brown.edu\/create\/wecannotremainsilent\/capitulos\/capitulo-iii-agora-falando-serio\/\">Continue reading <span class=\"meta-nav\">&rarr;<\/span><\/a><\/p>\n","protected":false},"author":39,"featured_media":0,"parent":547,"menu_order":0,"comment_status":"closed","ping_status":"closed","template":"","meta":{"footnotes":""},"class_list":["post-597","page","type-page","status-publish","hentry"],"_links":{"self":[{"href":"https:\/\/library.brown.edu\/create\/wecannotremainsilent\/wp-json\/wp\/v2\/pages\/597","targetHints":{"allow":["GET"]}}],"collection":[{"href":"https:\/\/library.brown.edu\/create\/wecannotremainsilent\/wp-json\/wp\/v2\/pages"}],"about":[{"href":"https:\/\/library.brown.edu\/create\/wecannotremainsilent\/wp-json\/wp\/v2\/types\/page"}],"author":[{"embeddable":true,"href":"https:\/\/library.brown.edu\/create\/wecannotremainsilent\/wp-json\/wp\/v2\/users\/39"}],"replies":[{"embeddable":true,"href":"https:\/\/library.brown.edu\/create\/wecannotremainsilent\/wp-json\/wp\/v2\/comments?post=597"}],"version-history":[{"count":3,"href":"https:\/\/library.brown.edu\/create\/wecannotremainsilent\/wp-json\/wp\/v2\/pages\/597\/revisions"}],"predecessor-version":[{"id":3323,"href":"https:\/\/library.brown.edu\/create\/wecannotremainsilent\/wp-json\/wp\/v2\/pages\/597\/revisions\/3323"}],"up":[{"embeddable":true,"href":"https:\/\/library.brown.edu\/create\/wecannotremainsilent\/wp-json\/wp\/v2\/pages\/547"}],"wp:attachment":[{"href":"https:\/\/library.brown.edu\/create\/wecannotremainsilent\/wp-json\/wp\/v2\/media?parent=597"}],"curies":[{"name":"wp","href":"https:\/\/api.w.org\/{rel}","templated":true}]}}