{"id":617,"date":"2012-10-18T12:06:45","date_gmt":"2012-10-18T12:06:45","guid":{"rendered":"http:\/\/library.brown.edu\/wecannotremainsilent\/?page_id=617"},"modified":"2022-03-18T13:46:55","modified_gmt":"2022-03-18T17:46:55","slug":"capitulo-ii","status":"publish","type":"page","link":"https:\/\/library.brown.edu\/create\/wecannotremainsilent\/capitulos\/capitulo-ii\/","title":{"rendered":"Cap\u00edtulo II: \u201cCaminanho e cantando e seguindo a can\u00e7\u00e3o,\u201d"},"content":{"rendered":"<h2 style=\"font-size: 30px;margin-top: 6%;margin-bottom: 3%\">Cap\u00edtulo II: &#8220;Caminanho e cantando e seguindo a can\u00e7\u00e3o&#8221;<\/h2>\n<p>&#8220;Marching and singing and following the song&#8221; &#8211; Geraldo Vandr\u00e9, &#8220;Pra n\u00e3o dizer que n\u00e3o falei de flores,&#8221; 1968<\/p>\n<p><img loading=\"lazy\" decoding=\"async\" class=\" wp-image-626 aligncenter\" title=\"Estudantes\" src=\"https:\/\/library.brown.edu\/create\/wecannotremainsilent\/wp-content\/uploads\/sites\/43\/2012\/10\/Estudantes.jpg\" alt=\"\" width=\"408\" height=\"424\" \/> While thousands of student activists protested and worked toward exposing the injustices of the military regime, student leaders such as Jean Marc Van der Weid led major student groups to work together to incite change. Musicians, such as <strong><a href=\"http:\/\/library.brown.edu\/create\/wecannotremainsilent\/?page_id=630\" target=\"_blank\" rel=\"noopener noreferrer\">Geraldo Vandr\u00e9, <\/a><\/strong>had their own impact by creating politically significant songs that gave great strength to the movement. His song &#8220;Pra n\u00e3o dizer que n\u00e3o falei de flores&#8221; became an anthem of the opposition.<\/p>\n<p>Lyrics<\/p>\n<p>Caminhando e cantando e seguindo a can\u00e7\u00e3o<br \/>Somos todos iguais, bra\u00e7os dados ou n\u00e3o<br \/>Nas escolas, nas ruas, campos, constru\u00e7\u00f5es<br \/>Caminhando e cantando e seguindo a can\u00e7\u00e3o<\/p>\n<p>[Refr\u00e3o] :<br \/>Vem, vamos embora que esperar n\u00e3o \u00e9 saber<br \/>Quem sabe faz a hora n\u00e3o espera acontecer<\/p>\n<p>Pelos campos a fome em grandes planta\u00e7\u00f5es<br \/>Pelas ruas marchando indecisos cord\u00f5es<br \/>ainda fazem da flor seu mais forte refr\u00e3o<br \/>e acreditam nas flores vencendo o canh\u00e3o<\/p>\n<p>REFR\u00c3O<\/p>\n<p>H\u00e1 soldados armados, amados ou n\u00e3o<br \/>Quase todos perdidos de armas na m\u00e3o<br \/>Nos quart\u00e9is lhes ensinam a antiga li\u00e7\u00e3o<br \/>de morrer pela p\u00e1tria e viver sem raz\u00e3o<\/p>\n<p>REFR\u00c3O<\/p>\n<p>Nas escolas, nas ruas, campos constru\u00e7\u00f5es<br \/>Somos todos soldados armados ou n\u00e3o<br \/>Caminhando e cantando e seguindo a can\u00e7\u00e3o<br \/>Somos todos iguais, bra\u00e7os dados ou n\u00e3o<\/p>\n<p>Os amores na mente, as flores no ch\u00e3o<br \/>A certeza na frente, a hist\u00f3ria na m\u00e3o<br \/>Caminhando e cantando e seguindo a can\u00e7\u00e3o<br \/>Aprendendo e ensinando uma nova li\u00e7\u00e3o<\/p>\n<p>Read more about people mentioned in the cap\u00edtulo: <a href=\"http:\/\/library.brown.edu\/create\/wecannotremainsilent\/biographies\/monica-arruda\/\" target=\"_blank\" rel=\"noopener noreferrer\">Monica Arruda\u00a0<\/a><\/p>\n\n\n<figure class=\"wp-block-embed is-type-video is-provider-youtube wp-block-embed-youtube wp-embed-aspect-4-3 wp-has-aspect-ratio\"><div class=\"wp-block-embed__wrapper\">\n<iframe loading=\"lazy\" title=\"Pra n\u00e3o dizer que n\u00e3o falei das flores\" width=\"584\" height=\"438\" src=\"https:\/\/www.youtube.com\/embed\/KdvsXn8oVPY?feature=oembed\" frameborder=\"0\" allow=\"accelerometer; autoplay; clipboard-write; encrypted-media; gyroscope; picture-in-picture; web-share\" referrerpolicy=\"strict-origin-when-cross-origin\" allowfullscreen><\/iframe>\n<\/div><\/figure>\n","protected":false},"excerpt":{"rendered":"<p>Cap\u00edtulo II: &#8220;Caminanho e cantando e seguindo a can\u00e7\u00e3o&#8221; &#8220;Marching and singing and following the song&#8221; &#8211; Geraldo Vandr\u00e9, &#8220;Pra n\u00e3o dizer que n\u00e3o falei de flores,&#8221; 1968 While thousands of student activists protested and worked toward exposing the injustices &hellip; <a href=\"https:\/\/library.brown.edu\/create\/wecannotremainsilent\/capitulos\/capitulo-ii\/\">Continue reading <span class=\"meta-nav\">&rarr;<\/span><\/a><\/p>\n","protected":false},"author":40,"featured_media":0,"parent":547,"menu_order":0,"comment_status":"closed","ping_status":"closed","template":"showcase.php","meta":{"footnotes":""},"class_list":["post-617","page","type-page","status-publish","hentry"],"_links":{"self":[{"href":"https:\/\/library.brown.edu\/create\/wecannotremainsilent\/wp-json\/wp\/v2\/pages\/617","targetHints":{"allow":["GET"]}}],"collection":[{"href":"https:\/\/library.brown.edu\/create\/wecannotremainsilent\/wp-json\/wp\/v2\/pages"}],"about":[{"href":"https:\/\/library.brown.edu\/create\/wecannotremainsilent\/wp-json\/wp\/v2\/types\/page"}],"author":[{"embeddable":true,"href":"https:\/\/library.brown.edu\/create\/wecannotremainsilent\/wp-json\/wp\/v2\/users\/40"}],"replies":[{"embeddable":true,"href":"https:\/\/library.brown.edu\/create\/wecannotremainsilent\/wp-json\/wp\/v2\/comments?post=617"}],"version-history":[{"count":9,"href":"https:\/\/library.brown.edu\/create\/wecannotremainsilent\/wp-json\/wp\/v2\/pages\/617\/revisions"}],"predecessor-version":[{"id":3321,"href":"https:\/\/library.brown.edu\/create\/wecannotremainsilent\/wp-json\/wp\/v2\/pages\/617\/revisions\/3321"}],"up":[{"embeddable":true,"href":"https:\/\/library.brown.edu\/create\/wecannotremainsilent\/wp-json\/wp\/v2\/pages\/547"}],"wp:attachment":[{"href":"https:\/\/library.brown.edu\/create\/wecannotremainsilent\/wp-json\/wp\/v2\/media?parent=617"}],"curies":[{"name":"wp","href":"https:\/\/api.w.org\/{rel}","templated":true}]}}