{"id":630,"date":"2012-10-18T12:32:28","date_gmt":"2012-10-18T12:32:28","guid":{"rendered":"http:\/\/library.brown.edu\/wecannotremainsilent\/?page_id=630"},"modified":"2020-05-11T14:02:19","modified_gmt":"2020-05-11T14:02:19","slug":"brazilian-biographies-geraldo-vandre","status":"publish","type":"page","link":"https:\/\/library.brown.edu\/create\/wecannotremainsilent\/biographies\/brazilian-biographies-geraldo-vandre\/","title":{"rendered":"Geraldo Vandr\u00e9"},"content":{"rendered":"<h2 style=\"font-size: 30px; margin-top: 6%; margin-bottom: 3%;\">Geraldo Vandr\u00e9<\/h2>\n<p><a href=\"https:\/\/library.brown.edu\/create\/wecannotremainsilent\/wp-content\/uploads\/sites\/43\/2012\/10\/GerladoVandre3.jpg\"><img loading=\"lazy\" decoding=\"async\" class=\"alignleft  wp-image-631\" title=\"GerladoVandre3\" src=\"https:\/\/library.brown.edu\/create\/wecannotremainsilent\/wp-content\/uploads\/sites\/43\/2012\/10\/GerladoVandre3.jpg\" alt=\"\" width=\"355\" height=\"260\" srcset=\"https:\/\/library.brown.edu\/create\/wecannotremainsilent\/wp-content\/uploads\/sites\/43\/2012\/10\/GerladoVandre3.jpg 2742w, https:\/\/library.brown.edu\/create\/wecannotremainsilent\/wp-content\/uploads\/sites\/43\/2012\/10\/GerladoVandre3-300x219.jpg 300w, https:\/\/library.brown.edu\/create\/wecannotremainsilent\/wp-content\/uploads\/sites\/43\/2012\/10\/GerladoVandre3-768x561.jpg 768w, https:\/\/library.brown.edu\/create\/wecannotremainsilent\/wp-content\/uploads\/sites\/43\/2012\/10\/GerladoVandre3-1024x748.jpg 1024w, https:\/\/library.brown.edu\/create\/wecannotremainsilent\/wp-content\/uploads\/sites\/43\/2012\/10\/GerladoVandre3-410x300.jpg 410w\" sizes=\"auto, (max-width: 355px) 100vw, 355px\" \/><\/a><\/p>\n<p><a href=\"https:\/\/library.brown.edu\/create\/wecannotremainsilent\/wp-content\/uploads\/sites\/43\/2012\/10\/GeraldoVandr\u00e92.jpg\"><img loading=\"lazy\" decoding=\"async\" class=\"wp-image-633 alignleft\" title=\"GeraldoVandr\u00e92\" src=\"https:\/\/library.brown.edu\/create\/wecannotremainsilent\/wp-content\/uploads\/sites\/43\/2012\/10\/GeraldoVandr\u00e92.jpg\" alt=\"\" width=\"803\" height=\"611\" srcset=\"https:\/\/library.brown.edu\/create\/wecannotremainsilent\/wp-content\/uploads\/sites\/43\/2012\/10\/GeraldoVandr\u00e92.jpg 2790w, https:\/\/library.brown.edu\/create\/wecannotremainsilent\/wp-content\/uploads\/sites\/43\/2012\/10\/GeraldoVandr\u00e92-300x228.jpg 300w, https:\/\/library.brown.edu\/create\/wecannotremainsilent\/wp-content\/uploads\/sites\/43\/2012\/10\/GeraldoVandr\u00e92-768x585.jpg 768w, https:\/\/library.brown.edu\/create\/wecannotremainsilent\/wp-content\/uploads\/sites\/43\/2012\/10\/GeraldoVandr\u00e92-1024x780.jpg 1024w, https:\/\/library.brown.edu\/create\/wecannotremainsilent\/wp-content\/uploads\/sites\/43\/2012\/10\/GeraldoVandr\u00e92-394x300.jpg 394w\" sizes=\"auto, (max-width: 803px) 100vw, 803px\" \/><\/a>Geraldo Vandr\u00e9 is a Brazilian musician whose political songs greatly contributed to the resistance movement against the military regime. &#8220;Pra n\u00e3o dizer que n\u00e3o falei das flores&#8221; encapsulated the sentiments of hope, unity, and change in a politically engaged song of opposition that proclaimed:<\/p>\n<p>In the schools and streets<br \/>\nIn the fields or amongst building sites<br \/>\nWe all are like soldiers<br \/>\nHolding guns or not<br \/>\nWalking ahead and singing<br \/>\nFollowing the verses of the melody<br \/>\nWe all are equal<br \/>\nUnited or not<\/p>\n<p><em>(Nas escolas, nas ruas<\/em><br \/>\n<em>Campos, constru\u00e7\u00f5es<\/em><br \/>\n<em>Somos todos soldados<\/em><br \/>\n<em>Armados ou n\u00e3o<\/em><br \/>\n<em>Caminhando e cantando<\/em><br \/>\n<em>E seguindo a can\u00e7\u00e3o<\/em><br \/>\n<em>Somos todos iguais<\/em><br \/>\n<em>Bra\u00e7os dados ou n\u00e3o&#8230;)<\/em><\/p>\n<p><iframe loading=\"lazy\" title=\"Pra n\u00e3o dizer que n\u00e3o falei das flores - Geraldo Vandr\u00e9 (1968)\" width=\"584\" height=\"438\" src=\"https:\/\/www.youtube.com\/embed\/A_2Gtz-zAzM?feature=oembed\" frameborder=\"0\" allow=\"accelerometer; autoplay; clipboard-write; encrypted-media; gyroscope; picture-in-picture; web-share\" referrerpolicy=\"strict-origin-when-cross-origin\" allowfullscreen><\/iframe><\/p>\n<p><a href=\"https:\/\/library.brown.edu\/create\/wecannotremainsilent\/wp-content\/uploads\/sites\/43\/2012\/10\/GeraldoVandr\u00e91.jpg\"><img loading=\"lazy\" decoding=\"async\" class=\"alignleft  wp-image-634\" src=\"https:\/\/library.brown.edu\/create\/wecannotremainsilent\/wp-content\/uploads\/sites\/43\/2012\/10\/GeraldoVandr\u00e91.jpg\" alt=\"\" width=\"1670\" height=\"1104\" srcset=\"https:\/\/library.brown.edu\/create\/wecannotremainsilent\/wp-content\/uploads\/sites\/43\/2012\/10\/GeraldoVandr\u00e91.jpg 2088w, https:\/\/library.brown.edu\/create\/wecannotremainsilent\/wp-content\/uploads\/sites\/43\/2012\/10\/GeraldoVandr\u00e91-300x198.jpg 300w, https:\/\/library.brown.edu\/create\/wecannotremainsilent\/wp-content\/uploads\/sites\/43\/2012\/10\/GeraldoVandr\u00e91-768x508.jpg 768w, https:\/\/library.brown.edu\/create\/wecannotremainsilent\/wp-content\/uploads\/sites\/43\/2012\/10\/GeraldoVandr\u00e91-1024x677.jpg 1024w, https:\/\/library.brown.edu\/create\/wecannotremainsilent\/wp-content\/uploads\/sites\/43\/2012\/10\/GeraldoVandr\u00e91-454x300.jpg 454w\" sizes=\"auto, (max-width: 1670px) 100vw, 1670px\" \/><\/a><\/p>\n","protected":false},"excerpt":{"rendered":"<p>Geraldo Vandr\u00e9 Geraldo Vandr\u00e9 is a Brazilian musician whose political songs greatly contributed to the resistance movement against the military regime. &#8220;Pra n\u00e3o dizer que n\u00e3o falei das flores&#8221; encapsulated the sentiments of hope, unity, and change in a politically &hellip; <a href=\"https:\/\/library.brown.edu\/create\/wecannotremainsilent\/biographies\/brazilian-biographies-geraldo-vandre\/\">Continue reading <span class=\"meta-nav\">&rarr;<\/span><\/a><\/p>\n","protected":false},"author":40,"featured_media":0,"parent":397,"menu_order":0,"comment_status":"closed","ping_status":"closed","template":"showcase.php","meta":{"footnotes":""},"class_list":["post-630","page","type-page","status-publish","hentry"],"_links":{"self":[{"href":"https:\/\/library.brown.edu\/create\/wecannotremainsilent\/wp-json\/wp\/v2\/pages\/630","targetHints":{"allow":["GET"]}}],"collection":[{"href":"https:\/\/library.brown.edu\/create\/wecannotremainsilent\/wp-json\/wp\/v2\/pages"}],"about":[{"href":"https:\/\/library.brown.edu\/create\/wecannotremainsilent\/wp-json\/wp\/v2\/types\/page"}],"author":[{"embeddable":true,"href":"https:\/\/library.brown.edu\/create\/wecannotremainsilent\/wp-json\/wp\/v2\/users\/40"}],"replies":[{"embeddable":true,"href":"https:\/\/library.brown.edu\/create\/wecannotremainsilent\/wp-json\/wp\/v2\/comments?post=630"}],"version-history":[{"count":4,"href":"https:\/\/library.brown.edu\/create\/wecannotremainsilent\/wp-json\/wp\/v2\/pages\/630\/revisions"}],"predecessor-version":[{"id":2572,"href":"https:\/\/library.brown.edu\/create\/wecannotremainsilent\/wp-json\/wp\/v2\/pages\/630\/revisions\/2572"}],"up":[{"embeddable":true,"href":"https:\/\/library.brown.edu\/create\/wecannotremainsilent\/wp-json\/wp\/v2\/pages\/397"}],"wp:attachment":[{"href":"https:\/\/library.brown.edu\/create\/wecannotremainsilent\/wp-json\/wp\/v2\/media?parent=630"}],"curies":[{"name":"wp","href":"https:\/\/api.w.org\/{rel}","templated":true}]}}